{"id":5009,"date":"2025-10-15T11:59:33","date_gmt":"2025-10-15T09:59:33","guid":{"rendered":"https:\/\/www.smartswiss-systems.com\/produkt\/camera-tactique-mohoc-2-video-sdi-tan\/"},"modified":"2025-12-03T13:28:19","modified_gmt":"2025-12-03T12:28:19","slug":"camera-tactique-mohoc-2-video-sdi-tan","status":"publish","type":"product","link":"https:\/\/www.smartswiss-systems.com\/fr\/produkt\/camera-tactique-mohoc-2-video-sdi-tan\/","title":{"rendered":"Cam\u00e9ra tactique MOHOC\u00ae 2 \u2013 Vid\u00e9o SDI \u2013 TAN"},"content":{"rendered":"<p><strong>Cam\u00e9ra tactique MOHOC 2 \u2013 Vid\u00e9o SDI \u2013 TAN <\/strong><\/p>\n<p>La cam\u00e9ra tactique MOHOC 2 \u2013 Vid\u00e9o SDI est une cam\u00e9ra de casque professionnelle haute r\u00e9solution pour les op\u00e9rations tactiques avec sortie vid\u00e9o SDI directe. Ce mod\u00e8le a \u00e9t\u00e9 con\u00e7u pour la transmission en temps r\u00e9el et permet une transmission vid\u00e9o de haute qualit\u00e9 sans d\u00e9lai directement vers les moniteurs, les enregistreurs ou les syst\u00e8mes radio. <\/p>\n<p>Le bo\u00eetier robuste et plat est id\u00e9al pour les op\u00e9rations militaires et gouvernementales et est disponible en trois couleurs de camouflage (noir, TAN, vert) pour s&rsquo;int\u00e9grer parfaitement dans diff\u00e9rents environnements op\u00e9rationnels. La cam\u00e9ra est certifi\u00e9e IP68, \u00e9tanche jusqu&rsquo;\u00e0 10 m\u00e8tres et r\u00e9sistante aux chocs jusqu&rsquo;\u00e0 une hauteur de chute de 2 m\u00e8tres. <\/p>\n<p>La commande s&rsquo;effectue intuitivement via un seul bouton \u00e9quip\u00e9 d&rsquo;un retour de vibration, utilisable m\u00eame dans des conditions difficiles et avec des gants. La MOHOC 2 offre des enregistrements vid\u00e9o Full HD en 1080p \u00e0 60 fps et des photos de 12 m\u00e9gapixels. Gr\u00e2ce \u00e0 la sortie SDI, les flux en direct sont possibles avec la plus haute qualit\u00e9 sans perte de compression \u2013 un avantage certain lors des transmissions tactiques.  <\/p>\n<p>&nbsp;<\/p>\n","protected":false},"excerpt":{"rendered":"<p>Cam\u00e9ra tactique MOHOC 2 \u2013 Vid\u00e9o SDI \u2013 TAN La cam\u00e9ra tactique MOHOC 2 \u2013 Vid\u00e9o SDI est une cam\u00e9ra de casque professionnelle haute r\u00e9solution pour les op\u00e9rations tactiques avec sortie vid\u00e9o SDI directe. Ce mod\u00e8le a \u00e9t\u00e9 con\u00e7u pour la transmission en temps r\u00e9el et permet une transmission vid\u00e9o de haute qualit\u00e9 sans d\u00e9lai [&hellip;]<\/p>\n","protected":false},"featured_media":5011,"comment_status":"closed","ping_status":"closed","template":"","meta":[],"product_brand":[],"product_cat":[518,520,521],"product_tag":[],"display-location":[],"class_list":{"0":"post-5009","1":"product","2":"type-product","3":"status-publish","4":"has-post-thumbnail","6":"product_cat-cameras-tactiques-2","7":"product_cat-mohoc-2","8":"product_cat-mohoc-2-2","10":"first","11":"instock","12":"taxable","13":"shipping-taxable","14":"product-type-simple"},"tiered_pricing_type":"fixed","tiered_pricing_fixed_rules":[],"tiered_pricing_product_settings":{"layout":"default","base_unit_name":{"singular":null,"plural":null},"default_variation":null},"tiered_pricing_minimum_quantity":null,"tiered_pricing_roles_data":[],"tiered_pricing_percentage_rules":[],"_links":{"self":[{"href":"https:\/\/www.smartswiss-systems.com\/fr\/wp-json\/wp\/v2\/product\/5009","targetHints":{"allow":["GET"]}}],"collection":[{"href":"https:\/\/www.smartswiss-systems.com\/fr\/wp-json\/wp\/v2\/product"}],"about":[{"href":"https:\/\/www.smartswiss-systems.com\/fr\/wp-json\/wp\/v2\/types\/product"}],"replies":[{"embeddable":true,"href":"https:\/\/www.smartswiss-systems.com\/fr\/wp-json\/wp\/v2\/comments?post=5009"}],"wp:featuredmedia":[{"embeddable":true,"href":"https:\/\/www.smartswiss-systems.com\/fr\/wp-json\/wp\/v2\/media\/5011"}],"wp:attachment":[{"href":"https:\/\/www.smartswiss-systems.com\/fr\/wp-json\/wp\/v2\/media?parent=5009"}],"wp:term":[{"taxonomy":"product_brand","embeddable":true,"href":"https:\/\/www.smartswiss-systems.com\/fr\/wp-json\/wp\/v2\/product_brand?post=5009"},{"taxonomy":"product_cat","embeddable":true,"href":"https:\/\/www.smartswiss-systems.com\/fr\/wp-json\/wp\/v2\/product_cat?post=5009"},{"taxonomy":"product_tag","embeddable":true,"href":"https:\/\/www.smartswiss-systems.com\/fr\/wp-json\/wp\/v2\/product_tag?post=5009"},{"taxonomy":"display-location","embeddable":true,"href":"https:\/\/www.smartswiss-systems.com\/fr\/wp-json\/wp\/v2\/display-location?post=5009"}],"curies":[{"name":"wp","href":"https:\/\/api.w.org\/{rel}","templated":true}]}}