{"id":4984,"date":"2025-10-15T12:14:35","date_gmt":"2025-10-15T10:14:35","guid":{"rendered":"https:\/\/www.smartswiss-systems.com\/produkt\/camera-tactique-mohoc-2-video-ip-verte\/"},"modified":"2025-12-03T13:27:49","modified_gmt":"2025-12-03T12:27:49","slug":"camera-tactique-mohoc-2-video-ip-verte","status":"publish","type":"product","link":"https:\/\/www.smartswiss-systems.com\/fr\/produkt\/camera-tactique-mohoc-2-video-ip-verte\/","title":{"rendered":"Cam\u00e9ra tactique MOHOC\u00ae 2 \u2013 Vid\u00e9o IP \u2013 verte"},"content":{"rendered":"<p><strong>Cam\u00e9ra tactique MOHOC 2 \u2013 Vid\u00e9o IP \u2013 Verte<\/strong><\/p>\n<p>La cam\u00e9ra tactique MOHOC 2 \u2013 Vid\u00e9o IP est une cam\u00e9ra de casque ultramoderne pour les op\u00e9rations professionnelles, qui permet une transmission vid\u00e9o sans fil, s\u00e9curis\u00e9e et bas\u00e9e sur IP en temps r\u00e9el. Id\u00e9ale pour les applications militaires, polici\u00e8res et de s\u00e9curit\u00e9 o\u00f9 des flux vid\u00e9o en direct sont n\u00e9cessaires de mani\u00e8re flexible et de haute qualit\u00e9. <\/p>\n<p>Le bo\u00eetier robuste est certifi\u00e9 IP68, r\u00e9siste \u00e0 la poussi\u00e8re, \u00e0 l\u2019eau et aux chutes jusqu\u2019\u00e0 2 m\u00e8tres et est disponible en trois couleurs de camouflage pour s\u2019int\u00e9grer de mani\u00e8re optimale dans diff\u00e9rents environnements d\u2019utilisation. La cam\u00e9ra fournit des enregistrements vid\u00e9o Full HD jusqu\u2019\u00e0 60 images par seconde et prend simultan\u00e9ment des photos de 12 m\u00e9gapixels. <\/p>\n<p>Gr\u00e2ce \u00e0 l\u2019interface IP int\u00e9gr\u00e9e, les vid\u00e9os peuvent \u00eatre transmises sans fil via WLAN ou dans des r\u00e9seaux s\u00e9curis\u00e9s. La commande s\u2019effectue via un seul bouton vibrant, qui est facile \u00e0 utiliser m\u00eame avec des gants. L\u2019alimentation \u00e9lectrique est assur\u00e9e au choix par un accumulateur Li-Ion rechargeable ou deux piles CR123A, ce qui permet de longues dur\u00e9es d\u2019utilisation.  <\/p>\n","protected":false},"excerpt":{"rendered":"<p>Cam\u00e9ra tactique MOHOC 2 \u2013 Vid\u00e9o IP \u2013 Verte La cam\u00e9ra tactique MOHOC 2 \u2013 Vid\u00e9o IP est une cam\u00e9ra de casque ultramoderne pour les op\u00e9rations professionnelles, qui permet une transmission vid\u00e9o sans fil, s\u00e9curis\u00e9e et bas\u00e9e sur IP en temps r\u00e9el. Id\u00e9ale pour les applications militaires, polici\u00e8res et de s\u00e9curit\u00e9 o\u00f9 des flux vid\u00e9o [&hellip;]<\/p>\n","protected":false},"featured_media":5870,"comment_status":"closed","ping_status":"closed","template":"","meta":[],"product_brand":[],"product_cat":[518,520,521],"product_tag":[],"display-location":[],"class_list":{"0":"post-4984","1":"product","2":"type-product","3":"status-publish","4":"has-post-thumbnail","6":"product_cat-cameras-tactiques-2","7":"product_cat-mohoc-2","8":"product_cat-mohoc-2-2","10":"first","11":"instock","12":"taxable","13":"shipping-taxable","14":"product-type-simple"},"tiered_pricing_type":"fixed","tiered_pricing_fixed_rules":[],"tiered_pricing_product_settings":{"layout":"default","base_unit_name":{"singular":null,"plural":null},"default_variation":null},"tiered_pricing_minimum_quantity":null,"tiered_pricing_roles_data":[],"tiered_pricing_percentage_rules":[],"_links":{"self":[{"href":"https:\/\/www.smartswiss-systems.com\/fr\/wp-json\/wp\/v2\/product\/4984","targetHints":{"allow":["GET"]}}],"collection":[{"href":"https:\/\/www.smartswiss-systems.com\/fr\/wp-json\/wp\/v2\/product"}],"about":[{"href":"https:\/\/www.smartswiss-systems.com\/fr\/wp-json\/wp\/v2\/types\/product"}],"replies":[{"embeddable":true,"href":"https:\/\/www.smartswiss-systems.com\/fr\/wp-json\/wp\/v2\/comments?post=4984"}],"wp:featuredmedia":[{"embeddable":true,"href":"https:\/\/www.smartswiss-systems.com\/fr\/wp-json\/wp\/v2\/media\/5870"}],"wp:attachment":[{"href":"https:\/\/www.smartswiss-systems.com\/fr\/wp-json\/wp\/v2\/media?parent=4984"}],"wp:term":[{"taxonomy":"product_brand","embeddable":true,"href":"https:\/\/www.smartswiss-systems.com\/fr\/wp-json\/wp\/v2\/product_brand?post=4984"},{"taxonomy":"product_cat","embeddable":true,"href":"https:\/\/www.smartswiss-systems.com\/fr\/wp-json\/wp\/v2\/product_cat?post=4984"},{"taxonomy":"product_tag","embeddable":true,"href":"https:\/\/www.smartswiss-systems.com\/fr\/wp-json\/wp\/v2\/product_tag?post=4984"},{"taxonomy":"display-location","embeddable":true,"href":"https:\/\/www.smartswiss-systems.com\/fr\/wp-json\/wp\/v2\/display-location?post=4984"}],"curies":[{"name":"wp","href":"https:\/\/api.w.org\/{rel}","templated":true}]}}