{"id":4975,"date":"2025-10-06T15:20:44","date_gmt":"2025-10-06T13:20:44","guid":{"rendered":"https:\/\/www.smartswiss-systems.com\/produkt\/kit-oreillette-a-conduction-laryngale-forme-en-d-caoutchoutee-peltor-02\/"},"modified":"2025-12-03T13:39:53","modified_gmt":"2025-12-03T12:39:53","slug":"kit-oreillette-a-conduction-laryngale-forme-en-d-caoutchoutee-peltor-02","status":"publish","type":"product","link":"https:\/\/www.smartswiss-systems.com\/fr\/produkt\/kit-oreillette-a-conduction-laryngale-forme-en-d-caoutchoutee-peltor-02\/","title":{"rendered":"Kit oreillette \u00e0 conduction laryngale \u2013 Forme en D caoutchout\u00e9e \u2013 Peltor (02)"},"content":{"rendered":"<p><strong>Kit oreillette \u00e0 gorge \u2013 \u00c9couteur en forme de D avec une conception caoutchout\u00e9e particuli\u00e8rement fine<\/strong><\/p>\n<p>Ce kit oreillette \u00e0 gorge avec \u00e9couteur caoutchout\u00e9 en forme de D a \u00e9t\u00e9 initialement d\u00e9velopp\u00e9 par TITAN pour des applications militaires et est aujourd&rsquo;hui \u00e9galement utilis\u00e9 par la police, les pompiers et d&rsquo;autres organisations li\u00e9es \u00e0 la s\u00e9curit\u00e9. La forme en D particuli\u00e8rement fine et caoutchout\u00e9e de l&rsquo;\u00e9couteur assure un maintien s\u00fbr et confortable, m\u00eame sous des casques ou d&rsquo;autres \u00e9quipements de protection. L&rsquo;\u00e9couteur a \u00e9t\u00e9 con\u00e7u pour un port prolong\u00e9 et un confort maximal, m\u00eame lors d&rsquo;interventions intensives.  <\/p>\n<p>\u00c9quip\u00e9 d&rsquo;un nouveau haut-parleur puissant, l&rsquo;\u00e9couteur offre une reproduction claire et sans distorsion, m\u00eame dans un environnement bruyant. Le haut-parleur est positionnable de mani\u00e8re flexible et peut \u00eatre tourn\u00e9 vers le haut ou vers le bas pour une adaptation optimale au mode de port respectif. <\/p>\n<p>Gr\u00e2ce au composant d&rsquo;\u00e9couteur caoutchout\u00e9, le kit oreillette est id\u00e9al pour une utilisation professionnelle dans un environnement li\u00e9 \u00e0 la s\u00e9curit\u00e9. Il est l\u00e9ger, fonctionnel et fiable, pour une utilisation quotidienne dans des conditions d&rsquo;intervention tr\u00e8s diverses. <\/p>\n<p>Le kit oreillette \u00e0 gorge est \u00e9quip\u00e9 d&rsquo;une prise Nexus et peut \u00eatre directement connect\u00e9 \u00e0 des monophones ou \u00e0 d&rsquo;autres unit\u00e9s de communication. Le kit oreillette \u00e0 gorge est disponible avec deux affectations courantes sur la prise Nexus&nbsp;: Savox (01) et Peltor (02). D&rsquo;autres affectations sont possibles sur demande.  <\/p>\n<p>Une solution fiable pour une utilisation professionnelle, m\u00eame dans des conditions exigeantes.<\/p>\n","protected":false},"excerpt":{"rendered":"<p>Kit oreillette \u00e0 gorge \u2013 \u00c9couteur en forme de D avec une conception caoutchout\u00e9e particuli\u00e8rement fine Ce kit oreillette \u00e0 gorge avec \u00e9couteur caoutchout\u00e9 en forme de D a \u00e9t\u00e9 initialement d\u00e9velopp\u00e9 par TITAN pour des applications militaires et est aujourd&rsquo;hui \u00e9galement utilis\u00e9 par la police, les pompiers et d&rsquo;autres organisations li\u00e9es \u00e0 la s\u00e9curit\u00e9. [&hellip;]<\/p>\n","protected":false},"featured_media":4031,"comment_status":"closed","ping_status":"closed","template":"","meta":[],"product_brand":[],"product_cat":[212,377,463],"product_tag":[],"display-location":[158],"class_list":{"0":"post-4975","1":"product","2":"type-product","3":"status-publish","4":"has-post-thumbnail","6":"product_cat-accessoires-radio","7":"product_cat-casques","8":"product_cat-kits-oreillettes-a-conduction-laryngale","9":"display-location-top-products","11":"first","12":"instock","13":"taxable","14":"shipping-taxable","15":"purchasable","16":"product-type-simple"},"tiered_pricing_type":"fixed","tiered_pricing_fixed_rules":[],"tiered_pricing_product_settings":{"layout":"default","base_unit_name":{"singular":null,"plural":null},"default_variation":null},"tiered_pricing_minimum_quantity":null,"tiered_pricing_roles_data":[],"tiered_pricing_percentage_rules":[],"_links":{"self":[{"href":"https:\/\/www.smartswiss-systems.com\/fr\/wp-json\/wp\/v2\/product\/4975","targetHints":{"allow":["GET"]}}],"collection":[{"href":"https:\/\/www.smartswiss-systems.com\/fr\/wp-json\/wp\/v2\/product"}],"about":[{"href":"https:\/\/www.smartswiss-systems.com\/fr\/wp-json\/wp\/v2\/types\/product"}],"replies":[{"embeddable":true,"href":"https:\/\/www.smartswiss-systems.com\/fr\/wp-json\/wp\/v2\/comments?post=4975"}],"wp:featuredmedia":[{"embeddable":true,"href":"https:\/\/www.smartswiss-systems.com\/fr\/wp-json\/wp\/v2\/media\/4031"}],"wp:attachment":[{"href":"https:\/\/www.smartswiss-systems.com\/fr\/wp-json\/wp\/v2\/media?parent=4975"}],"wp:term":[{"taxonomy":"product_brand","embeddable":true,"href":"https:\/\/www.smartswiss-systems.com\/fr\/wp-json\/wp\/v2\/product_brand?post=4975"},{"taxonomy":"product_cat","embeddable":true,"href":"https:\/\/www.smartswiss-systems.com\/fr\/wp-json\/wp\/v2\/product_cat?post=4975"},{"taxonomy":"product_tag","embeddable":true,"href":"https:\/\/www.smartswiss-systems.com\/fr\/wp-json\/wp\/v2\/product_tag?post=4975"},{"taxonomy":"display-location","embeddable":true,"href":"https:\/\/www.smartswiss-systems.com\/fr\/wp-json\/wp\/v2\/display-location?post=4975"}],"curies":[{"name":"wp","href":"https:\/\/api.w.org\/{rel}","templated":true}]}}