{"id":4954,"date":"2025-10-06T18:59:15","date_gmt":"2025-10-06T16:59:15","guid":{"rendered":"https:\/\/www.smartswiss-systems.com\/produkt\/batterie-radio-pour-tait-serie-tp9300-li-ion-1950mah\/"},"modified":"2025-12-03T13:30:42","modified_gmt":"2025-12-03T12:30:42","slug":"batterie-radio-pour-tait-serie-tp9300-li-ion-1950mah","status":"publish","type":"product","link":"https:\/\/www.smartswiss-systems.com\/fr\/produkt\/batterie-radio-pour-tait-serie-tp9300-li-ion-1950mah\/","title":{"rendered":"Batterie radio pour TAIT \u2013 S\u00e9rie TP9300 \u2013 Li-Ion \u2013 1950mAh"},"content":{"rendered":"<p><strong>Batteries radio pour les exigences les plus \u00e9lev\u00e9es \u2013 Alternatives originales et de haute qualit\u00e9<\/strong><\/p>\n<p>Nous proposons un large assortiment de batteries radio pour les appareils professionnels d&rsquo;Airbus (TPH700 et TPH900), Motorola, Kenwood et Tait. Outre les batteries d&rsquo;origine, nous proposons un grand choix de batteries radio de haute qualit\u00e9 provenant de fabricants secondaires fiables, avec un rapport qualit\u00e9-prix particuli\u00e8rement int\u00e9ressant. Notre offre est en constante expansion et comprend de plus en plus de batteries compatibles pour d&rsquo;autres fabricants.  <\/p>\n<p>Pour les radios Motorola, nous proposons sp\u00e9cifiquement des batteries compatibles IMPRES de fabricants secondaires. Celles-ci sont nettement moins ch\u00e8res que les originales et r\u00e9pondent de mani\u00e8re fiable aux exigences d&rsquo;une utilisation professionnelle \u2013 un r\u00e9el avantage pour les organisations o\u00f9 la s\u00e9curit\u00e9, la disponibilit\u00e9 et la rentabilit\u00e9 sont primordiales. <\/p>\n<p>Notre gamme comprend, outre les batteries lithium-ion, des mod\u00e8les avec d&rsquo;autres compositions chimiques de cellules, ce qui nous permet de proposer la solution adapt\u00e9e aux conditions d&rsquo;utilisation les plus diverses. Les autorit\u00e9s et organisations charg\u00e9es de la s\u00e9curit\u00e9 \u2013 telles que la police, les pompiers, les services de secours et l&rsquo;arm\u00e9e \u2013 font confiance \u00e0 nos produits lorsqu&rsquo;il s&rsquo;agit d&rsquo;\u00e9nergie fiable en intervention. <\/p>\n","protected":false},"excerpt":{"rendered":"<p>Batteries radio pour les exigences les plus \u00e9lev\u00e9es \u2013 Alternatives originales et de haute qualit\u00e9 Nous proposons un large assortiment de batteries radio pour les appareils professionnels d&rsquo;Airbus (TPH700 et TPH900), Motorola, Kenwood et Tait. Outre les batteries d&rsquo;origine, nous proposons un grand choix de batteries radio de haute qualit\u00e9 provenant de fabricants secondaires fiables, [&hellip;]<\/p>\n","protected":false},"featured_media":4031,"comment_status":"closed","ping_status":"closed","template":"","meta":[],"product_brand":[],"product_cat":[212,479,487],"product_tag":[],"display-location":[],"class_list":{"0":"post-4954","1":"product","2":"type-product","3":"status-publish","4":"has-post-thumbnail","6":"product_cat-accessoires-radio","7":"product_cat-batteries-radio","8":"product_cat-tait","10":"first","11":"instock","12":"taxable","13":"shipping-taxable","14":"purchasable","15":"product-type-simple"},"tiered_pricing_type":"fixed","tiered_pricing_fixed_rules":[],"tiered_pricing_product_settings":{"layout":"default","base_unit_name":{"singular":null,"plural":null},"default_variation":null},"tiered_pricing_minimum_quantity":null,"tiered_pricing_roles_data":[],"tiered_pricing_percentage_rules":[],"_links":{"self":[{"href":"https:\/\/www.smartswiss-systems.com\/fr\/wp-json\/wp\/v2\/product\/4954","targetHints":{"allow":["GET"]}}],"collection":[{"href":"https:\/\/www.smartswiss-systems.com\/fr\/wp-json\/wp\/v2\/product"}],"about":[{"href":"https:\/\/www.smartswiss-systems.com\/fr\/wp-json\/wp\/v2\/types\/product"}],"replies":[{"embeddable":true,"href":"https:\/\/www.smartswiss-systems.com\/fr\/wp-json\/wp\/v2\/comments?post=4954"}],"wp:featuredmedia":[{"embeddable":true,"href":"https:\/\/www.smartswiss-systems.com\/fr\/wp-json\/wp\/v2\/media\/4031"}],"wp:attachment":[{"href":"https:\/\/www.smartswiss-systems.com\/fr\/wp-json\/wp\/v2\/media?parent=4954"}],"wp:term":[{"taxonomy":"product_brand","embeddable":true,"href":"https:\/\/www.smartswiss-systems.com\/fr\/wp-json\/wp\/v2\/product_brand?post=4954"},{"taxonomy":"product_cat","embeddable":true,"href":"https:\/\/www.smartswiss-systems.com\/fr\/wp-json\/wp\/v2\/product_cat?post=4954"},{"taxonomy":"product_tag","embeddable":true,"href":"https:\/\/www.smartswiss-systems.com\/fr\/wp-json\/wp\/v2\/product_tag?post=4954"},{"taxonomy":"display-location","embeddable":true,"href":"https:\/\/www.smartswiss-systems.com\/fr\/wp-json\/wp\/v2\/display-location?post=4954"}],"curies":[{"name":"wp","href":"https:\/\/api.w.org\/{rel}","templated":true}]}}