{"id":4917,"date":"2025-09-16T11:03:34","date_gmt":"2025-09-16T09:03:34","guid":{"rendered":"https:\/\/www.smartswiss-systems.com\/produkt\/ecouteurs-flexi-droit-90cm-3-5mm-2-poles-clip\/"},"modified":"2025-12-03T13:43:20","modified_gmt":"2025-12-03T12:43:20","slug":"ecouteurs-flexi-droit-90cm-3-5mm-2-poles-clip","status":"publish","type":"product","link":"https:\/\/www.smartswiss-systems.com\/fr\/produkt\/ecouteurs-flexi-droit-90cm-3-5mm-2-poles-clip\/","title":{"rendered":"\u00c9couteurs Flexi \u2013 Droit 90cm \u2013 3.5mm 2 p\u00f4les \u2013 Clip"},"content":{"rendered":"<p><strong>\u00c9couteurs Flexi pour la police et les autorit\u00e9s \u2013 Adaptables de mani\u00e8re flexible pour un confort optimal<\/strong><\/p>\n<p>Nos \u00e9couteurs Flexi sont parfaitement adapt\u00e9s \u00e0 un usage professionnel par la police, les services de s\u00e9curit\u00e9 et les autorit\u00e9s. Ils offrent non seulement une qualit\u00e9 audio fiable, mais aussi un ajustement personnalisable \u2013 id\u00e9al pour une utilisation quotidienne dans des situations exigeantes. <\/p>\n<p>L&rsquo;arceau d&rsquo;oreille flexible peut \u00eatre positionn\u00e9 de mani\u00e8re \u00e0 ce que l&rsquo;\u00e9couteur puisse \u00eatre port\u00e9 aussi bien sur l&rsquo;oreille gauche que sur l&rsquo;oreille droite. Selon les besoins, l&rsquo;arceau peut \u00eatre orient\u00e9 vers le haut ou vers le bas \u2013 pour un maintien et un confort optimaux, m\u00eame lors d&rsquo;interventions prolong\u00e9es. <\/p>\n<p>L&rsquo;\u00e9couteur Flexi est disponible au choix avec un c\u00e2ble spiral\u00e9 de 30 cm ou 60 cm, ainsi qu&rsquo;avec un c\u00e2ble droit de 90 cm, qui est en outre \u00e9quip\u00e9 d&rsquo;un clip.<\/p>\n<p>Les \u00e9couteurs sont \u00e9quip\u00e9s en standard d&rsquo;une fiche jack de 3,5 mm. En r\u00e8gle g\u00e9n\u00e9rale, un connecteur \u00e0 2 p\u00f4les est utilis\u00e9, mais certaines unit\u00e9s de commande n\u00e9cessitent un connecteur \u00e0 3 p\u00f4les \u2013 veuillez en tenir compte lors du choix du mod\u00e8le appropri\u00e9. <\/p>\n<p><strong>Pour une communication claire et un maintien s\u00fbr \u2013 flexible d&rsquo;utilisation au quotidien.<\/strong><\/p>\n","protected":false},"excerpt":{"rendered":"<p>\u00c9couteurs Flexi pour la police et les autorit\u00e9s \u2013 Adaptables de mani\u00e8re flexible pour un confort optimal Nos \u00e9couteurs Flexi sont parfaitement adapt\u00e9s \u00e0 un usage professionnel par la police, les services de s\u00e9curit\u00e9 et les autorit\u00e9s. Ils offrent non seulement une qualit\u00e9 audio fiable, mais aussi un ajustement personnalisable \u2013 id\u00e9al pour une utilisation [&hellip;]<\/p>\n","protected":false},"featured_media":4253,"comment_status":"closed","ping_status":"closed","template":"","meta":[],"product_brand":[],"product_cat":[212,251,290],"product_tag":[],"display-location":[],"class_list":{"0":"post-4917","1":"product","2":"type-product","3":"status-publish","4":"has-post-thumbnail","6":"product_cat-accessoires-radio","7":"product_cat-ecouteurs","8":"product_cat-flexi","10":"first","11":"instock","12":"taxable","13":"shipping-taxable","14":"purchasable","15":"product-type-simple"},"tiered_pricing_type":"fixed","tiered_pricing_fixed_rules":{"10":18.05,"30":16.63,"50":14.25},"tiered_pricing_product_settings":{"layout":"default","base_unit_name":{"singular":null,"plural":null},"default_variation":null},"tiered_pricing_minimum_quantity":null,"tiered_pricing_roles_data":[],"tiered_pricing_percentage_rules":[],"_links":{"self":[{"href":"https:\/\/www.smartswiss-systems.com\/fr\/wp-json\/wp\/v2\/product\/4917","targetHints":{"allow":["GET"]}}],"collection":[{"href":"https:\/\/www.smartswiss-systems.com\/fr\/wp-json\/wp\/v2\/product"}],"about":[{"href":"https:\/\/www.smartswiss-systems.com\/fr\/wp-json\/wp\/v2\/types\/product"}],"replies":[{"embeddable":true,"href":"https:\/\/www.smartswiss-systems.com\/fr\/wp-json\/wp\/v2\/comments?post=4917"}],"wp:featuredmedia":[{"embeddable":true,"href":"https:\/\/www.smartswiss-systems.com\/fr\/wp-json\/wp\/v2\/media\/4253"}],"wp:attachment":[{"href":"https:\/\/www.smartswiss-systems.com\/fr\/wp-json\/wp\/v2\/media?parent=4917"}],"wp:term":[{"taxonomy":"product_brand","embeddable":true,"href":"https:\/\/www.smartswiss-systems.com\/fr\/wp-json\/wp\/v2\/product_brand?post=4917"},{"taxonomy":"product_cat","embeddable":true,"href":"https:\/\/www.smartswiss-systems.com\/fr\/wp-json\/wp\/v2\/product_cat?post=4917"},{"taxonomy":"product_tag","embeddable":true,"href":"https:\/\/www.smartswiss-systems.com\/fr\/wp-json\/wp\/v2\/product_tag?post=4917"},{"taxonomy":"display-location","embeddable":true,"href":"https:\/\/www.smartswiss-systems.com\/fr\/wp-json\/wp\/v2\/display-location?post=4917"}],"curies":[{"name":"wp","href":"https:\/\/api.w.org\/{rel}","templated":true}]}}