{"id":4888,"date":"2025-09-26T13:13:29","date_gmt":"2025-09-26T11:13:29","guid":{"rendered":"https:\/\/www.smartswiss-systems.com\/produkt\/grosse-touche-ptt-ptt20-tph900-peltor-02-noir\/"},"modified":"2025-12-03T13:43:07","modified_gmt":"2025-12-03T12:43:07","slug":"grosse-touche-ptt-ptt20-tph900-peltor-02-noir","status":"publish","type":"product","link":"https:\/\/www.smartswiss-systems.com\/fr\/produkt\/grosse-touche-ptt-ptt20-tph900-peltor-02-noir\/","title":{"rendered":"Grosse touche PTT PTT20 \u2013 TPH900 \u2013 Peltor (02) \u2013 noir"},"content":{"rendered":"<p data-start=\"189\" data-end=\"263\"><strong data-start=\"189\" data-end=\"263\">Gros bouton PTT pour TPH900 \u2013 Utilisation s\u00fbre dans des conditions extr\u00eames<\/strong><\/p>\n<p data-start=\"265\" data-end=\"512\">Ce bouton PTT extra large a \u00e9t\u00e9 d\u00e9velopp\u00e9 pour les interventions o\u00f9 une utilisation simple avec des gants ou la paume de la main est n\u00e9cessaire \u2013 par exemple, lors du port de combinaisons de protection ou lors d&rsquo;interventions par les forces de police et d&rsquo;intervention.<\/p>\n<p data-start=\"514\" data-end=\"757\">Les casques sont connect\u00e9s via une prise Nexus \u00e0 4 p\u00f4les sur la partie inf\u00e9rieure du gros PTT. Le bouton est disponible en deux versions&nbsp;: avec affectation Savox (01) et PTT avant rouge ou avec affectation Peltor (02) et PTT avant noir. <\/p>\n<p data-start=\"759\" data-end=\"886\">Le bouton est directement connect\u00e9 \u00e0 la radio portable Polycom TPH900 \u2013 via un c\u00e2ble spiral\u00e9 robuste avec connecteur radio TPH900.<\/p>\n<p data-start=\"888\" data-end=\"1123\">Gr\u00e2ce \u00e0 la grande surface de pression r\u00e9sistante, une utilisation s\u00fbre est garantie m\u00eame dans des conditions difficiles. La construction robuste rend ce bouton id\u00e9al pour une utilisation professionnelle dans un environnement sensible \u00e0 la s\u00e9curit\u00e9. <\/p>\n","protected":false},"excerpt":{"rendered":"<p>Gros bouton PTT pour TPH900 \u2013 Utilisation s\u00fbre dans des conditions extr\u00eames Ce bouton PTT extra large a \u00e9t\u00e9 d\u00e9velopp\u00e9 pour les interventions o\u00f9 une utilisation simple avec des gants ou la paume de la main est n\u00e9cessaire \u2013 par exemple, lors du port de combinaisons de protection ou lors d&rsquo;interventions par les forces de [&hellip;]<\/p>\n","protected":false},"featured_media":5954,"comment_status":"closed","ping_status":"closed","template":"","meta":[],"product_brand":[],"product_cat":[212,403,445,214,209,210],"product_tag":[],"display-location":[],"class_list":{"0":"post-4888","1":"product","2":"type-product","3":"status-publish","4":"has-post-thumbnail","6":"product_cat-accessoires-radio","7":"product_cat-gros-boutons-ptt","9":"product_cat-monophones-2","10":"product_cat-polycom","11":"product_cat-tph900","13":"first","14":"instock","15":"taxable","16":"shipping-taxable","17":"purchasable","18":"product-type-simple"},"tiered_pricing_type":"fixed","tiered_pricing_fixed_rules":[],"tiered_pricing_product_settings":{"layout":"default","base_unit_name":{"singular":null,"plural":null},"default_variation":null},"tiered_pricing_minimum_quantity":null,"tiered_pricing_roles_data":[],"tiered_pricing_percentage_rules":[],"_links":{"self":[{"href":"https:\/\/www.smartswiss-systems.com\/fr\/wp-json\/wp\/v2\/product\/4888","targetHints":{"allow":["GET"]}}],"collection":[{"href":"https:\/\/www.smartswiss-systems.com\/fr\/wp-json\/wp\/v2\/product"}],"about":[{"href":"https:\/\/www.smartswiss-systems.com\/fr\/wp-json\/wp\/v2\/types\/product"}],"replies":[{"embeddable":true,"href":"https:\/\/www.smartswiss-systems.com\/fr\/wp-json\/wp\/v2\/comments?post=4888"}],"wp:featuredmedia":[{"embeddable":true,"href":"https:\/\/www.smartswiss-systems.com\/fr\/wp-json\/wp\/v2\/media\/5954"}],"wp:attachment":[{"href":"https:\/\/www.smartswiss-systems.com\/fr\/wp-json\/wp\/v2\/media?parent=4888"}],"wp:term":[{"taxonomy":"product_brand","embeddable":true,"href":"https:\/\/www.smartswiss-systems.com\/fr\/wp-json\/wp\/v2\/product_brand?post=4888"},{"taxonomy":"product_cat","embeddable":true,"href":"https:\/\/www.smartswiss-systems.com\/fr\/wp-json\/wp\/v2\/product_cat?post=4888"},{"taxonomy":"product_tag","embeddable":true,"href":"https:\/\/www.smartswiss-systems.com\/fr\/wp-json\/wp\/v2\/product_tag?post=4888"},{"taxonomy":"display-location","embeddable":true,"href":"https:\/\/www.smartswiss-systems.com\/fr\/wp-json\/wp\/v2\/display-location?post=4888"}],"curies":[{"name":"wp","href":"https:\/\/api.w.org\/{rel}","templated":true}]}}