{"id":4875,"date":"2025-10-05T16:44:00","date_gmt":"2025-10-05T14:44:00","guid":{"rendered":"https:\/\/www.smartswiss-systems.com\/produkt\/casque-titan-heavy-duty-serre-tete\/"},"modified":"2025-12-03T13:44:35","modified_gmt":"2025-12-03T12:44:35","slug":"casque-titan-heavy-duty-serre-tete","status":"publish","type":"product","link":"https:\/\/www.smartswiss-systems.com\/fr\/produkt\/casque-titan-heavy-duty-serre-tete\/","title":{"rendered":"Casque TITAN Heavy Duty \u2013 Serre-t\u00eate"},"content":{"rendered":"<p><strong>Casque Titan Heavy Duty \u2013 Casque professionnel robuste pour environnements extr\u00eames<\/strong><\/p>\n<p>Le casque Titan Heavy Duty avec serre-t\u00eate est la solution de communication id\u00e9ale pour une utilisation dans des environnements de travail bruyants, par exemple sur les chantiers de construction, dans l\u2019industrie, dans le secteur de l\u2019aviation ou aupr\u00e8s des autorit\u00e9s de s\u00e9curit\u00e9 telles que les pompiers.<\/p>\n<p>\u00c9quip\u00e9 d\u2019un microphone \u00e9tanche et moderne \u00e0 suppression de bruit, le casque permet une transmission vocale claire et fiable \u00e0 tout moment, m\u00eame en cas de volume ambiant \u00e9lev\u00e9.<\/p>\n<p>Les oreillettes particuli\u00e8rement confortables offrent une protection impressionnante contre le bruit de 29,5 dB et garantissent un confort de port \u00e9lev\u00e9, m\u00eame en cas de port prolong\u00e9. Le casque Titan est disponible en version ATEX et non-ATEX et convient donc \u00e9galement pour une utilisation dans des zones \u00e0 risque d\u2019explosion. <\/p>\n<p>Que ce soit lors d\u2019une utilisation quotidienne dans des conditions extr\u00eames ou lors de t\u00e2ches critiques pour la s\u00e9curit\u00e9, le casque Titan Heavy Duty convainc par sa fiabilit\u00e9, sa robustesse et son confort de port maximal.<\/p>\n","protected":false},"excerpt":{"rendered":"<p>Casque Titan Heavy Duty \u2013 Casque professionnel robuste pour environnements extr\u00eames Le casque Titan Heavy Duty avec serre-t\u00eate est la solution de communication id\u00e9ale pour une utilisation dans des environnements de travail bruyants, par exemple sur les chantiers de construction, dans l\u2019industrie, dans le secteur de l\u2019aviation ou aupr\u00e8s des autorit\u00e9s de s\u00e9curit\u00e9 telles que [&hellip;]<\/p>\n","protected":false},"featured_media":6357,"comment_status":"closed","ping_status":"closed","template":"","meta":[],"product_brand":[],"product_cat":[212,377,392],"product_tag":[],"display-location":[],"class_list":{"0":"post-4875","1":"product","2":"type-product","3":"status-publish","4":"has-post-thumbnail","6":"product_cat-accessoires-radio","7":"product_cat-casques","8":"product_cat-casques-antibruit","10":"first","11":"instock","12":"taxable","13":"shipping-taxable","14":"purchasable","15":"product-type-simple"},"tiered_pricing_type":"fixed","tiered_pricing_fixed_rules":[],"tiered_pricing_product_settings":{"layout":"default","base_unit_name":{"singular":null,"plural":null},"default_variation":null},"tiered_pricing_minimum_quantity":null,"tiered_pricing_roles_data":[],"tiered_pricing_percentage_rules":[],"_links":{"self":[{"href":"https:\/\/www.smartswiss-systems.com\/fr\/wp-json\/wp\/v2\/product\/4875","targetHints":{"allow":["GET"]}}],"collection":[{"href":"https:\/\/www.smartswiss-systems.com\/fr\/wp-json\/wp\/v2\/product"}],"about":[{"href":"https:\/\/www.smartswiss-systems.com\/fr\/wp-json\/wp\/v2\/types\/product"}],"replies":[{"embeddable":true,"href":"https:\/\/www.smartswiss-systems.com\/fr\/wp-json\/wp\/v2\/comments?post=4875"}],"wp:featuredmedia":[{"embeddable":true,"href":"https:\/\/www.smartswiss-systems.com\/fr\/wp-json\/wp\/v2\/media\/6357"}],"wp:attachment":[{"href":"https:\/\/www.smartswiss-systems.com\/fr\/wp-json\/wp\/v2\/media?parent=4875"}],"wp:term":[{"taxonomy":"product_brand","embeddable":true,"href":"https:\/\/www.smartswiss-systems.com\/fr\/wp-json\/wp\/v2\/product_brand?post=4875"},{"taxonomy":"product_cat","embeddable":true,"href":"https:\/\/www.smartswiss-systems.com\/fr\/wp-json\/wp\/v2\/product_cat?post=4875"},{"taxonomy":"product_tag","embeddable":true,"href":"https:\/\/www.smartswiss-systems.com\/fr\/wp-json\/wp\/v2\/product_tag?post=4875"},{"taxonomy":"display-location","embeddable":true,"href":"https:\/\/www.smartswiss-systems.com\/fr\/wp-json\/wp\/v2\/display-location?post=4875"}],"curies":[{"name":"wp","href":"https:\/\/api.w.org\/{rel}","templated":true}]}}