{"id":4869,"date":"2025-10-05T16:48:44","date_gmt":"2025-10-05T14:48:44","guid":{"rendered":"https:\/\/www.smartswiss-systems.com\/produkt\/cable-spirale-pour-casque-robuste-nexus-savox-01\/"},"modified":"2025-12-03T13:43:48","modified_gmt":"2025-12-03T12:43:48","slug":"cable-spirale-pour-casque-robuste-nexus-savox-01","status":"publish","type":"product","link":"https:\/\/www.smartswiss-systems.com\/fr\/produkt\/cable-spirale-pour-casque-robuste-nexus-savox-01\/","title":{"rendered":"C\u00e2ble spiral\u00e9 pour casque robuste \u2013 Nexus \u2013 Savox (01)"},"content":{"rendered":"<p><strong>C\u00e2ble spiral\u00e9 pour casque robuste Titan (HDX-HB)<\/strong><\/p>\n<p>Le c\u00e2ble spiral\u00e9 est l&rsquo;\u00e9l\u00e9ment de connexion n\u00e9cessaire au fonctionnement du casque serre-t\u00eate robuste Titan (num\u00e9ro d&rsquo;article : HDX-HB) avec un syst\u00e8me monophonique ou des syst\u00e8mes de communication compatibles. Il est connect\u00e9 au casque via un raccord rapide robuste et assure une connexion s\u00fbre et flexible. <\/p>\n<p>Le c\u00e2ble est disponible en deux versions courantes :<br \/>\n\u2013 avec connecteur Nexus \u00e0 4 p\u00f4les et c\u00e2blage Savox (01) ou<br \/>\n\u2013 avec connecteur Nexus \u00e0 4 p\u00f4les et c\u00e2blage Peltor (02) \u2013 adapt\u00e9 \u00e0 l&rsquo;environnement syst\u00e8me respectif.<\/p>\n<p>D&rsquo;autres variantes de connexion sont disponibles sur demande.<\/p>\n<p>Remarque : Le casque HDX-HB n\u00e9cessite un c\u00e2ble spiral\u00e9 adapt\u00e9 pour fonctionner.<\/p>\n","protected":false},"excerpt":{"rendered":"<p>C\u00e2ble spiral\u00e9 pour casque robuste Titan (HDX-HB) Le c\u00e2ble spiral\u00e9 est l&rsquo;\u00e9l\u00e9ment de connexion n\u00e9cessaire au fonctionnement du casque serre-t\u00eate robuste Titan (num\u00e9ro d&rsquo;article : HDX-HB) avec un syst\u00e8me monophonique ou des syst\u00e8mes de communication compatibles. Il est connect\u00e9 au casque via un raccord rapide robuste et assure une connexion s\u00fbre et flexible. Le c\u00e2ble [&hellip;]<\/p>\n","protected":false},"featured_media":4031,"comment_status":"closed","ping_status":"closed","template":"","meta":[],"product_brand":[],"product_cat":[212,377,392],"product_tag":[],"display-location":[],"class_list":{"0":"post-4869","1":"product","2":"type-product","3":"status-publish","4":"has-post-thumbnail","6":"product_cat-accessoires-radio","7":"product_cat-casques","8":"product_cat-casques-antibruit","10":"first","11":"instock","12":"taxable","13":"shipping-taxable","14":"purchasable","15":"product-type-simple"},"tiered_pricing_type":"fixed","tiered_pricing_fixed_rules":[],"tiered_pricing_product_settings":{"layout":"default","base_unit_name":{"singular":null,"plural":null},"default_variation":null},"tiered_pricing_minimum_quantity":null,"tiered_pricing_roles_data":[],"tiered_pricing_percentage_rules":[],"_links":{"self":[{"href":"https:\/\/www.smartswiss-systems.com\/fr\/wp-json\/wp\/v2\/product\/4869","targetHints":{"allow":["GET"]}}],"collection":[{"href":"https:\/\/www.smartswiss-systems.com\/fr\/wp-json\/wp\/v2\/product"}],"about":[{"href":"https:\/\/www.smartswiss-systems.com\/fr\/wp-json\/wp\/v2\/types\/product"}],"replies":[{"embeddable":true,"href":"https:\/\/www.smartswiss-systems.com\/fr\/wp-json\/wp\/v2\/comments?post=4869"}],"wp:featuredmedia":[{"embeddable":true,"href":"https:\/\/www.smartswiss-systems.com\/fr\/wp-json\/wp\/v2\/media\/4031"}],"wp:attachment":[{"href":"https:\/\/www.smartswiss-systems.com\/fr\/wp-json\/wp\/v2\/media?parent=4869"}],"wp:term":[{"taxonomy":"product_brand","embeddable":true,"href":"https:\/\/www.smartswiss-systems.com\/fr\/wp-json\/wp\/v2\/product_brand?post=4869"},{"taxonomy":"product_cat","embeddable":true,"href":"https:\/\/www.smartswiss-systems.com\/fr\/wp-json\/wp\/v2\/product_cat?post=4869"},{"taxonomy":"product_tag","embeddable":true,"href":"https:\/\/www.smartswiss-systems.com\/fr\/wp-json\/wp\/v2\/product_tag?post=4869"},{"taxonomy":"display-location","embeddable":true,"href":"https:\/\/www.smartswiss-systems.com\/fr\/wp-json\/wp\/v2\/display-location?post=4869"}],"curies":[{"name":"wp","href":"https:\/\/api.w.org\/{rel}","templated":true}]}}