{"id":4867,"date":"2025-10-06T11:02:01","date_gmt":"2025-10-06T09:02:01","guid":{"rendered":"https:\/\/www.smartswiss-systems.com\/produkt\/microphone-cranien-titan-savox-01\/"},"modified":"2026-03-26T08:57:14","modified_gmt":"2026-03-26T07:57:14","slug":"microphone-cranien-titan-savox-01","status":"publish","type":"product","link":"https:\/\/www.smartswiss-systems.com\/fr\/produkt\/microphone-cranien-titan-savox-01\/","title":{"rendered":"Microphone cr\u00e2nien TITAN \u2013 Savox (01)"},"content":{"rendered":"<p><strong>Microphone cr\u00e2nien TITAN \u2013 communication \u00e9prouv\u00e9e dans les environnements d&rsquo;intervention bruyants<\/strong><\/p>\n<p>Le microphone cr\u00e2nien TITAN, \u00e9galement connu sous le nom de microphone \u00e0 conduction osseuse, permet une transmission vocale claire m\u00eame dans des environnements bruyants ou exigeants \u2013 un moyen de communication \u00e9prouv\u00e9, en particulier lors des interventions des pompiers. Gr\u00e2ce \u00e0 sa construction l\u00e9g\u00e8re, il se monte facilement \u00e0 l&rsquo;int\u00e9rieur des casques de pompiers courants. L&rsquo;installation se fait sans outil.  <\/p>\n<p>Le microphone utilise la technologie de conduction osseuse, o\u00f9 la parole est transmise directement via la calotte cr\u00e2nienne \u2013 id\u00e9al lorsque les microphones conventionnels atteignent leurs limites. Il est \u00e9quip\u00e9 d&rsquo;un c\u00e2ble spiral\u00e9 ignifuge et dispose d&rsquo;une prise Nexus avec brochage Savox (01). <\/p>\n<p>Le microphone est livr\u00e9 en standard avec un \u00e9couteur mono, une variante avec des \u00e9couteurs st\u00e9r\u00e9o est \u00e9galement disponible en option. Le microphone cr\u00e2nien TITAN est disponible en versions ATEX et NON-ATEX et convient donc \u00e9galement aux zones \u00e0 risque d&rsquo;explosion. <\/p>\n<p>Id\u00e9al pour les pompiers, les \u00e9quipes de secours et les \u00e9quipes d&rsquo;intervention qui d\u00e9pendent d&rsquo;une communication fonctionnelle dans des conditions extr\u00eames.<\/p>\n","protected":false},"excerpt":{"rendered":"<p>Microphone cr\u00e2nien TITAN \u2013 communication \u00e9prouv\u00e9e dans les environnements d&rsquo;intervention bruyants Le microphone cr\u00e2nien TITAN, \u00e9galement connu sous le nom de microphone \u00e0 conduction osseuse, permet une transmission vocale claire m\u00eame dans des environnements bruyants ou exigeants \u2013 un moyen de communication \u00e9prouv\u00e9, en particulier lors des interventions des pompiers. Gr\u00e2ce \u00e0 sa construction l\u00e9g\u00e8re, [&hellip;]<\/p>\n","protected":false},"featured_media":6132,"comment_status":"closed","ping_status":"closed","template":"","meta":[],"product_brand":[],"product_cat":[212,377,466],"product_tag":[],"display-location":[],"class_list":{"0":"post-4867","1":"product","2":"type-product","3":"status-publish","4":"has-post-thumbnail","6":"product_cat-accessoires-radio","7":"product_cat-casques","8":"product_cat-casques-a-integrer-dans-les-casques","10":"first","11":"instock","12":"taxable","13":"shipping-taxable","14":"purchasable","15":"product-type-simple"},"tiered_pricing_type":"fixed","tiered_pricing_fixed_rules":[],"tiered_pricing_product_settings":{"layout":"default","base_unit_name":{"singular":null,"plural":null},"default_variation":null},"tiered_pricing_minimum_quantity":null,"tiered_pricing_roles_data":[],"tiered_pricing_percentage_rules":[],"_links":{"self":[{"href":"https:\/\/www.smartswiss-systems.com\/fr\/wp-json\/wp\/v2\/product\/4867","targetHints":{"allow":["GET"]}}],"collection":[{"href":"https:\/\/www.smartswiss-systems.com\/fr\/wp-json\/wp\/v2\/product"}],"about":[{"href":"https:\/\/www.smartswiss-systems.com\/fr\/wp-json\/wp\/v2\/types\/product"}],"replies":[{"embeddable":true,"href":"https:\/\/www.smartswiss-systems.com\/fr\/wp-json\/wp\/v2\/comments?post=4867"}],"wp:featuredmedia":[{"embeddable":true,"href":"https:\/\/www.smartswiss-systems.com\/fr\/wp-json\/wp\/v2\/media\/6132"}],"wp:attachment":[{"href":"https:\/\/www.smartswiss-systems.com\/fr\/wp-json\/wp\/v2\/media?parent=4867"}],"wp:term":[{"taxonomy":"product_brand","embeddable":true,"href":"https:\/\/www.smartswiss-systems.com\/fr\/wp-json\/wp\/v2\/product_brand?post=4867"},{"taxonomy":"product_cat","embeddable":true,"href":"https:\/\/www.smartswiss-systems.com\/fr\/wp-json\/wp\/v2\/product_cat?post=4867"},{"taxonomy":"product_tag","embeddable":true,"href":"https:\/\/www.smartswiss-systems.com\/fr\/wp-json\/wp\/v2\/product_tag?post=4867"},{"taxonomy":"display-location","embeddable":true,"href":"https:\/\/www.smartswiss-systems.com\/fr\/wp-json\/wp\/v2\/display-location?post=4867"}],"curies":[{"name":"wp","href":"https:\/\/api.w.org\/{rel}","templated":true}]}}