{"id":4828,"date":"2025-10-03T16:01:51","date_gmt":"2025-10-03T14:01:51","guid":{"rendered":"https:\/\/www.smartswiss-systems.com\/produkt\/kit-oreillette-2-fils-avec-tube-acoustique-motorola-dp1400\/"},"modified":"2025-12-03T13:39:32","modified_gmt":"2025-12-03T12:39:32","slug":"kit-oreillette-2-fils-avec-tube-acoustique-motorola-dp1400","status":"publish","type":"product","link":"https:\/\/www.smartswiss-systems.com\/fr\/produkt\/kit-oreillette-2-fils-avec-tube-acoustique-motorola-dp1400\/","title":{"rendered":"Kit oreillette 2 fils avec tube acoustique \u2013 Motorola DP1400"},"content":{"rendered":"<h3 data-start=\"145\" data-end=\"235\">Kits oreillettes 2 c\u00e2bles pour Airbus, Motorola, Kenwood, Tait et autres radios<\/h3>\n<p data-start=\"237\" data-end=\"555\">Ces kits oreillettes professionnels \u00e0 2 c\u00e2bles sont con\u00e7us pour une connexion directe aux radios des principaux fabricants tels qu&rsquo;Airbus (TPH900), Motorola, Kenwood et Tait. Ils sont parfaitement adapt\u00e9s \u00e0 une utilisation exigeante par les organisations de services d&rsquo;urgence, les services de s\u00e9curit\u00e9 et les autorit\u00e9s. <\/p>\n<p data-start=\"557\" data-end=\"922\">Gr\u00e2ce au c\u00e2blage s\u00e9par\u00e9 pour les \u00e9couteurs et le microphone avec bouton PTT int\u00e9gr\u00e9, les kits peuvent \u00eatre fix\u00e9s de mani\u00e8re flexible aux gilets d&rsquo;intervention ou port\u00e9s discr\u00e8tement sous les v\u00eatements de protection. Ils offrent une alternative fiable et discr\u00e8te au monophone classique, parfait pour les op\u00e9rations secr\u00e8tes ou le service quotidien des forces de s\u00e9curit\u00e9. <\/p>\n<p data-start=\"924\" data-end=\"1090\">Selon les besoins, des versions avec tube acoustique transparent pour une discr\u00e9tion maximale ou avec \u00e9couteur Flexi confortable pour un port prolong\u00e9 sont disponibles.<\/p>\n<p data-start=\"1092\" data-end=\"1239\">Sur demande, nous fabriquons \u00e9galement les kits 2 c\u00e2bles pour d&rsquo;autres marques de radios ou mod\u00e8les sp\u00e9cifiques \u2013 personnalis\u00e9s et adapt\u00e9s aux besoins.<\/p>\n","protected":false},"excerpt":{"rendered":"<p>Kits oreillettes 2 c\u00e2bles pour Airbus, Motorola, Kenwood, Tait et autres radios Ces kits oreillettes professionnels \u00e0 2 c\u00e2bles sont con\u00e7us pour une connexion directe aux radios des principaux fabricants tels qu&rsquo;Airbus (TPH900), Motorola, Kenwood et Tait. Ils sont parfaitement adapt\u00e9s \u00e0 une utilisation exigeante par les organisations de services d&rsquo;urgence, les services de s\u00e9curit\u00e9 [&hellip;]<\/p>\n","protected":false},"featured_media":4031,"comment_status":"closed","ping_status":"closed","template":"","meta":[],"product_brand":[],"product_cat":[212,460,336],"product_tag":[],"display-location":[],"class_list":{"0":"post-4828","1":"product","2":"type-product","3":"status-publish","4":"has-post-thumbnail","6":"product_cat-accessoires-radio","7":"product_cat-kits-oreillette-microphone-a-2-cables","8":"product_cat-kits-oreillettes","10":"first","11":"instock","12":"taxable","13":"shipping-taxable","14":"purchasable","15":"product-type-simple"},"tiered_pricing_type":"fixed","tiered_pricing_fixed_rules":[],"tiered_pricing_product_settings":{"layout":"default","base_unit_name":{"singular":null,"plural":null},"default_variation":null},"tiered_pricing_minimum_quantity":null,"tiered_pricing_roles_data":[],"tiered_pricing_percentage_rules":[],"_links":{"self":[{"href":"https:\/\/www.smartswiss-systems.com\/fr\/wp-json\/wp\/v2\/product\/4828","targetHints":{"allow":["GET"]}}],"collection":[{"href":"https:\/\/www.smartswiss-systems.com\/fr\/wp-json\/wp\/v2\/product"}],"about":[{"href":"https:\/\/www.smartswiss-systems.com\/fr\/wp-json\/wp\/v2\/types\/product"}],"replies":[{"embeddable":true,"href":"https:\/\/www.smartswiss-systems.com\/fr\/wp-json\/wp\/v2\/comments?post=4828"}],"wp:featuredmedia":[{"embeddable":true,"href":"https:\/\/www.smartswiss-systems.com\/fr\/wp-json\/wp\/v2\/media\/4031"}],"wp:attachment":[{"href":"https:\/\/www.smartswiss-systems.com\/fr\/wp-json\/wp\/v2\/media?parent=4828"}],"wp:term":[{"taxonomy":"product_brand","embeddable":true,"href":"https:\/\/www.smartswiss-systems.com\/fr\/wp-json\/wp\/v2\/product_brand?post=4828"},{"taxonomy":"product_cat","embeddable":true,"href":"https:\/\/www.smartswiss-systems.com\/fr\/wp-json\/wp\/v2\/product_cat?post=4828"},{"taxonomy":"product_tag","embeddable":true,"href":"https:\/\/www.smartswiss-systems.com\/fr\/wp-json\/wp\/v2\/product_tag?post=4828"},{"taxonomy":"display-location","embeddable":true,"href":"https:\/\/www.smartswiss-systems.com\/fr\/wp-json\/wp\/v2\/display-location?post=4828"}],"curies":[{"name":"wp","href":"https:\/\/api.w.org\/{rel}","templated":true}]}}