{"id":4808,"date":"2025-10-05T10:30:05","date_gmt":"2025-10-05T08:30:05","guid":{"rendered":"https:\/\/www.smartswiss-systems.com\/produkt\/ptt-discrete-pour-motorola-serie-dp4400-modele-ptt48\/"},"modified":"2025-12-03T13:41:38","modified_gmt":"2025-12-03T12:41:38","slug":"ptt-discrete-pour-motorola-serie-dp4400-modele-ptt48","status":"publish","type":"product","link":"https:\/\/www.smartswiss-systems.com\/fr\/produkt\/ptt-discrete-pour-motorola-serie-dp4400-modele-ptt48\/","title":{"rendered":"PTT discr\u00e8te pour Motorola s\u00e9rie DP4400 \u2013 Mod\u00e8le PTT48"},"content":{"rendered":"<h3 data-start=\"404\" data-end=\"487\"><strong data-start=\"408\" data-end=\"487\">PTT48 \u2013 Solution Push-to-Talk universelle avec d\u00e9tection automatique du casque<\/strong><\/h3>\n<p data-start=\"489\" data-end=\"1034\">La PTT48 discr\u00e8te a \u00e9t\u00e9 con\u00e7ue pour les utilisateurs professionnels qui, dans les domaines d&rsquo;intervention critiques pour la s\u00e9curit\u00e9 \u2013 que ce soit dans la police, les services de s\u00e9curit\u00e9 priv\u00e9s, les forces sp\u00e9ciales ou en intervention secr\u00e8te \u2013 d\u00e9pendent d&rsquo;une communication fiable, discr\u00e8te et flexible. Un probl\u00e8me fr\u00e9quent en intervention&nbsp;: de nombreux \u00e9couteurs disponibles dans le commerce diff\u00e8rent dans l&rsquo;affectation de leurs connecteurs, ce qui complique consid\u00e9rablement l&rsquo;utilisation avec la technologie radio professionnelle. Les casques standard, tels que les \u00e9couteurs d&rsquo;iPhone, ne sont souvent pas compatibles d&#8217;embl\u00e9e.<\/p>\n<p data-start=\"1036\" data-end=\"1526\">C&rsquo;est l\u00e0 qu&rsquo;intervient la PTT48&nbsp;: elle dispose d&rsquo;un circuit de d\u00e9tection intelligent qui prend directement en charge une multitude d&rsquo;\u00e9couteurs 3,5&nbsp;mm courants. Le syst\u00e8me d\u00e9tecte automatiquement le nombre de broches (2, 3 ou 4&nbsp;broches), leur affectation ainsi qu&rsquo;un \u00e9ventuel microphone int\u00e9gr\u00e9 dans le c\u00e2ble. Dans de tels cas, le microphone interne de la PTT48 est automatiquement d\u00e9sactiv\u00e9. Ainsi, les tests ou adaptations fastidieux sont supprim\u00e9s \u2013 une communication simple, s\u00fbre et discr\u00e8te est garantie \u00e0 tout moment.   <\/p>\n<p data-start=\"1036\" data-end=\"1526\">La PTT48 est disponible en diff\u00e9rentes versions pour les radios des fabricants Airbus (TPH900), Motorola, Kenwood et Tait. Sur demande, la solution peut \u00e9galement \u00eatre adapt\u00e9e \u00e0 d&rsquo;autres fabricants de radios. La d\u00e9tection automatique du casque permet une flexibilit\u00e9 maximale lors de l&rsquo;utilisation de diff\u00e9rents mod\u00e8les d&rsquo;\u00e9couteurs.  <\/p>\n","protected":false},"excerpt":{"rendered":"<p>PTT48 \u2013 Solution Push-to-Talk universelle avec d\u00e9tection automatique du casque La PTT48 discr\u00e8te a \u00e9t\u00e9 con\u00e7ue pour les utilisateurs professionnels qui, dans les domaines d&rsquo;intervention critiques pour la s\u00e9curit\u00e9 \u2013 que ce soit dans la police, les services de s\u00e9curit\u00e9 priv\u00e9s, les forces sp\u00e9ciales ou en intervention secr\u00e8te \u2013 d\u00e9pendent d&rsquo;une communication fiable, discr\u00e8te et [&hellip;]<\/p>\n","protected":false},"featured_media":4500,"comment_status":"closed","ping_status":"closed","template":"","meta":[],"product_brand":[],"product_cat":[212,336,456],"product_tag":[],"display-location":[],"class_list":{"0":"post-4808","1":"product","2":"type-product","3":"status-publish","4":"has-post-thumbnail","6":"product_cat-accessoires-radio","7":"product_cat-kits-oreillettes","8":"product_cat-ptt-discretes-et-sans-fil","10":"first","11":"instock","12":"taxable","13":"shipping-taxable","14":"purchasable","15":"product-type-simple"},"tiered_pricing_type":"fixed","tiered_pricing_fixed_rules":[],"tiered_pricing_product_settings":{"layout":"default","base_unit_name":{"singular":null,"plural":null},"default_variation":null},"tiered_pricing_minimum_quantity":null,"tiered_pricing_roles_data":[],"tiered_pricing_percentage_rules":[],"_links":{"self":[{"href":"https:\/\/www.smartswiss-systems.com\/fr\/wp-json\/wp\/v2\/product\/4808","targetHints":{"allow":["GET"]}}],"collection":[{"href":"https:\/\/www.smartswiss-systems.com\/fr\/wp-json\/wp\/v2\/product"}],"about":[{"href":"https:\/\/www.smartswiss-systems.com\/fr\/wp-json\/wp\/v2\/types\/product"}],"replies":[{"embeddable":true,"href":"https:\/\/www.smartswiss-systems.com\/fr\/wp-json\/wp\/v2\/comments?post=4808"}],"wp:featuredmedia":[{"embeddable":true,"href":"https:\/\/www.smartswiss-systems.com\/fr\/wp-json\/wp\/v2\/media\/4500"}],"wp:attachment":[{"href":"https:\/\/www.smartswiss-systems.com\/fr\/wp-json\/wp\/v2\/media?parent=4808"}],"wp:term":[{"taxonomy":"product_brand","embeddable":true,"href":"https:\/\/www.smartswiss-systems.com\/fr\/wp-json\/wp\/v2\/product_brand?post=4808"},{"taxonomy":"product_cat","embeddable":true,"href":"https:\/\/www.smartswiss-systems.com\/fr\/wp-json\/wp\/v2\/product_cat?post=4808"},{"taxonomy":"product_tag","embeddable":true,"href":"https:\/\/www.smartswiss-systems.com\/fr\/wp-json\/wp\/v2\/product_tag?post=4808"},{"taxonomy":"display-location","embeddable":true,"href":"https:\/\/www.smartswiss-systems.com\/fr\/wp-json\/wp\/v2\/display-location?post=4808"}],"curies":[{"name":"wp","href":"https:\/\/api.w.org\/{rel}","templated":true}]}}