{"id":4806,"date":"2025-10-02T10:45:18","date_gmt":"2025-10-02T08:45:18","guid":{"rendered":"https:\/\/www.smartswiss-systems.com\/produkt\/monophone-portable-mm50-pour-motorola-mototrbo-serie-r7-auto-nexus-controle-du-volume\/"},"modified":"2026-03-25T14:31:59","modified_gmt":"2026-03-25T13:31:59","slug":"monophone-portable-mm50-pour-motorola-mototrbo-serie-r7-auto-nexus-controle-du-volume","status":"publish","type":"product","link":"https:\/\/www.smartswiss-systems.com\/fr\/produkt\/monophone-portable-mm50-pour-motorola-mototrbo-serie-r7-auto-nexus-controle-du-volume\/","title":{"rendered":"Monophone portable MM50 pour Motorola MOTOTRBO s\u00e9rie R7 \u2013 Auto-Nexus \u2013 Contr\u00f4le du volume"},"content":{"rendered":"<p><strong>Monophone TITAN MM50 \u2013 flexible, moderne et polyvalent<\/strong><\/p>\n<p>Le TITAN MM50 est le mod\u00e8le le plus avanc\u00e9 de la s\u00e9rie de monophones TITAN \u2013 con\u00e7u pour r\u00e9pondre aux exigences les plus \u00e9lev\u00e9es dans divers domaines d&rsquo;application. Que ce soit dans un environnement de communication professionnel, dans des applications industrielles ou dans le service d&rsquo;intervention, le MM50 convainc par sa technique bien pens\u00e9e, sa fabrication robuste et une multitude de possibilit\u00e9s d&rsquo;adaptation individuelles. <\/p>\n<p>Le MM50 est d\u00e9j\u00e0 disponible en versions pour diff\u00e9rents radios portables, y compris des mod\u00e8les pour l&rsquo;Airbus TPH900 ainsi que la s\u00e9rie Motorola MOTOTRBO R7. D&rsquo;autres versions pour d&rsquo;autres fabricants suivront progressivement \u2013 le MM50 reste ainsi un choix s\u00fbr pour l&rsquo;avenir pour les utilisateurs professionnels de divers secteurs. <\/p>\n<p>De nombreuses options telles que le contr\u00f4le du volume int\u00e9gr\u00e9, les touches de fonction programmables ou la connectivit\u00e9 Bluetooth pour les solutions PTT d\u00e9port\u00e9es ouvrent de multiples sc\u00e9narios d&rsquo;utilisation \u2013 de la communication discr\u00e8te \u00e0 l&rsquo;utilisation dans des conditions difficiles. La signalisation \u00ab&nbsp;TX-ready&nbsp;\u00bb est particuli\u00e8rement pratique, car elle indique par un signal acoustique lorsque le canal radio est pr\u00eat pour la transmission \u2013 un avantage certain dans les environnements dynamiques ou bruyants. <\/p>\n<p>Pour les applications dans le domaine de l&rsquo;aviation, un module d&rsquo;amplification optionnel est disponible, sp\u00e9cialement con\u00e7u pour l&rsquo;utilisation avec des microphones dynamiques dans les casques de pilotes.<\/p>\n<p>Des casques ou des kits de casque peuvent \u00eatre connect\u00e9s via la prise Nexus \u00e0 4 p\u00f4les \u2013 selon la version avec affectation fixe ou avec reconnaissance automatique des p\u00e9riph\u00e9riques connect\u00e9s, ce qui permet une flexibilit\u00e9 maximale lors de l&rsquo;utilisation. De plus, une prise jack de 3,5&nbsp;mm est disponible, sur laquelle un \u00e9couteur peut \u00eatre utilis\u00e9 pour une communication discr\u00e8te. <\/p>\n<p>Un clip rotatif et verrouillable assure un maintien s\u00fbr sur les v\u00eatements ou l&rsquo;\u00e9quipement \u2013 que ce soit en travail post\u00e9, lors d&rsquo;interventions en ext\u00e9rieur ou dans le quotidien industriel. Les touches PTT g\u00e9n\u00e9reusement dimensionn\u00e9es permettent une utilisation fiable, m\u00eame avec des gants. <\/p>\n<p><strong>TITAN MM50 \u2013 Votre solution de communication pour les exigences les plus \u00e9lev\u00e9es&nbsp;: robuste, adaptable et pr\u00eat \u00e0 l&#8217;emploi dans toutes les situations.<\/strong><\/p>\n","protected":false},"excerpt":{"rendered":"<p>Monophone TITAN MM50 \u2013 flexible, moderne et polyvalent Le TITAN MM50 est le mod\u00e8le le plus avanc\u00e9 de la s\u00e9rie de monophones TITAN \u2013 con\u00e7u pour r\u00e9pondre aux exigences les plus \u00e9lev\u00e9es dans divers domaines d&rsquo;application. Que ce soit dans un environnement de communication professionnel, dans des applications industrielles ou dans le service d&rsquo;intervention, le [&hellip;]<\/p>\n","protected":false},"featured_media":5443,"comment_status":"closed","ping_status":"closed","template":"","meta":[],"product_brand":[],"product_cat":[212,214,255],"product_tag":[],"display-location":[],"class_list":{"0":"post-4806","1":"product","2":"type-product","3":"status-publish","4":"has-post-thumbnail","6":"product_cat-accessoires-radio","7":"product_cat-monophones-2","8":"product_cat-serie-mm50","10":"first","11":"instock","12":"taxable","13":"shipping-taxable","14":"purchasable","15":"product-type-simple"},"tiered_pricing_type":"fixed","tiered_pricing_fixed_rules":[],"tiered_pricing_product_settings":{"layout":"default","base_unit_name":{"singular":null,"plural":null},"default_variation":null},"tiered_pricing_minimum_quantity":null,"tiered_pricing_roles_data":[],"tiered_pricing_percentage_rules":[],"_links":{"self":[{"href":"https:\/\/www.smartswiss-systems.com\/fr\/wp-json\/wp\/v2\/product\/4806","targetHints":{"allow":["GET"]}}],"collection":[{"href":"https:\/\/www.smartswiss-systems.com\/fr\/wp-json\/wp\/v2\/product"}],"about":[{"href":"https:\/\/www.smartswiss-systems.com\/fr\/wp-json\/wp\/v2\/types\/product"}],"replies":[{"embeddable":true,"href":"https:\/\/www.smartswiss-systems.com\/fr\/wp-json\/wp\/v2\/comments?post=4806"}],"wp:featuredmedia":[{"embeddable":true,"href":"https:\/\/www.smartswiss-systems.com\/fr\/wp-json\/wp\/v2\/media\/5443"}],"wp:attachment":[{"href":"https:\/\/www.smartswiss-systems.com\/fr\/wp-json\/wp\/v2\/media?parent=4806"}],"wp:term":[{"taxonomy":"product_brand","embeddable":true,"href":"https:\/\/www.smartswiss-systems.com\/fr\/wp-json\/wp\/v2\/product_brand?post=4806"},{"taxonomy":"product_cat","embeddable":true,"href":"https:\/\/www.smartswiss-systems.com\/fr\/wp-json\/wp\/v2\/product_cat?post=4806"},{"taxonomy":"product_tag","embeddable":true,"href":"https:\/\/www.smartswiss-systems.com\/fr\/wp-json\/wp\/v2\/product_tag?post=4806"},{"taxonomy":"display-location","embeddable":true,"href":"https:\/\/www.smartswiss-systems.com\/fr\/wp-json\/wp\/v2\/display-location?post=4806"}],"curies":[{"name":"wp","href":"https:\/\/api.w.org\/{rel}","templated":true}]}}