{"id":4800,"date":"2025-10-02T12:36:23","date_gmt":"2025-10-02T10:36:23","guid":{"rendered":"https:\/\/www.smartswiss-systems.com\/produkt\/monophone-portable-xma5-pour-icom-ic-f1000-serie-savox-01\/"},"modified":"2025-12-03T13:39:19","modified_gmt":"2025-12-03T12:39:19","slug":"monophone-portable-xma5-pour-icom-ic-f1000-serie-savox-01","status":"publish","type":"product","link":"https:\/\/www.smartswiss-systems.com\/fr\/produkt\/monophone-portable-xma5-pour-icom-ic-f1000-serie-savox-01\/","title":{"rendered":"Monophone portable XMA5 pour ICOM IC-F1000 s\u00e9rie \u2013 Savox (01)"},"content":{"rendered":"<p><strong>Monophone XMA5 \u2013 ignifuge, compatible, \u00e9prouv\u00e9 sur le terrain<\/strong><\/p>\n<p>Le monophone XMA5 est une solution de communication fiable pour une utilisation quotidienne exigeante, en particulier l\u00e0 o\u00f9 la s\u00e9curit\u00e9, la construction robuste et la compatibilit\u00e9 des appareils sont requises. Avec son bo\u00eetier ignifuge, il r\u00e9pond aux exigences importantes des services d&rsquo;intervention et s&rsquo;est impos\u00e9 comme un choix privil\u00e9gi\u00e9, notamment aupr\u00e8s des pompiers. <\/p>\n<p>Le XMA5 est id\u00e9al pour les radios dont les interfaces d&rsquo;accessoires ne fournissent pas suffisamment d&rsquo;\u00e9nergie pour un contr\u00f4le de volume int\u00e9gr\u00e9, un sc\u00e9nario fr\u00e9quent avec de nombreux mod\u00e8les courants. Malgr\u00e9 cette limitation, le XMA5 offre une fonctionnalit\u00e9 et une fiabilit\u00e9 compl\u00e8tes au quotidien. <\/p>\n<p>La prise Nexus int\u00e9gr\u00e9e \u00e0 4 p\u00f4les permet de connecter des casques ou des kits de casque, pour plus de flexibilit\u00e9. Le XMA5 est ainsi parfaitement \u00e9quip\u00e9 pour les applications sp\u00e9ciales. De plus, une prise jack de 3,5 mm est disponible pour connecter un \u00e9couteur.  <\/p>\n<p>Nous proposons en permanence de nouvelles versions pour une large gamme de radios, y compris des mod\u00e8les de fabricants leaders. N&rsquo;h\u00e9sitez pas \u00e0 nous contacter, nous serons heureux de vous conseiller ! <\/p>\n","protected":false},"excerpt":{"rendered":"<p>Monophone XMA5 \u2013 ignifuge, compatible, \u00e9prouv\u00e9 sur le terrain Le monophone XMA5 est une solution de communication fiable pour une utilisation quotidienne exigeante, en particulier l\u00e0 o\u00f9 la s\u00e9curit\u00e9, la construction robuste et la compatibilit\u00e9 des appareils sont requises. Avec son bo\u00eetier ignifuge, il r\u00e9pond aux exigences importantes des services d&rsquo;intervention et s&rsquo;est impos\u00e9 comme [&hellip;]<\/p>\n","protected":false},"featured_media":4031,"comment_status":"closed","ping_status":"closed","template":"","meta":[],"product_brand":[],"product_cat":[212,214,450],"product_tag":[],"display-location":[],"class_list":{"0":"post-4800","1":"product","2":"type-product","3":"status-publish","4":"has-post-thumbnail","6":"product_cat-accessoires-radio","7":"product_cat-monophones-2","8":"product_cat-serie-xma5","10":"first","11":"instock","12":"taxable","13":"shipping-taxable","14":"purchasable","15":"product-type-simple"},"tiered_pricing_type":"fixed","tiered_pricing_fixed_rules":[],"tiered_pricing_product_settings":{"layout":"default","base_unit_name":{"singular":null,"plural":null},"default_variation":null},"tiered_pricing_minimum_quantity":null,"tiered_pricing_roles_data":[],"tiered_pricing_percentage_rules":[],"_links":{"self":[{"href":"https:\/\/www.smartswiss-systems.com\/fr\/wp-json\/wp\/v2\/product\/4800","targetHints":{"allow":["GET"]}}],"collection":[{"href":"https:\/\/www.smartswiss-systems.com\/fr\/wp-json\/wp\/v2\/product"}],"about":[{"href":"https:\/\/www.smartswiss-systems.com\/fr\/wp-json\/wp\/v2\/types\/product"}],"replies":[{"embeddable":true,"href":"https:\/\/www.smartswiss-systems.com\/fr\/wp-json\/wp\/v2\/comments?post=4800"}],"wp:featuredmedia":[{"embeddable":true,"href":"https:\/\/www.smartswiss-systems.com\/fr\/wp-json\/wp\/v2\/media\/4031"}],"wp:attachment":[{"href":"https:\/\/www.smartswiss-systems.com\/fr\/wp-json\/wp\/v2\/media?parent=4800"}],"wp:term":[{"taxonomy":"product_brand","embeddable":true,"href":"https:\/\/www.smartswiss-systems.com\/fr\/wp-json\/wp\/v2\/product_brand?post=4800"},{"taxonomy":"product_cat","embeddable":true,"href":"https:\/\/www.smartswiss-systems.com\/fr\/wp-json\/wp\/v2\/product_cat?post=4800"},{"taxonomy":"product_tag","embeddable":true,"href":"https:\/\/www.smartswiss-systems.com\/fr\/wp-json\/wp\/v2\/product_tag?post=4800"},{"taxonomy":"display-location","embeddable":true,"href":"https:\/\/www.smartswiss-systems.com\/fr\/wp-json\/wp\/v2\/display-location?post=4800"}],"curies":[{"name":"wp","href":"https:\/\/api.w.org\/{rel}","templated":true}]}}