{"id":4765,"date":"2025-09-30T10:22:09","date_gmt":"2025-09-30T08:22:09","guid":{"rendered":"https:\/\/www.smartswiss-systems.com\/produkt\/handmonophon-m03-pour-kenwood-nx-1000-series-et-tk3701d-cable-spirale-270mm\/"},"modified":"2025-12-03T13:41:30","modified_gmt":"2025-12-03T12:41:30","slug":"handmonophon-m03-pour-kenwood-nx-1000-series-et-tk3701d-cable-spirale-270mm","status":"publish","type":"product","link":"https:\/\/www.smartswiss-systems.com\/fr\/produkt\/handmonophon-m03-pour-kenwood-nx-1000-series-et-tk3701d-cable-spirale-270mm\/","title":{"rendered":"Handmonophon M03 pour Kenwood NX-1000 Series et TK3701D \u2013 C\u00e2ble spiral\u00e9 270mm"},"content":{"rendered":"<p><strong>Monophone portable M03 \u2013 Compatible avec les radios de Motorola, Kenwood, Tait et autres<\/strong><\/p>\n<p>Le monophone portable M03 est le compl\u00e9ment id\u00e9al pour les radios professionnelles de divers fabricants, notamment Motorola, Kenwood, Tait et bien d&rsquo;autres. Sp\u00e9cialement con\u00e7u pour une utilisation dans des environnements exigeants, il convainc par sa construction robuste, sa transmission audio claire et sa conception ergonomique. <\/p>\n<p>Que ce soit pour la police, les pompiers, les services de secours ou dans le domaine de la s\u00e9curit\u00e9 : le M03 a fait ses preuves \u00e0 maintes reprises et offre une solution de communication fiable, m\u00eame dans des conditions extr\u00eames.<\/p>\n<p>Gr\u00e2ce \u00e0 la classe de protection IP67, le monophone portable est totalement \u00e9tanche \u00e0 la poussi\u00e8re et prot\u00e9g\u00e9 contre l&rsquo;immersion temporaire \u2013 id\u00e9al pour une utilisation quotidienne en ext\u00e9rieur. Un c\u00e2ble renforc\u00e9 augmente consid\u00e9rablement la dur\u00e9e de vie, tandis que la transmission sonore pr\u00e9cise garantit une communication claire, m\u00eame en cas de volume ambiant \u00e9lev\u00e9. <\/p>\n<p>Le bo\u00eetier compact et adh\u00e9rent tient bien dans la main et permet une utilisation facile, m\u00eame avec des gants. Des \u00e9couteurs externes peuvent \u00eatre connect\u00e9s si n\u00e9cessaire via la prise jack 3,5 mm int\u00e9gr\u00e9e. <\/p>\n<p>Disponible pour diff\u00e9rents mod\u00e8les de radios \u2013 Contactez-nous pour la version adapt\u00e9e \u00e0 votre syst\u00e8me.<\/p>\n<p><strong>Le M03 \u2013 robuste, fiable et con\u00e7u pour un usage professionnel.<\/strong><\/p>\n","protected":false},"excerpt":{"rendered":"<p>Monophone portable M03 \u2013 Compatible avec les radios de Motorola, Kenwood, Tait et autres Le monophone portable M03 est le compl\u00e9ment id\u00e9al pour les radios professionnelles de divers fabricants, notamment Motorola, Kenwood, Tait et bien d&rsquo;autres. Sp\u00e9cialement con\u00e7u pour une utilisation dans des environnements exigeants, il convainc par sa construction robuste, sa transmission audio claire [&hellip;]<\/p>\n","protected":false},"featured_media":4084,"comment_status":"closed","ping_status":"closed","template":"","meta":[],"product_brand":[],"product_cat":[212,214,231],"product_tag":[],"display-location":[],"class_list":{"0":"post-4765","1":"product","2":"type-product","3":"status-publish","4":"has-post-thumbnail","6":"product_cat-accessoires-radio","7":"product_cat-monophones-2","8":"product_cat-serie-m03","10":"first","11":"instock","12":"taxable","13":"shipping-taxable","14":"purchasable","15":"product-type-simple"},"tiered_pricing_type":"fixed","tiered_pricing_fixed_rules":[],"tiered_pricing_product_settings":{"layout":"default","base_unit_name":{"singular":null,"plural":null},"default_variation":null},"tiered_pricing_minimum_quantity":null,"tiered_pricing_roles_data":[],"tiered_pricing_percentage_rules":[],"_links":{"self":[{"href":"https:\/\/www.smartswiss-systems.com\/fr\/wp-json\/wp\/v2\/product\/4765","targetHints":{"allow":["GET"]}}],"collection":[{"href":"https:\/\/www.smartswiss-systems.com\/fr\/wp-json\/wp\/v2\/product"}],"about":[{"href":"https:\/\/www.smartswiss-systems.com\/fr\/wp-json\/wp\/v2\/types\/product"}],"replies":[{"embeddable":true,"href":"https:\/\/www.smartswiss-systems.com\/fr\/wp-json\/wp\/v2\/comments?post=4765"}],"wp:featuredmedia":[{"embeddable":true,"href":"https:\/\/www.smartswiss-systems.com\/fr\/wp-json\/wp\/v2\/media\/4084"}],"wp:attachment":[{"href":"https:\/\/www.smartswiss-systems.com\/fr\/wp-json\/wp\/v2\/media?parent=4765"}],"wp:term":[{"taxonomy":"product_brand","embeddable":true,"href":"https:\/\/www.smartswiss-systems.com\/fr\/wp-json\/wp\/v2\/product_brand?post=4765"},{"taxonomy":"product_cat","embeddable":true,"href":"https:\/\/www.smartswiss-systems.com\/fr\/wp-json\/wp\/v2\/product_cat?post=4765"},{"taxonomy":"product_tag","embeddable":true,"href":"https:\/\/www.smartswiss-systems.com\/fr\/wp-json\/wp\/v2\/product_tag?post=4765"},{"taxonomy":"display-location","embeddable":true,"href":"https:\/\/www.smartswiss-systems.com\/fr\/wp-json\/wp\/v2\/display-location?post=4765"}],"curies":[{"name":"wp","href":"https:\/\/api.w.org\/{rel}","templated":true}]}}