{"id":4744,"date":"2025-10-01T21:50:04","date_gmt":"2025-10-01T19:50:04","guid":{"rendered":"https:\/\/www.smartswiss-systems.com\/produkt\/monophone-portable-mm20-pour-motorola-dp4400-e-serie-savox-01\/"},"modified":"2025-12-15T14:37:32","modified_gmt":"2025-12-15T13:37:32","slug":"monophone-portable-mm20-pour-motorola-dp4400-e-serie-savox-01","status":"publish","type":"product","link":"https:\/\/www.smartswiss-systems.com\/fr\/produkt\/monophone-portable-mm20-pour-motorola-dp4400-e-serie-savox-01\/","title":{"rendered":"Monophone portable MM20 pour Motorola DP4400-E s\u00e9rie \u2013 Savox (01)"},"content":{"rendered":"<p><strong>Monophone TITAN MM20 \u2013 une communication claire quand cela compte<\/strong><\/p>\n<p>Le monophone TITAN MM20 est une interface fiable et robuste pour les op\u00e9rations radio professionnelles. Il est compatible avec de nombreuses radios portables* \u2013 y compris les mod\u00e8les d\u2019Airbus (par exemple, TPH900), Motorola, Kenwood, Tait et d\u2019autres fabricants \u2013 et est id\u00e9al pour la police, les pompiers, les services de secours, les services de s\u00e9curit\u00e9 et les applications industrielles.<\/p>\n<p>Avec son indice de protection IP67, le MM20 est parfaitement prot\u00e9g\u00e9 contre la poussi\u00e8re, la salet\u00e9 et l\u2019eau. Un grand bouton PTT \u00e0 l\u2019avant ainsi qu\u2019un bouton PTT lat\u00e9ral permettent une utilisation s\u00fbre, m\u00eame avec des gants. Le clip pivotant \u00e0 crans assure un maintien stable sur les v\u00eatements ou l\u2019\u00e9quipement.<\/p>\n<p>La prise Nexus 4 p\u00f4les int\u00e9gr\u00e9e et compatible permet de connecter des syst\u00e8mes de communication pour casque ou des casques professionnels. De plus, une prise jack 3,5 mm est disponible pour connecter des \u00e9couteurs.<\/p>\n<p>Une transmission vocale claire, une manipulation simple et une grande fiabilit\u00e9 font du TITAN MM20 le choix id\u00e9al pour les interventions exigeantes \u2013 par tous les temps et dans toutes les situations.<\/p>\n<p>*Compatibilit\u00e9 en fonction du connecteur choisi.<\/p>\n","protected":false},"excerpt":{"rendered":"<p>Monophone TITAN MM20 \u2013 une communication claire quand cela compte Le monophone TITAN MM20 est une interface fiable et robuste pour les op\u00e9rations radio professionnelles. Il est compatible avec de nombreuses radios portables* \u2013 y compris les mod\u00e8les d\u2019Airbus (par exemple, TPH900), Motorola, Kenwood, Tait et d\u2019autres fabricants \u2013 et est id\u00e9al pour la police, [&hellip;]<\/p>\n","protected":false},"featured_media":5427,"comment_status":"closed","ping_status":"closed","template":"","meta":[],"product_brand":[],"product_cat":[212,214,213],"product_tag":[],"display-location":[],"class_list":{"0":"post-4744","1":"product","2":"type-product","3":"status-publish","4":"has-post-thumbnail","6":"product_cat-accessoires-radio","7":"product_cat-monophones-2","8":"product_cat-serie-mm20","10":"first","11":"instock","12":"taxable","13":"shipping-taxable","14":"purchasable","15":"product-type-simple"},"tiered_pricing_type":"fixed","tiered_pricing_fixed_rules":[],"tiered_pricing_product_settings":{"layout":"default","base_unit_name":{"singular":null,"plural":null},"default_variation":null},"tiered_pricing_minimum_quantity":null,"tiered_pricing_roles_data":[],"tiered_pricing_percentage_rules":[],"_links":{"self":[{"href":"https:\/\/www.smartswiss-systems.com\/fr\/wp-json\/wp\/v2\/product\/4744","targetHints":{"allow":["GET"]}}],"collection":[{"href":"https:\/\/www.smartswiss-systems.com\/fr\/wp-json\/wp\/v2\/product"}],"about":[{"href":"https:\/\/www.smartswiss-systems.com\/fr\/wp-json\/wp\/v2\/types\/product"}],"replies":[{"embeddable":true,"href":"https:\/\/www.smartswiss-systems.com\/fr\/wp-json\/wp\/v2\/comments?post=4744"}],"wp:featuredmedia":[{"embeddable":true,"href":"https:\/\/www.smartswiss-systems.com\/fr\/wp-json\/wp\/v2\/media\/5427"}],"wp:attachment":[{"href":"https:\/\/www.smartswiss-systems.com\/fr\/wp-json\/wp\/v2\/media?parent=4744"}],"wp:term":[{"taxonomy":"product_brand","embeddable":true,"href":"https:\/\/www.smartswiss-systems.com\/fr\/wp-json\/wp\/v2\/product_brand?post=4744"},{"taxonomy":"product_cat","embeddable":true,"href":"https:\/\/www.smartswiss-systems.com\/fr\/wp-json\/wp\/v2\/product_cat?post=4744"},{"taxonomy":"product_tag","embeddable":true,"href":"https:\/\/www.smartswiss-systems.com\/fr\/wp-json\/wp\/v2\/product_tag?post=4744"},{"taxonomy":"display-location","embeddable":true,"href":"https:\/\/www.smartswiss-systems.com\/fr\/wp-json\/wp\/v2\/display-location?post=4744"}],"curies":[{"name":"wp","href":"https:\/\/api.w.org\/{rel}","templated":true}]}}