{"id":4710,"date":"2025-09-29T18:56:49","date_gmt":"2025-09-29T16:56:49","guid":{"rendered":"https:\/\/www.smartswiss-systems.com\/produkt\/monophone-moto-mmw20-pour-tph900-aircrypt-peltor-02\/"},"modified":"2025-12-03T13:38:45","modified_gmt":"2025-12-03T12:38:45","slug":"monophone-moto-mmw20-pour-tph900-aircrypt-peltor-02","status":"publish","type":"product","link":"https:\/\/www.smartswiss-systems.com\/fr\/produkt\/monophone-moto-mmw20-pour-tph900-aircrypt-peltor-02\/","title":{"rendered":"Monophone moto MMW20 pour TPH900 \u2013 Aircrypt \u2013 Peltor (02)"},"content":{"rendered":"<p><strong>Monophones moto MMW20 &amp; MMW50 avec module radio Aircrypt int\u00e9gr\u00e9 (sans fil)<\/strong><\/p>\n<p>Les monophones MMW20 et MMW50 sont sp\u00e9cialement con\u00e7us pour \u00eatre utilis\u00e9s avec la radio portative Polycom TPH900 et offrent une solution de communication fiable et s\u00e9curis\u00e9e, en particulier pour une utilisation sur les motos.<\/p>\n<p>Les deux mod\u00e8les sont dot\u00e9s d&rsquo;un module radio Aircrypt int\u00e9gr\u00e9, une technologie sans fil (comparable au Bluetooth) qui permet de les coupler avec un bouton PTT d\u00e9port\u00e9 ou un module PTT. Cela permet d&rsquo;actionner facilement la fonction Push-to-Talk via une commande au guidon, sans que le conducteur n&rsquo;ait \u00e0 l\u00e2cher le guidon. <\/p>\n<p>Les monophones offrent \u00e9galement une fonctionnalit\u00e9 compl\u00e8te en mode radio normal. Le MMW20 et le MMW50 sont tous deux \u00e9quip\u00e9s d&rsquo;un bouton PTT \u00e0 l&rsquo;avant et sur le c\u00f4t\u00e9, d&rsquo;un connecteur Nexus pour le raccordement du casque de moto et d&rsquo;une prise jack 3,5 mm pour une utilisation avec un \u00e9couteur. <\/p>\n<p>Diff\u00e9rences entre les mod\u00e8les :<\/p>\n<ul>\n<li>Le MMW20 est la version compacte sans r\u00e9glage du volume.<\/li>\n<li>Le MMW50 dispose en plus d&rsquo;un r\u00e9glage de volume int\u00e9gr\u00e9<\/li>\n<\/ul>\n<p>La fonction de coupure du haut-parleur n&rsquo;est pas incluse dans la version MMW50 propos\u00e9e.<\/p>\n<p>Les solutions moto TITAN sont utilis\u00e9es avec succ\u00e8s par de nombreux services de police dans le monde entier, pour une communication professionnelle dans des conditions d&rsquo;intervention exigeantes.<\/p>\n","protected":false},"excerpt":{"rendered":"<p>Monophones moto MMW20 &amp; MMW50 avec module radio Aircrypt int\u00e9gr\u00e9 (sans fil) Les monophones MMW20 et MMW50 sont sp\u00e9cialement con\u00e7us pour \u00eatre utilis\u00e9s avec la radio portative Polycom TPH900 et offrent une solution de communication fiable et s\u00e9curis\u00e9e, en particulier pour une utilisation sur les motos. Les deux mod\u00e8les sont dot\u00e9s d&rsquo;un module radio Aircrypt [&hellip;]<\/p>\n","protected":false},"featured_media":5731,"comment_status":"closed","ping_status":"closed","template":"","meta":[],"product_brand":[],"product_cat":[424,209,406],"product_tag":[],"display-location":[],"class_list":{"0":"post-4710","1":"product","2":"type-product","3":"status-publish","4":"has-post-thumbnail","6":"product_cat-monophones","7":"product_cat-polycom","8":"product_cat-solutions-pour-motos","10":"first","11":"instock","12":"taxable","13":"shipping-taxable","14":"purchasable","15":"product-type-simple"},"tiered_pricing_type":"fixed","tiered_pricing_fixed_rules":[],"tiered_pricing_product_settings":{"layout":"default","base_unit_name":{"singular":null,"plural":null},"default_variation":null},"tiered_pricing_minimum_quantity":null,"tiered_pricing_roles_data":[],"tiered_pricing_percentage_rules":[],"_links":{"self":[{"href":"https:\/\/www.smartswiss-systems.com\/fr\/wp-json\/wp\/v2\/product\/4710","targetHints":{"allow":["GET"]}}],"collection":[{"href":"https:\/\/www.smartswiss-systems.com\/fr\/wp-json\/wp\/v2\/product"}],"about":[{"href":"https:\/\/www.smartswiss-systems.com\/fr\/wp-json\/wp\/v2\/types\/product"}],"replies":[{"embeddable":true,"href":"https:\/\/www.smartswiss-systems.com\/fr\/wp-json\/wp\/v2\/comments?post=4710"}],"wp:featuredmedia":[{"embeddable":true,"href":"https:\/\/www.smartswiss-systems.com\/fr\/wp-json\/wp\/v2\/media\/5731"}],"wp:attachment":[{"href":"https:\/\/www.smartswiss-systems.com\/fr\/wp-json\/wp\/v2\/media?parent=4710"}],"wp:term":[{"taxonomy":"product_brand","embeddable":true,"href":"https:\/\/www.smartswiss-systems.com\/fr\/wp-json\/wp\/v2\/product_brand?post=4710"},{"taxonomy":"product_cat","embeddable":true,"href":"https:\/\/www.smartswiss-systems.com\/fr\/wp-json\/wp\/v2\/product_cat?post=4710"},{"taxonomy":"product_tag","embeddable":true,"href":"https:\/\/www.smartswiss-systems.com\/fr\/wp-json\/wp\/v2\/product_tag?post=4710"},{"taxonomy":"display-location","embeddable":true,"href":"https:\/\/www.smartswiss-systems.com\/fr\/wp-json\/wp\/v2\/display-location?post=4710"}],"curies":[{"name":"wp","href":"https:\/\/api.w.org\/{rel}","templated":true}]}}