{"id":4685,"date":"2025-09-29T23:24:54","date_gmt":"2025-09-29T21:24:54","guid":{"rendered":"https:\/\/www.smartswiss-systems.com\/produkt\/micro-casque-intra-auriculaire-titan-iec-2-tac\/"},"modified":"2025-12-03T13:38:51","modified_gmt":"2025-12-03T12:38:51","slug":"micro-casque-intra-auriculaire-titan-iec-2-tac","status":"publish","type":"product","link":"https:\/\/www.smartswiss-systems.com\/fr\/produkt\/micro-casque-intra-auriculaire-titan-iec-2-tac\/","title":{"rendered":"Micro-casque intra-auriculaire TITAN IEC-2 TAC"},"content":{"rendered":"<p><strong>Casque intra-auriculaire TITAN \u2013 protection auditive maximale \u2013 perception de l&rsquo;environnement \u00e0 360\u00b0 \u2013 communiquer de mani\u00e8re fiable<\/strong><\/p>\n<p>Dans les moments critiques, chaque d\u00e9tail compte \u2013 et chaque mot. Le casque intra-auriculaire TITAN a \u00e9t\u00e9 d\u00e9velopp\u00e9 pour tous ceux qui doivent communiquer dans des conditions exigeantes, sans faire de compromis sur la s\u00e9curit\u00e9 ou l&rsquo;attention. <\/p>\n<p>\u00c9quip\u00e9 de microphones d&rsquo;ambiance intelligents, le syst\u00e8me prot\u00e8ge votre audition de mani\u00e8re fiable contre les niveaux de bruit dangereux \u2013 tout en vous permettant de percevoir avec pr\u00e9cision les bruits ambiants importants. Vous restez ainsi pr\u00eat \u00e0 agir, attentif et en s\u00e9curit\u00e9 \u00e0 tout moment. <\/p>\n<p>La pi\u00e8ce ma\u00eetresse : un microphone intra-auriculaire brevet\u00e9 qui enregistre les signaux vocaux directement dans le conduit auditif \u2013 m\u00eame un murmure est transmis de mani\u00e8re claire et compr\u00e9hensible. Id\u00e9al pour une communication discr\u00e8te dans des environnements d&rsquo;intervention bruyants ou sensibles. <\/p>\n<p>Parfaitement adapt\u00e9 au monophone portable Titan MM50-TAC, le casque s&rsquo;int\u00e8gre parfaitement aux solutions de communication professionnelles \u2013 pour les interventions o\u00f9 la fiabilit\u00e9 et la performance comptent.<\/p>\n","protected":false},"excerpt":{"rendered":"<p>Casque intra-auriculaire TITAN \u2013 protection auditive maximale \u2013 perception de l&rsquo;environnement \u00e0 360\u00b0 \u2013 communiquer de mani\u00e8re fiable Dans les moments critiques, chaque d\u00e9tail compte \u2013 et chaque mot. Le casque intra-auriculaire TITAN a \u00e9t\u00e9 d\u00e9velopp\u00e9 pour tous ceux qui doivent communiquer dans des conditions exigeantes, sans faire de compromis sur la s\u00e9curit\u00e9 ou l&rsquo;attention. [&hellip;]<\/p>\n","protected":false},"featured_media":4687,"comment_status":"closed","ping_status":"closed","template":"","meta":[],"product_brand":[],"product_cat":[209,416,415],"product_tag":[],"display-location":[158],"class_list":{"0":"post-4685","1":"product","2":"type-product","3":"status-publish","4":"has-post-thumbnail","6":"product_cat-polycom","7":"product_cat-systeme-tac","8":"product_cat-systemes-de-protection-auditive","9":"display-location-top-products","11":"first","12":"instock","13":"taxable","14":"shipping-taxable","15":"purchasable","16":"product-type-simple"},"tiered_pricing_type":"fixed","tiered_pricing_fixed_rules":[],"tiered_pricing_product_settings":{"layout":"default","base_unit_name":{"singular":null,"plural":null},"default_variation":null},"tiered_pricing_minimum_quantity":null,"tiered_pricing_roles_data":[],"tiered_pricing_percentage_rules":[],"_links":{"self":[{"href":"https:\/\/www.smartswiss-systems.com\/fr\/wp-json\/wp\/v2\/product\/4685","targetHints":{"allow":["GET"]}}],"collection":[{"href":"https:\/\/www.smartswiss-systems.com\/fr\/wp-json\/wp\/v2\/product"}],"about":[{"href":"https:\/\/www.smartswiss-systems.com\/fr\/wp-json\/wp\/v2\/types\/product"}],"replies":[{"embeddable":true,"href":"https:\/\/www.smartswiss-systems.com\/fr\/wp-json\/wp\/v2\/comments?post=4685"}],"wp:featuredmedia":[{"embeddable":true,"href":"https:\/\/www.smartswiss-systems.com\/fr\/wp-json\/wp\/v2\/media\/4687"}],"wp:attachment":[{"href":"https:\/\/www.smartswiss-systems.com\/fr\/wp-json\/wp\/v2\/media?parent=4685"}],"wp:term":[{"taxonomy":"product_brand","embeddable":true,"href":"https:\/\/www.smartswiss-systems.com\/fr\/wp-json\/wp\/v2\/product_brand?post=4685"},{"taxonomy":"product_cat","embeddable":true,"href":"https:\/\/www.smartswiss-systems.com\/fr\/wp-json\/wp\/v2\/product_cat?post=4685"},{"taxonomy":"product_tag","embeddable":true,"href":"https:\/\/www.smartswiss-systems.com\/fr\/wp-json\/wp\/v2\/product_tag?post=4685"},{"taxonomy":"display-location","embeddable":true,"href":"https:\/\/www.smartswiss-systems.com\/fr\/wp-json\/wp\/v2\/display-location?post=4685"}],"curies":[{"name":"wp","href":"https:\/\/api.w.org\/{rel}","templated":true}]}}