{"id":4648,"date":"2025-09-29T12:30:02","date_gmt":"2025-09-29T10:30:02","guid":{"rendered":"https:\/\/www.smartswiss-systems.com\/produkt\/casque-de-moto-shoei-neotec-3-audio-blanc-xxl\/"},"modified":"2026-04-10T14:46:51","modified_gmt":"2026-04-10T12:46:51","slug":"casque-de-moto-shoei-neotec-3-audio-blanc-xxl","status":"publish","type":"product","link":"https:\/\/www.smartswiss-systems.com\/fr\/produkt\/casque-de-moto-shoei-neotec-3-audio-blanc-xxl\/","title":{"rendered":"Casque de moto SHOEI Neotec 3 \u2013 Audio \u2013 blanc \u2013 XXL"},"content":{"rendered":"<p><strong>Casque de moto de police SHOEI Neotec 3 \u2013 La puissance de la communication alli\u00e9e \u00e0 une s\u00e9curit\u00e9 \u00e9prouv\u00e9e<\/strong><\/p>\n<p>Le SHOEI Neotec 3 est plus qu\u2019un casque de moto de haute qualit\u00e9 \u2013 c\u2019est une solution globale sp\u00e9cialement adapt\u00e9e aux interventions polici\u00e8res dans le cadre de la communication moto professionnelle Titan.<\/p>\n<p>Le casque est d\u00e9j\u00e0 \u00e9quip\u00e9 en usine d&rsquo;un syst\u00e8me de communication int\u00e9gr\u00e9 en titane. Celui-ci comprend un microphone \u00e9lectret \u00e0 col de cygne avec compensation de bruit et classe de protection IP67, qui permet une transmission vocale claire m\u00eame \u00e0 des vitesses \u00e9lev\u00e9es, pr\u00e9cis\u00e9ment l\u00e0 o\u00f9 le vent et le bruit de la route rendent la communication difficile.  Le syst\u00e8me est compl\u00e9t\u00e9 par deux haut-parleurs puissants de 1 watt (30 ohms) qui garantissent une communication claire et sans distorsion.<\/p>\n<p>La connexion au monophone Titan respectif (par ex. MM20 ou MM50 avec module Aircrypt) se fait via un c\u00e2ble spiral\u00e9 robuste avec connecteur Nexus. Le brochage correspond au standard Peltor. <\/p>\n<p>Une caract\u00e9ristique essentielle du SHOEI Neotec 3 est son homologation selon la norme actuelle ECE 22\/06, la norme de contr\u00f4le la plus \u00e9lev\u00e9e actuellement en vigueur pour les casques de moto en Europe. De plus, le casque dispose de la double homologation dite P\/J, qui l\u2019autorise \u00e0 la fois en \u00e9tat ferm\u00e9 et en \u00e9tat ouvert (mode casque jet) pour la circulation routi\u00e8re. <\/p>\n<p>Le casque est disponible en blanc (autres couleurs sur demande) et en diff\u00e9rentes tailles afin de garantir un confort de port optimal pour tous les utilisateurs.<\/p>\n","protected":false},"excerpt":{"rendered":"<p>Casque de moto de police SHOEI Neotec 3 \u2013 La puissance de la communication alli\u00e9e \u00e0 une s\u00e9curit\u00e9 \u00e9prouv\u00e9e Le SHOEI Neotec 3 est plus qu\u2019un casque de moto de haute qualit\u00e9 \u2013 c\u2019est une solution globale sp\u00e9cialement adapt\u00e9e aux interventions polici\u00e8res dans le cadre de la communication moto professionnelle Titan. Le casque est d\u00e9j\u00e0 [&hellip;]<\/p>\n","protected":false},"featured_media":4031,"comment_status":"closed","ping_status":"closed","template":"","meta":[],"product_brand":[],"product_cat":[407,209,406],"product_tag":[],"display-location":[],"class_list":{"0":"post-4648","1":"product","2":"type-product","3":"status-publish","4":"has-post-thumbnail","6":"product_cat-casques","7":"product_cat-polycom","8":"product_cat-solutions-pour-motos","10":"first","11":"instock","12":"taxable","13":"shipping-taxable","14":"purchasable","15":"product-type-simple"},"tiered_pricing_type":"fixed","tiered_pricing_fixed_rules":[],"tiered_pricing_product_settings":{"layout":"default","base_unit_name":{"singular":null,"plural":null},"default_variation":null},"tiered_pricing_minimum_quantity":null,"tiered_pricing_roles_data":[],"tiered_pricing_percentage_rules":[],"_links":{"self":[{"href":"https:\/\/www.smartswiss-systems.com\/fr\/wp-json\/wp\/v2\/product\/4648","targetHints":{"allow":["GET"]}}],"collection":[{"href":"https:\/\/www.smartswiss-systems.com\/fr\/wp-json\/wp\/v2\/product"}],"about":[{"href":"https:\/\/www.smartswiss-systems.com\/fr\/wp-json\/wp\/v2\/types\/product"}],"replies":[{"embeddable":true,"href":"https:\/\/www.smartswiss-systems.com\/fr\/wp-json\/wp\/v2\/comments?post=4648"}],"wp:featuredmedia":[{"embeddable":true,"href":"https:\/\/www.smartswiss-systems.com\/fr\/wp-json\/wp\/v2\/media\/4031"}],"wp:attachment":[{"href":"https:\/\/www.smartswiss-systems.com\/fr\/wp-json\/wp\/v2\/media?parent=4648"}],"wp:term":[{"taxonomy":"product_brand","embeddable":true,"href":"https:\/\/www.smartswiss-systems.com\/fr\/wp-json\/wp\/v2\/product_brand?post=4648"},{"taxonomy":"product_cat","embeddable":true,"href":"https:\/\/www.smartswiss-systems.com\/fr\/wp-json\/wp\/v2\/product_cat?post=4648"},{"taxonomy":"product_tag","embeddable":true,"href":"https:\/\/www.smartswiss-systems.com\/fr\/wp-json\/wp\/v2\/product_tag?post=4648"},{"taxonomy":"display-location","embeddable":true,"href":"https:\/\/www.smartswiss-systems.com\/fr\/wp-json\/wp\/v2\/display-location?post=4648"}],"curies":[{"name":"wp","href":"https:\/\/api.w.org\/{rel}","templated":true}]}}