{"id":4595,"date":"2025-09-27T13:29:44","date_gmt":"2025-09-27T11:29:44","guid":{"rendered":"https:\/\/www.smartswiss-systems.com\/produkt\/casque-leger-haut-parleur-unilateral-microphone-col-de-cygne-ptt-en-ligne-tph900\/"},"modified":"2025-12-03T13:38:27","modified_gmt":"2025-12-03T12:38:27","slug":"casque-leger-haut-parleur-unilateral-microphone-col-de-cygne-ptt-en-ligne-tph900","status":"publish","type":"product","link":"https:\/\/www.smartswiss-systems.com\/fr\/produkt\/casque-leger-haut-parleur-unilateral-microphone-col-de-cygne-ptt-en-ligne-tph900\/","title":{"rendered":"Casque l\u00e9ger \u2013 Haut-parleur unilat\u00e9ral \u2013 Microphone col de cygne \u2013 PTT en ligne \u2013 TPH900"},"content":{"rendered":"<p><strong>Casque l\u00e9ger avec PTT en ligne pour Polycom TPH900<\/strong><\/p>\n<p>Ce casque unilat\u00e9ral a \u00e9t\u00e9 sp\u00e9cialement con\u00e7u pour une utilisation professionnelle dans les centres de contr\u00f4le, les postes de commandement et la protection civile. Il se connecte directement \u00e0 la radio portable Polycom TPH900. <\/p>\n<p>La conception l\u00e9g\u00e8re assure un confort \u00e9lev\u00e9, m\u00eame lors d&rsquo;interventions prolong\u00e9es. Le haut-parleur unilat\u00e9ral laisse une oreille libre pour continuer \u00e0 percevoir les bruits ambiants ou les instructions dans la pi\u00e8ce \u2013 id\u00e9al pour la communication dans des environnements d&rsquo;intervention dynamiques. <\/p>\n<p>Le microphone col de cygne rotatif peut \u00eatre orient\u00e9 de mani\u00e8re flexible vers le haut ou vers le bas et s&rsquo;adapter de mani\u00e8re optimale \u00e0 l&rsquo;utilisateur. Le bouton Push-to-Talk (PTT) int\u00e9gr\u00e9 dans le c\u00e2ble permet de communiquer sans avoir \u00e0 prendre la radio en main. <\/p>\n<p>Populaire aupr\u00e8s des \u00e9quipes d&rsquo;intervention dans la protection civile et dans les postes de commandement, ce casque offre une solution fiable et pratique pour la communication radio professionnelle.<\/p>\n","protected":false},"excerpt":{"rendered":"<p>Casque l\u00e9ger avec PTT en ligne pour Polycom TPH900 Ce casque unilat\u00e9ral a \u00e9t\u00e9 sp\u00e9cialement con\u00e7u pour une utilisation professionnelle dans les centres de contr\u00f4le, les postes de commandement et la protection civile. Il se connecte directement \u00e0 la radio portable Polycom TPH900. La conception l\u00e9g\u00e8re assure un confort \u00e9lev\u00e9, m\u00eame lors d&rsquo;interventions prolong\u00e9es. Le [&hellip;]<\/p>\n","protected":false},"featured_media":5738,"comment_status":"closed","ping_status":"closed","template":"","meta":[],"product_brand":[],"product_cat":[212,377,383,209,210],"product_tag":[],"display-location":[],"class_list":{"0":"post-4595","1":"product","2":"type-product","3":"status-publish","4":"has-post-thumbnail","6":"product_cat-accessoires-radio","7":"product_cat-casques","8":"product_cat-casques-et-oreillettes-4-poles","9":"product_cat-polycom","10":"product_cat-tph900","12":"first","13":"instock","14":"taxable","15":"shipping-taxable","16":"purchasable","17":"product-type-simple"},"tiered_pricing_type":"fixed","tiered_pricing_fixed_rules":[],"tiered_pricing_product_settings":{"layout":"default","base_unit_name":{"singular":null,"plural":null},"default_variation":null},"tiered_pricing_minimum_quantity":null,"tiered_pricing_roles_data":[],"tiered_pricing_percentage_rules":[],"_links":{"self":[{"href":"https:\/\/www.smartswiss-systems.com\/fr\/wp-json\/wp\/v2\/product\/4595","targetHints":{"allow":["GET"]}}],"collection":[{"href":"https:\/\/www.smartswiss-systems.com\/fr\/wp-json\/wp\/v2\/product"}],"about":[{"href":"https:\/\/www.smartswiss-systems.com\/fr\/wp-json\/wp\/v2\/types\/product"}],"replies":[{"embeddable":true,"href":"https:\/\/www.smartswiss-systems.com\/fr\/wp-json\/wp\/v2\/comments?post=4595"}],"wp:featuredmedia":[{"embeddable":true,"href":"https:\/\/www.smartswiss-systems.com\/fr\/wp-json\/wp\/v2\/media\/5738"}],"wp:attachment":[{"href":"https:\/\/www.smartswiss-systems.com\/fr\/wp-json\/wp\/v2\/media?parent=4595"}],"wp:term":[{"taxonomy":"product_brand","embeddable":true,"href":"https:\/\/www.smartswiss-systems.com\/fr\/wp-json\/wp\/v2\/product_brand?post=4595"},{"taxonomy":"product_cat","embeddable":true,"href":"https:\/\/www.smartswiss-systems.com\/fr\/wp-json\/wp\/v2\/product_cat?post=4595"},{"taxonomy":"product_tag","embeddable":true,"href":"https:\/\/www.smartswiss-systems.com\/fr\/wp-json\/wp\/v2\/product_tag?post=4595"},{"taxonomy":"display-location","embeddable":true,"href":"https:\/\/www.smartswiss-systems.com\/fr\/wp-json\/wp\/v2\/display-location?post=4595"}],"curies":[{"name":"wp","href":"https:\/\/api.w.org\/{rel}","templated":true}]}}