{"id":4563,"date":"2025-09-27T18:09:53","date_gmt":"2025-09-27T16:09:53","guid":{"rendered":"https:\/\/www.smartswiss-systems.com\/produkt\/ecouteurs-tubulaires-acoustiques-4-poles-microphone-en-ligne-cable-droit-fiche-jack-droite-de-35-mm-noir\/"},"modified":"2025-12-03T13:42:46","modified_gmt":"2025-12-03T12:42:46","slug":"ecouteurs-tubulaires-acoustiques-4-poles-microphone-en-ligne-cable-droit-fiche-jack-droite-de-35-mm-noir","status":"publish","type":"product","link":"https:\/\/www.smartswiss-systems.com\/fr\/produkt\/ecouteurs-tubulaires-acoustiques-4-poles-microphone-en-ligne-cable-droit-fiche-jack-droite-de-35-mm-noir\/","title":{"rendered":"\u00c9couteurs tubulaires acoustiques 4 p\u00f4les \u2013 Microphone en ligne \u2013 C\u00e2ble droit \u2013 Fiche jack droite de 3,5 mm \u2013 noir"},"content":{"rendered":"<p><strong>\u00c9couteurs \u00e0 tube acoustique avec fiche jack 3,5 mm \u00e0 4 p\u00f4les pour Airbus TPH900 Monophon<\/strong><\/p>\n<p>Ces \u00e9couteurs professionnels \u00e0 tube acoustique ont \u00e9t\u00e9 sp\u00e9cialement con\u00e7us pour \u00eatre utilis\u00e9s avec le Monophon Airbus TPH900 (Polycom) original. La fiche jack droite 3,5 mm \u00e0 4 p\u00f4les s&rsquo;adapte \u00e0 la prise 4 p\u00f4les du Monophon Airbus TPH900. <\/p>\n<p>Selon l&rsquo;utilisation pr\u00e9vue, les \u00e9couteurs sont disponibles en deux couleurs : avec un c\u00e2ble noir ou couleur chair \u2013 pour un port discret en uniforme ou en civil. Une version avec microphone int\u00e9gr\u00e9 dans le c\u00e2ble (noir) est \u00e9galement disponible, fonctionnant de la m\u00eame mani\u00e8re qu&rsquo;un microphone en ligne de smartphone. <\/p>\n<p>Compacts, fiables et adapt\u00e9s \u00e0 un usage professionnel, ces \u00e9couteurs sont le compl\u00e9ment id\u00e9al du Monophon Airbus TPH900.<\/p>\n","protected":false},"excerpt":{"rendered":"<p>\u00c9couteurs \u00e0 tube acoustique avec fiche jack 3,5 mm \u00e0 4 p\u00f4les pour Airbus TPH900 Monophon Ces \u00e9couteurs professionnels \u00e0 tube acoustique ont \u00e9t\u00e9 sp\u00e9cialement con\u00e7us pour \u00eatre utilis\u00e9s avec le Monophon Airbus TPH900 (Polycom) original. La fiche jack droite 3,5 mm \u00e0 4 p\u00f4les s&rsquo;adapte \u00e0 la prise 4 p\u00f4les du Monophon Airbus TPH900. [&hellip;]<\/p>\n","protected":false},"featured_media":4564,"comment_status":"closed","ping_status":"closed","template":"","meta":[],"product_brand":[],"product_cat":[212,383,251,384,209,210],"product_tag":[],"display-location":[],"class_list":{"0":"post-4563","1":"product","2":"type-product","3":"status-publish","4":"has-post-thumbnail","6":"product_cat-accessoires-radio","7":"product_cat-casques-et-oreillettes-4-poles","8":"product_cat-ecouteurs","9":"product_cat-ecouteurs-4-poles","10":"product_cat-polycom","11":"product_cat-tph900","13":"first","14":"instock","15":"taxable","16":"shipping-taxable","17":"purchasable","18":"product-type-simple"},"tiered_pricing_type":"fixed","tiered_pricing_fixed_rules":[],"tiered_pricing_product_settings":{"layout":"default","base_unit_name":{"singular":null,"plural":null},"default_variation":null},"tiered_pricing_minimum_quantity":null,"tiered_pricing_roles_data":[],"tiered_pricing_percentage_rules":[],"_links":{"self":[{"href":"https:\/\/www.smartswiss-systems.com\/fr\/wp-json\/wp\/v2\/product\/4563","targetHints":{"allow":["GET"]}}],"collection":[{"href":"https:\/\/www.smartswiss-systems.com\/fr\/wp-json\/wp\/v2\/product"}],"about":[{"href":"https:\/\/www.smartswiss-systems.com\/fr\/wp-json\/wp\/v2\/types\/product"}],"replies":[{"embeddable":true,"href":"https:\/\/www.smartswiss-systems.com\/fr\/wp-json\/wp\/v2\/comments?post=4563"}],"wp:featuredmedia":[{"embeddable":true,"href":"https:\/\/www.smartswiss-systems.com\/fr\/wp-json\/wp\/v2\/media\/4564"}],"wp:attachment":[{"href":"https:\/\/www.smartswiss-systems.com\/fr\/wp-json\/wp\/v2\/media?parent=4563"}],"wp:term":[{"taxonomy":"product_brand","embeddable":true,"href":"https:\/\/www.smartswiss-systems.com\/fr\/wp-json\/wp\/v2\/product_brand?post=4563"},{"taxonomy":"product_cat","embeddable":true,"href":"https:\/\/www.smartswiss-systems.com\/fr\/wp-json\/wp\/v2\/product_cat?post=4563"},{"taxonomy":"product_tag","embeddable":true,"href":"https:\/\/www.smartswiss-systems.com\/fr\/wp-json\/wp\/v2\/product_tag?post=4563"},{"taxonomy":"display-location","embeddable":true,"href":"https:\/\/www.smartswiss-systems.com\/fr\/wp-json\/wp\/v2\/display-location?post=4563"}],"curies":[{"name":"wp","href":"https:\/\/api.w.org\/{rel}","templated":true}]}}