{"id":4551,"date":"2025-09-27T21:11:36","date_gmt":"2025-09-27T19:11:36","guid":{"rendered":"https:\/\/www.smartswiss-systems.com\/produkt\/kit-oreillette-a-conduction-laryngale-tube-acoustique-ptt-en-ligne-tph900\/"},"modified":"2025-12-03T13:38:34","modified_gmt":"2025-12-03T12:38:34","slug":"kit-oreillette-a-conduction-laryngale-tube-acoustique-ptt-en-ligne-tph900","status":"publish","type":"product","link":"https:\/\/www.smartswiss-systems.com\/fr\/produkt\/kit-oreillette-a-conduction-laryngale-tube-acoustique-ptt-en-ligne-tph900\/","title":{"rendered":"Kit oreillette \u00e0 conduction laryngale \u2013 Tube acoustique \u2013 PTT en ligne \u2013 TPH900"},"content":{"rendered":"<p><strong>Kit oreillette \u00e0 conduction laryngale avec \u00e9couteur \u00e0 tube acoustique et grand PTT en ligne pour Polycom TPH900<\/strong><\/p>\n<p>Ce kit oreillette \u00e0 conduction laryngale a \u00e9t\u00e9 d\u00e9velopp\u00e9 pour les exigences professionnelles des forces de s\u00e9curit\u00e9 et d\u2019intervention \u2013 par exemple, la police, les pompiers ou l\u2019arm\u00e9e \u2013 et offre une transmission vocale particuli\u00e8rement s\u00fbre et claire, m\u00eame dans des conditions difficiles. Il est directement connect\u00e9 \u00e0 la radio portative Polycom TPH900.<\/p>\n<p>Le syst\u00e8me combine un \u00e9couteur \u00e0 tube acoustique, qui se place discr\u00e8tement dans l\u2019oreille, avec une solution de microphone laryngal qui capte les vibrations directement au niveau de la gorge. Ainsi, les signaux vocaux parviennent de mani\u00e8re fiable \u00e0 la radio, m\u00eame dans un environnement bruyant ou lorsque des v\u00eatements de protection, des casques ou des masques respiratoires sont port\u00e9s. <\/p>\n<p>Le grand bouton PTT en ligne est robuste et peut \u00eatre utilis\u00e9 de mani\u00e8re fiable aussi bien \u00e0 mains nues qu\u2019avec des gants.<\/p>\n<p>Le kit offre une transmission vocale fiable, reste op\u00e9rationnel m\u00eame sous des v\u00eatements de protection, permet une communication discr\u00e8te et se distingue par une manipulation simple et une grande aptitude \u00e0 l\u2019utilisation quotidienne.<\/p>\n","protected":false},"excerpt":{"rendered":"<p>Kit oreillette \u00e0 conduction laryngale avec \u00e9couteur \u00e0 tube acoustique et grand PTT en ligne pour Polycom TPH900 Ce kit oreillette \u00e0 conduction laryngale a \u00e9t\u00e9 d\u00e9velopp\u00e9 pour les exigences professionnelles des forces de s\u00e9curit\u00e9 et d\u2019intervention \u2013 par exemple, la police, les pompiers ou l\u2019arm\u00e9e \u2013 et offre une transmission vocale particuli\u00e8rement s\u00fbre et [&hellip;]<\/p>\n","protected":false},"featured_media":5997,"comment_status":"closed","ping_status":"closed","template":"","meta":[],"product_brand":[],"product_cat":[212,377,463,376,209,210],"product_tag":[],"display-location":[],"class_list":{"0":"post-4551","1":"product","2":"type-product","3":"status-publish","4":"has-post-thumbnail","6":"product_cat-accessoires-radio","7":"product_cat-casques","8":"product_cat-kits-oreillettes-a-conduction-laryngale","10":"product_cat-polycom","11":"product_cat-tph900","13":"first","14":"instock","15":"taxable","16":"shipping-taxable","17":"purchasable","18":"product-type-simple"},"tiered_pricing_type":"fixed","tiered_pricing_fixed_rules":[],"tiered_pricing_product_settings":{"layout":"default","base_unit_name":{"singular":null,"plural":null},"default_variation":null},"tiered_pricing_minimum_quantity":null,"tiered_pricing_roles_data":[],"tiered_pricing_percentage_rules":[],"_links":{"self":[{"href":"https:\/\/www.smartswiss-systems.com\/fr\/wp-json\/wp\/v2\/product\/4551","targetHints":{"allow":["GET"]}}],"collection":[{"href":"https:\/\/www.smartswiss-systems.com\/fr\/wp-json\/wp\/v2\/product"}],"about":[{"href":"https:\/\/www.smartswiss-systems.com\/fr\/wp-json\/wp\/v2\/types\/product"}],"replies":[{"embeddable":true,"href":"https:\/\/www.smartswiss-systems.com\/fr\/wp-json\/wp\/v2\/comments?post=4551"}],"wp:featuredmedia":[{"embeddable":true,"href":"https:\/\/www.smartswiss-systems.com\/fr\/wp-json\/wp\/v2\/media\/5997"}],"wp:attachment":[{"href":"https:\/\/www.smartswiss-systems.com\/fr\/wp-json\/wp\/v2\/media?parent=4551"}],"wp:term":[{"taxonomy":"product_brand","embeddable":true,"href":"https:\/\/www.smartswiss-systems.com\/fr\/wp-json\/wp\/v2\/product_brand?post=4551"},{"taxonomy":"product_cat","embeddable":true,"href":"https:\/\/www.smartswiss-systems.com\/fr\/wp-json\/wp\/v2\/product_cat?post=4551"},{"taxonomy":"product_tag","embeddable":true,"href":"https:\/\/www.smartswiss-systems.com\/fr\/wp-json\/wp\/v2\/product_tag?post=4551"},{"taxonomy":"display-location","embeddable":true,"href":"https:\/\/www.smartswiss-systems.com\/fr\/wp-json\/wp\/v2\/display-location?post=4551"}],"curies":[{"name":"wp","href":"https:\/\/api.w.org\/{rel}","templated":true}]}}