{"id":4550,"date":"2025-09-28T18:41:30","date_gmt":"2025-09-28T16:41:30","guid":{"rendered":"https:\/\/www.smartswiss-systems.com\/produkt\/kit-de-connecteurs-de-rechange-tph900\/"},"modified":"2025-12-03T13:43:13","modified_gmt":"2025-12-03T12:43:13","slug":"kit-de-connecteurs-de-rechange-tph900","status":"publish","type":"product","link":"https:\/\/www.smartswiss-systems.com\/fr\/produkt\/kit-de-connecteurs-de-rechange-tph900\/","title":{"rendered":"Kit de connecteurs de rechange TPH900"},"content":{"rendered":"<p><strong>Composants de rechange pour les accessoires radio Polycom TPH900<\/strong><\/p>\n<p>Nos composants de rechange pour les accessoires radio Polycom TPH900 garantissent que votre \u00e9quipement reste fiable, m\u00eame dans les conditions les plus difficiles. L&rsquo;usure due \u00e0 l&rsquo;utilisation quotidienne ou aux influences impr\u00e9vues, telles que les dommages lors d&rsquo;une intervention, font partie du quotidien. Nos pi\u00e8ces de rechange sont sp\u00e9cialement con\u00e7ues pour assurer la long\u00e9vit\u00e9 et la pleine fonctionnalit\u00e9 de vos accessoires radio.  <\/p>\n<p>Qu&rsquo;il s&rsquo;agisse de c\u00e2bles, de chargeurs ou de microphones, nos pi\u00e8ces de rechange se distinguent par leur haute r\u00e9sistance, afin que vos accessoires radio restent toujours pr\u00eats \u00e0 l&#8217;emploi. Notre service rapide et simple vous garantit de recevoir rapidement la pi\u00e8ce de rechange appropri\u00e9e en cas de besoin. Si la pi\u00e8ce de rechange n\u00e9cessaire ne figure pas dans la liste, n&rsquo;h\u00e9sitez pas \u00e0 nous contacter, nous trouverons une solution.  <\/p>\n<p><strong>Pour une fonctionnalit\u00e9 \u00e0 long terme de votre \u00e9quipement.<\/strong><\/p>\n","protected":false},"excerpt":{"rendered":"<p>Composants de rechange pour les accessoires radio Polycom TPH900 Nos composants de rechange pour les accessoires radio Polycom TPH900 garantissent que votre \u00e9quipement reste fiable, m\u00eame dans les conditions les plus difficiles. L&rsquo;usure due \u00e0 l&rsquo;utilisation quotidienne ou aux influences impr\u00e9vues, telles que les dommages lors d&rsquo;une intervention, font partie du quotidien. Nos pi\u00e8ces de [&hellip;]<\/p>\n","protected":false},"featured_media":4552,"comment_status":"closed","ping_status":"closed","template":"","meta":[],"product_brand":[],"product_cat":[375,209,210],"product_tag":[],"display-location":[],"class_list":{"0":"post-4550","1":"product","2":"type-product","3":"status-publish","4":"has-post-thumbnail","6":"product_cat-pieces-de-rechange","7":"product_cat-polycom","8":"product_cat-tph900","10":"first","11":"instock","12":"taxable","13":"shipping-taxable","14":"purchasable","15":"product-type-simple"},"tiered_pricing_type":"fixed","tiered_pricing_fixed_rules":{"10":37.05,"30":35.1,"50":33.15},"tiered_pricing_product_settings":{"layout":"default","base_unit_name":{"singular":null,"plural":null},"default_variation":null},"tiered_pricing_minimum_quantity":null,"tiered_pricing_roles_data":[],"tiered_pricing_percentage_rules":[],"_links":{"self":[{"href":"https:\/\/www.smartswiss-systems.com\/fr\/wp-json\/wp\/v2\/product\/4550","targetHints":{"allow":["GET"]}}],"collection":[{"href":"https:\/\/www.smartswiss-systems.com\/fr\/wp-json\/wp\/v2\/product"}],"about":[{"href":"https:\/\/www.smartswiss-systems.com\/fr\/wp-json\/wp\/v2\/types\/product"}],"replies":[{"embeddable":true,"href":"https:\/\/www.smartswiss-systems.com\/fr\/wp-json\/wp\/v2\/comments?post=4550"}],"wp:featuredmedia":[{"embeddable":true,"href":"https:\/\/www.smartswiss-systems.com\/fr\/wp-json\/wp\/v2\/media\/4552"}],"wp:attachment":[{"href":"https:\/\/www.smartswiss-systems.com\/fr\/wp-json\/wp\/v2\/media?parent=4550"}],"wp:term":[{"taxonomy":"product_brand","embeddable":true,"href":"https:\/\/www.smartswiss-systems.com\/fr\/wp-json\/wp\/v2\/product_brand?post=4550"},{"taxonomy":"product_cat","embeddable":true,"href":"https:\/\/www.smartswiss-systems.com\/fr\/wp-json\/wp\/v2\/product_cat?post=4550"},{"taxonomy":"product_tag","embeddable":true,"href":"https:\/\/www.smartswiss-systems.com\/fr\/wp-json\/wp\/v2\/product_tag?post=4550"},{"taxonomy":"display-location","embeddable":true,"href":"https:\/\/www.smartswiss-systems.com\/fr\/wp-json\/wp\/v2\/display-location?post=4550"}],"curies":[{"name":"wp","href":"https:\/\/api.w.org\/{rel}","templated":true}]}}