{"id":4540,"date":"2025-09-22T20:09:34","date_gmt":"2025-09-22T18:09:34","guid":{"rendered":"https:\/\/www.smartswiss-systems.com\/produkt\/monophone-manuel-m03-pour-tph700-cable-spirale-270mm\/"},"modified":"2025-12-03T13:40:53","modified_gmt":"2025-12-03T12:40:53","slug":"monophone-manuel-m03-pour-tph700-cable-spirale-270mm","status":"publish","type":"product","link":"https:\/\/www.smartswiss-systems.com\/fr\/produkt\/monophone-manuel-m03-pour-tph700-cable-spirale-270mm\/","title":{"rendered":"Monophone manuel M03 pour TPH700 \u2013 C\u00e2ble spiral\u00e9 270mm"},"content":{"rendered":"<p><strong>Monophone M03 pour radio portative Polycom TPH700<\/strong><\/p>\n<p>Le monophone M03 pour la radio portative Polycom TPH700 est un monophone extr\u00eamement robuste et fiable, parfaitement adapt\u00e9 \u00e0 une utilisation quotidienne dans les conditions les plus difficiles. Il a fait ses preuves dans de nombreuses organisations de services d&rsquo;urgence et reste un accessoire indispensable m\u00eame apr\u00e8s le remplacement national du TPH700 par le nouveau TPH900, car de nombreux appareils TPH700 resteront en service \u00e0 l&rsquo;avenir. <\/p>\n<p>Avec la classe de protection IP67, le M03 est enti\u00e8rement prot\u00e9g\u00e9 contre la poussi\u00e8re et l&rsquo;eau, ce qui le rend id\u00e9al pour les conditions d&rsquo;utilisation les plus exigeantes. Le c\u00e2ble radio renforc\u00e9 assure une durabilit\u00e9 particuli\u00e8rement \u00e9lev\u00e9e. <\/p>\n<p>Gr\u00e2ce \u00e0 sa conception ergonomique, le M03 tient confortablement dans la main et permet une utilisation confortable sur de longues p\u00e9riodes. Des \u00e9couteurs externes peuvent \u00eatre connect\u00e9s si n\u00e9cessaire via la prise jack 3,5 mm int\u00e9gr\u00e9e. <\/p>\n<p><strong>Nous continuons \u00e0 proposer le monophone M03 dans notre gamme tant que le TPH700 est en service.<\/strong><\/p>\n","protected":false},"excerpt":{"rendered":"<p>Monophone M03 pour radio portative Polycom TPH700 Le monophone M03 pour la radio portative Polycom TPH700 est un monophone extr\u00eamement robuste et fiable, parfaitement adapt\u00e9 \u00e0 une utilisation quotidienne dans les conditions les plus difficiles. Il a fait ses preuves dans de nombreuses organisations de services d&rsquo;urgence et reste un accessoire indispensable m\u00eame apr\u00e8s le [&hellip;]<\/p>\n","protected":false},"featured_media":4084,"comment_status":"closed","ping_status":"closed","template":"","meta":[],"product_brand":[],"product_cat":[212,369,214,209,231,357],"product_tag":[],"display-location":[],"class_list":{"0":"post-4540","1":"product","2":"type-product","3":"status-publish","4":"has-post-thumbnail","6":"product_cat-accessoires-radio","7":"product_cat-monophones","8":"product_cat-monophones-2","9":"product_cat-polycom","10":"product_cat-serie-m03","11":"product_cat-tph700","13":"first","14":"instock","15":"taxable","16":"shipping-taxable","17":"purchasable","18":"product-type-simple"},"tiered_pricing_type":"fixed","tiered_pricing_fixed_rules":[],"tiered_pricing_product_settings":{"layout":"default","base_unit_name":{"singular":null,"plural":null},"default_variation":null},"tiered_pricing_minimum_quantity":null,"tiered_pricing_roles_data":[],"tiered_pricing_percentage_rules":[],"_links":{"self":[{"href":"https:\/\/www.smartswiss-systems.com\/fr\/wp-json\/wp\/v2\/product\/4540","targetHints":{"allow":["GET"]}}],"collection":[{"href":"https:\/\/www.smartswiss-systems.com\/fr\/wp-json\/wp\/v2\/product"}],"about":[{"href":"https:\/\/www.smartswiss-systems.com\/fr\/wp-json\/wp\/v2\/types\/product"}],"replies":[{"embeddable":true,"href":"https:\/\/www.smartswiss-systems.com\/fr\/wp-json\/wp\/v2\/comments?post=4540"}],"wp:featuredmedia":[{"embeddable":true,"href":"https:\/\/www.smartswiss-systems.com\/fr\/wp-json\/wp\/v2\/media\/4084"}],"wp:attachment":[{"href":"https:\/\/www.smartswiss-systems.com\/fr\/wp-json\/wp\/v2\/media?parent=4540"}],"wp:term":[{"taxonomy":"product_brand","embeddable":true,"href":"https:\/\/www.smartswiss-systems.com\/fr\/wp-json\/wp\/v2\/product_brand?post=4540"},{"taxonomy":"product_cat","embeddable":true,"href":"https:\/\/www.smartswiss-systems.com\/fr\/wp-json\/wp\/v2\/product_cat?post=4540"},{"taxonomy":"product_tag","embeddable":true,"href":"https:\/\/www.smartswiss-systems.com\/fr\/wp-json\/wp\/v2\/product_tag?post=4540"},{"taxonomy":"display-location","embeddable":true,"href":"https:\/\/www.smartswiss-systems.com\/fr\/wp-json\/wp\/v2\/display-location?post=4540"}],"curies":[{"name":"wp","href":"https:\/\/api.w.org\/{rel}","templated":true}]}}