{"id":4530,"date":"2025-09-22T20:23:22","date_gmt":"2025-09-22T18:23:22","guid":{"rendered":"https:\/\/www.smartswiss-systems.com\/produkt\/monophone-portable-mm20-vers-tph700-savox-01\/"},"modified":"2025-12-15T14:43:11","modified_gmt":"2025-12-15T13:43:11","slug":"monophone-portable-mm20-vers-tph700-savox-01","status":"publish","type":"product","link":"https:\/\/www.smartswiss-systems.com\/fr\/produkt\/monophone-portable-mm20-vers-tph700-savox-01\/","title":{"rendered":"Monophone portable MM20 vers TPH700 \u2013 Savox (01)"},"content":{"rendered":"<p><strong>Monophone TITAN MM20 pour radio portable Polycom TPH700<\/strong><\/p>\n<p>Le TITAN MM20 est un monophone de haute qualit\u00e9 et particuli\u00e8rement robuste pour la radio portable Polycom TPH700 \u2013 con\u00e7u pour une utilisation quotidienne dans des environnements exigeants. M\u00eame apr\u00e8s le remplacement national du TPH700 par le nouveau TPH900, cet accessoire reste demand\u00e9, car de nombreux appareils TPH700 sont encore en service. C&rsquo;est pourquoi nous continuons \u00e0 proposer le monophone MM20 dans notre gamme.<\/p>\n<p>Avec son indice de protection IP67, le MM20 est enti\u00e8rement prot\u00e9g\u00e9 contre la poussi\u00e8re et l&rsquo;eau et offre, en combinaison avec sa construction r\u00e9sistante, une transmission vocale fiable, m\u00eame dans des conditions extr\u00eames. Deux touches PTT facilement accessibles (avant et lat\u00e9rale) permettent une utilisation s\u00fbre, m\u00eame avec des gants.<\/p>\n<p>\u00c9quip\u00e9 d&rsquo;une prise Nexus \u00e0 4 p\u00f4les et d&rsquo;une prise jack de 3,5 mm, le MM20 offre des possibilit\u00e9s de connexion flexibles pour divers accessoires audio. Le clip de fixation rotatif et verrouillable assure un maintien s\u00fbr \u00e0 chaque mouvement.<\/p>\n<p><strong>Nous continuons \u00e0 proposer le monophone M20 dans notre gamme tant que le TPH700 reste en service.<\/strong><\/p>\n","protected":false},"excerpt":{"rendered":"<p>Monophone TITAN MM20 pour radio portable Polycom TPH700 Le TITAN MM20 est un monophone de haute qualit\u00e9 et particuli\u00e8rement robuste pour la radio portable Polycom TPH700 \u2013 con\u00e7u pour une utilisation quotidienne dans des environnements exigeants. M\u00eame apr\u00e8s le remplacement national du TPH700 par le nouveau TPH900, cet accessoire reste demand\u00e9, car de nombreux appareils [&hellip;]<\/p>\n","protected":false},"featured_media":5427,"comment_status":"closed","ping_status":"closed","template":"","meta":[],"product_brand":[],"product_cat":[212,369,214,209,213,357],"product_tag":[],"display-location":[],"class_list":{"0":"post-4530","1":"product","2":"type-product","3":"status-publish","4":"has-post-thumbnail","6":"product_cat-accessoires-radio","7":"product_cat-monophones","8":"product_cat-monophones-2","9":"product_cat-polycom","10":"product_cat-serie-mm20","11":"product_cat-tph700","13":"first","14":"instock","15":"taxable","16":"shipping-taxable","17":"purchasable","18":"product-type-simple"},"tiered_pricing_type":"fixed","tiered_pricing_fixed_rules":[],"tiered_pricing_product_settings":{"layout":"default","base_unit_name":{"singular":null,"plural":null},"default_variation":null},"tiered_pricing_minimum_quantity":null,"tiered_pricing_roles_data":[],"tiered_pricing_percentage_rules":[],"_links":{"self":[{"href":"https:\/\/www.smartswiss-systems.com\/fr\/wp-json\/wp\/v2\/product\/4530","targetHints":{"allow":["GET"]}}],"collection":[{"href":"https:\/\/www.smartswiss-systems.com\/fr\/wp-json\/wp\/v2\/product"}],"about":[{"href":"https:\/\/www.smartswiss-systems.com\/fr\/wp-json\/wp\/v2\/types\/product"}],"replies":[{"embeddable":true,"href":"https:\/\/www.smartswiss-systems.com\/fr\/wp-json\/wp\/v2\/comments?post=4530"}],"wp:featuredmedia":[{"embeddable":true,"href":"https:\/\/www.smartswiss-systems.com\/fr\/wp-json\/wp\/v2\/media\/5427"}],"wp:attachment":[{"href":"https:\/\/www.smartswiss-systems.com\/fr\/wp-json\/wp\/v2\/media?parent=4530"}],"wp:term":[{"taxonomy":"product_brand","embeddable":true,"href":"https:\/\/www.smartswiss-systems.com\/fr\/wp-json\/wp\/v2\/product_brand?post=4530"},{"taxonomy":"product_cat","embeddable":true,"href":"https:\/\/www.smartswiss-systems.com\/fr\/wp-json\/wp\/v2\/product_cat?post=4530"},{"taxonomy":"product_tag","embeddable":true,"href":"https:\/\/www.smartswiss-systems.com\/fr\/wp-json\/wp\/v2\/product_tag?post=4530"},{"taxonomy":"display-location","embeddable":true,"href":"https:\/\/www.smartswiss-systems.com\/fr\/wp-json\/wp\/v2\/display-location?post=4530"}],"curies":[{"name":"wp","href":"https:\/\/api.w.org\/{rel}","templated":true}]}}