{"id":4529,"date":"2025-09-23T14:42:15","date_gmt":"2025-09-23T12:42:15","guid":{"rendered":"https:\/\/www.smartswiss-systems.com\/produkt\/kit-oreillette-microphone-a-2-cables-avec-tube-acoustique-tph900\/"},"modified":"2026-03-24T10:37:11","modified_gmt":"2026-03-24T09:37:11","slug":"kit-oreillette-microphone-a-2-cables-avec-tube-acoustique-tph900","status":"publish","type":"product","link":"https:\/\/www.smartswiss-systems.com\/fr\/produkt\/kit-oreillette-microphone-a-2-cables-avec-tube-acoustique-tph900\/","title":{"rendered":"Kit oreillette\/microphone \u00e0 2 c\u00e2bles avec tube acoustique \u2013 TPH900"},"content":{"rendered":"<p><strong>Kits oreillette\/microphone \u00e0 2 c\u00e2bles pour TPH900<\/strong><\/p>\n<p>Ces kits oreillette\/microphone \u00e0 2 c\u00e2bles sont con\u00e7us pour une connexion directe au Polycom TPH900 et sont id\u00e9aux pour une utilisation professionnelle par les services d&rsquo;urgence, les services de s\u00e9curit\u00e9 et les autorit\u00e9s.<\/p>\n<p>Gr\u00e2ce au c\u00e2blage s\u00e9par\u00e9 pour les \u00e9couteurs et le microphone avec bouton PTT, ils peuvent \u00eatre fix\u00e9s de mani\u00e8re flexible aux gilets d&rsquo;intervention ou port\u00e9s discr\u00e8tement sous les v\u00eatements de protection. Ils constituent ainsi une alternative discr\u00e8te au monophone, tant pour les interventions secr\u00e8tes que pour le quotidien des forces de s\u00e9curit\u00e9. <\/p>\n<p>Des variantes avec tube acoustique transparent pour une discr\u00e9tion maximale ou des \u00e9couteurs Flexi pour un confort de port prolong\u00e9 sont disponibles. Les kits permettent une communication fiable et discr\u00e8te, partout o\u00f9 un travail discret et s\u00fbr est requis. <\/p>\n","protected":false},"excerpt":{"rendered":"<p>Kits oreillette\/microphone \u00e0 2 c\u00e2bles pour TPH900 Ces kits oreillette\/microphone \u00e0 2 c\u00e2bles sont con\u00e7us pour une connexion directe au Polycom TPH900 et sont id\u00e9aux pour une utilisation professionnelle par les services d&rsquo;urgence, les services de s\u00e9curit\u00e9 et les autorit\u00e9s. Gr\u00e2ce au c\u00e2blage s\u00e9par\u00e9 pour les \u00e9couteurs et le microphone avec bouton PTT, ils peuvent [&hellip;]<\/p>\n","protected":false},"featured_media":5948,"comment_status":"closed","ping_status":"closed","template":"","meta":[],"product_brand":[],"product_cat":[212,368,460,336,209,210],"product_tag":[],"display-location":[],"class_list":{"0":"post-4529","1":"product","2":"type-product","3":"status-publish","4":"has-post-thumbnail","6":"product_cat-accessoires-radio","7":"product_cat-kits-oreillette-microphone-a-2-cables","9":"product_cat-kits-oreillettes","10":"product_cat-polycom","11":"product_cat-tph900","13":"first","14":"instock","15":"taxable","16":"shipping-taxable","17":"purchasable","18":"product-type-simple"},"tiered_pricing_type":"fixed","tiered_pricing_fixed_rules":[],"tiered_pricing_product_settings":{"layout":"default","base_unit_name":{"singular":null,"plural":null},"default_variation":null},"tiered_pricing_minimum_quantity":null,"tiered_pricing_roles_data":[],"tiered_pricing_percentage_rules":[],"_links":{"self":[{"href":"https:\/\/www.smartswiss-systems.com\/fr\/wp-json\/wp\/v2\/product\/4529","targetHints":{"allow":["GET"]}}],"collection":[{"href":"https:\/\/www.smartswiss-systems.com\/fr\/wp-json\/wp\/v2\/product"}],"about":[{"href":"https:\/\/www.smartswiss-systems.com\/fr\/wp-json\/wp\/v2\/types\/product"}],"replies":[{"embeddable":true,"href":"https:\/\/www.smartswiss-systems.com\/fr\/wp-json\/wp\/v2\/comments?post=4529"}],"wp:featuredmedia":[{"embeddable":true,"href":"https:\/\/www.smartswiss-systems.com\/fr\/wp-json\/wp\/v2\/media\/5948"}],"wp:attachment":[{"href":"https:\/\/www.smartswiss-systems.com\/fr\/wp-json\/wp\/v2\/media?parent=4529"}],"wp:term":[{"taxonomy":"product_brand","embeddable":true,"href":"https:\/\/www.smartswiss-systems.com\/fr\/wp-json\/wp\/v2\/product_brand?post=4529"},{"taxonomy":"product_cat","embeddable":true,"href":"https:\/\/www.smartswiss-systems.com\/fr\/wp-json\/wp\/v2\/product_cat?post=4529"},{"taxonomy":"product_tag","embeddable":true,"href":"https:\/\/www.smartswiss-systems.com\/fr\/wp-json\/wp\/v2\/product_tag?post=4529"},{"taxonomy":"display-location","embeddable":true,"href":"https:\/\/www.smartswiss-systems.com\/fr\/wp-json\/wp\/v2\/display-location?post=4529"}],"curies":[{"name":"wp","href":"https:\/\/api.w.org\/{rel}","templated":true}]}}