{"id":4521,"date":"2025-09-23T10:25:14","date_gmt":"2025-09-23T08:25:14","guid":{"rendered":"https:\/\/www.smartswiss-systems.com\/produkt\/batterie-radio-pour-polycom-tph700\/"},"modified":"2025-12-03T13:41:00","modified_gmt":"2025-12-03T12:41:00","slug":"batterie-radio-pour-polycom-tph700","status":"publish","type":"product","link":"https:\/\/www.smartswiss-systems.com\/fr\/produkt\/batterie-radio-pour-polycom-tph700\/","title":{"rendered":"Batterie radio pour Polycom TPH700"},"content":{"rendered":"<p><strong>Batterie de remplacement pour Polycom TPH700 \u2013 Haute qualit\u00e9, compatible et durable<\/strong><\/p>\n<p>Notre batterie de remplacement Li-Ion pour la radio portable Polycom TPH700 a fait ses preuves aupr\u00e8s des organisations suisses de s\u00e9curit\u00e9 et des services d&rsquo;urgence pendant de nombreuses ann\u00e9es. La batterie provient d&rsquo;un fabricant secondaire exp\u00e9riment\u00e9 et convainc par sa longue dur\u00e9e de vie, sa qualit\u00e9 robuste et sa compatibilit\u00e9 totale \u2013 une solution fiable pour une utilisation professionnelle quotidienne. <\/p>\n<p>M\u00eame si le TPH700 est progressivement remplac\u00e9 par le mod\u00e8le suivant, le TPH900, de nombreux appareils sont toujours en service actif. Tant que le TPH700 est utilis\u00e9, cette batterie reste dans notre gamme \u2013 pour un approvisionnement s\u00fbr et continu en accessoires de haute qualit\u00e9. <\/p>\n","protected":false},"excerpt":{"rendered":"<p>Batterie de remplacement pour Polycom TPH700 \u2013 Haute qualit\u00e9, compatible et durable Notre batterie de remplacement Li-Ion pour la radio portable Polycom TPH700 a fait ses preuves aupr\u00e8s des organisations suisses de s\u00e9curit\u00e9 et des services d&rsquo;urgence pendant de nombreuses ann\u00e9es. La batterie provient d&rsquo;un fabricant secondaire exp\u00e9riment\u00e9 et convainc par sa longue dur\u00e9e de [&hellip;]<\/p>\n","protected":false},"featured_media":4031,"comment_status":"closed","ping_status":"closed","template":"","meta":[],"product_brand":[],"product_cat":[212,479,358,359,209,357],"product_tag":[],"display-location":[],"class_list":{"0":"post-4521","1":"product","2":"type-product","3":"status-publish","4":"has-post-thumbnail","6":"product_cat-accessoires-radio","7":"product_cat-batteries-radio","9":"product_cat-polycom-2","10":"product_cat-polycom","11":"product_cat-tph700","13":"first","14":"instock","15":"taxable","16":"shipping-taxable","17":"purchasable","18":"product-type-simple"},"tiered_pricing_type":"fixed","tiered_pricing_fixed_rules":{"10":59.68,"30":54.84,"50":50},"tiered_pricing_product_settings":{"layout":"default","base_unit_name":{"singular":null,"plural":null},"default_variation":null},"tiered_pricing_minimum_quantity":null,"tiered_pricing_roles_data":[],"tiered_pricing_percentage_rules":[],"_links":{"self":[{"href":"https:\/\/www.smartswiss-systems.com\/fr\/wp-json\/wp\/v2\/product\/4521","targetHints":{"allow":["GET"]}}],"collection":[{"href":"https:\/\/www.smartswiss-systems.com\/fr\/wp-json\/wp\/v2\/product"}],"about":[{"href":"https:\/\/www.smartswiss-systems.com\/fr\/wp-json\/wp\/v2\/types\/product"}],"replies":[{"embeddable":true,"href":"https:\/\/www.smartswiss-systems.com\/fr\/wp-json\/wp\/v2\/comments?post=4521"}],"wp:featuredmedia":[{"embeddable":true,"href":"https:\/\/www.smartswiss-systems.com\/fr\/wp-json\/wp\/v2\/media\/4031"}],"wp:attachment":[{"href":"https:\/\/www.smartswiss-systems.com\/fr\/wp-json\/wp\/v2\/media?parent=4521"}],"wp:term":[{"taxonomy":"product_brand","embeddable":true,"href":"https:\/\/www.smartswiss-systems.com\/fr\/wp-json\/wp\/v2\/product_brand?post=4521"},{"taxonomy":"product_cat","embeddable":true,"href":"https:\/\/www.smartswiss-systems.com\/fr\/wp-json\/wp\/v2\/product_cat?post=4521"},{"taxonomy":"product_tag","embeddable":true,"href":"https:\/\/www.smartswiss-systems.com\/fr\/wp-json\/wp\/v2\/product_tag?post=4521"},{"taxonomy":"display-location","embeddable":true,"href":"https:\/\/www.smartswiss-systems.com\/fr\/wp-json\/wp\/v2\/display-location?post=4521"}],"curies":[{"name":"wp","href":"https:\/\/api.w.org\/{rel}","templated":true}]}}