{"id":4497,"date":"2025-09-24T12:11:35","date_gmt":"2025-09-24T10:11:35","guid":{"rendered":"https:\/\/www.smartswiss-systems.com\/produkt\/ptt-discrete-pour-tph900-modele-ptt48\/"},"modified":"2025-12-03T13:40:59","modified_gmt":"2025-12-03T12:40:59","slug":"ptt-discrete-pour-tph900-modele-ptt48","status":"publish","type":"product","link":"https:\/\/www.smartswiss-systems.com\/fr\/produkt\/ptt-discrete-pour-tph900-modele-ptt48\/","title":{"rendered":"PTT discr\u00e8te pour TPH900 \u2013 Mod\u00e8le PTT48"},"content":{"rendered":"<p><strong>PTT48 discr\u00e8te \u2013 Compatibilit\u00e9 universelle des casques pour les interventions professionnelles<\/strong><\/p>\n<p>La PTT48 discr\u00e8te a \u00e9t\u00e9 con\u00e7ue pour les utilisateurs professionnels qui, dans leur travail quotidien au sein de la police \u2013 que ce soit dans le cadre de patrouilles ou d\u2019op\u00e9rations secr\u00e8tes \u2013 d\u00e9pendent d\u2019une communication fiable et flexible. Un probl\u00e8me fr\u00e9quent lors des interventions&nbsp;: de nombreux \u00e9couteurs disponibles dans le commerce se distinguent par le brochage de leur connecteur, ce qui complique consid\u00e9rablement leur utilisation avec des \u00e9quipements importants pour la s\u00e9curit\u00e9. Les casques standard, comme les \u00e9couteurs d\u2019iPhone, ne sont souvent pas compatibles d\u2019embl\u00e9e.<\/p>\n<p>C\u2019est l\u00e0 qu\u2019intervient la PTT48&nbsp;: elle dispose d\u2019un circuit de reconnaissance intelligent qui permet de connecter directement une multitude d\u2019\u00e9couteurs courants de 3,5&nbsp;mm. Le syst\u00e8me d\u00e9tecte automatiquement le nombre de broches (2&nbsp;broches, 3&nbsp;broches ou 4&nbsp;broches) ainsi que leur brochage sp\u00e9cifique. Il d\u00e9termine \u00e9galement si un microphone externe est int\u00e9gr\u00e9 dans le c\u00e2ble. Dans de tels cas, la PTT48 d\u00e9sactive automatiquement son propre microphone afin de garantir le bon fonctionnement du casque.   <\/p>\n<p>Gr\u00e2ce \u00e0 cette adaptation automatique \u00e0 l\u2019appareil connect\u00e9, il n\u2019est plus n\u00e9cessaire de tester ou de rechercher des \u00e9couteurs compatibles. La PTT48 permet ainsi un choix de casques nettement plus flexible et assure une communication s\u00fbre, discr\u00e8te et fiable \u2013 quel que soit le domaine d\u2019intervention. <\/p>\n","protected":false},"excerpt":{"rendered":"<p>PTT48 discr\u00e8te \u2013 Compatibilit\u00e9 universelle des casques pour les interventions professionnelles La PTT48 discr\u00e8te a \u00e9t\u00e9 con\u00e7ue pour les utilisateurs professionnels qui, dans leur travail quotidien au sein de la police \u2013 que ce soit dans le cadre de patrouilles ou d\u2019op\u00e9rations secr\u00e8tes \u2013 d\u00e9pendent d\u2019une communication fiable et flexible. Un probl\u00e8me fr\u00e9quent lors des [&hellip;]<\/p>\n","protected":false},"featured_media":4500,"comment_status":"closed","ping_status":"closed","template":"","meta":[],"product_brand":[],"product_cat":[212,336,209,346,456,210],"product_tag":[],"display-location":[157],"class_list":{"0":"post-4497","1":"product","2":"type-product","3":"status-publish","4":"has-post-thumbnail","6":"product_cat-accessoires-radio","7":"product_cat-kits-oreillettes","8":"product_cat-polycom","9":"product_cat-ptt-discretes-et-sans-fil","11":"product_cat-tph900","12":"display-location-bestsellers","14":"first","15":"instock","16":"taxable","17":"shipping-taxable","18":"purchasable","19":"product-type-simple"},"tiered_pricing_type":"fixed","tiered_pricing_fixed_rules":[],"tiered_pricing_product_settings":{"layout":"default","base_unit_name":{"singular":null,"plural":null},"default_variation":null},"tiered_pricing_minimum_quantity":null,"tiered_pricing_roles_data":[],"tiered_pricing_percentage_rules":[],"_links":{"self":[{"href":"https:\/\/www.smartswiss-systems.com\/fr\/wp-json\/wp\/v2\/product\/4497","targetHints":{"allow":["GET"]}}],"collection":[{"href":"https:\/\/www.smartswiss-systems.com\/fr\/wp-json\/wp\/v2\/product"}],"about":[{"href":"https:\/\/www.smartswiss-systems.com\/fr\/wp-json\/wp\/v2\/types\/product"}],"replies":[{"embeddable":true,"href":"https:\/\/www.smartswiss-systems.com\/fr\/wp-json\/wp\/v2\/comments?post=4497"}],"wp:featuredmedia":[{"embeddable":true,"href":"https:\/\/www.smartswiss-systems.com\/fr\/wp-json\/wp\/v2\/media\/4500"}],"wp:attachment":[{"href":"https:\/\/www.smartswiss-systems.com\/fr\/wp-json\/wp\/v2\/media?parent=4497"}],"wp:term":[{"taxonomy":"product_brand","embeddable":true,"href":"https:\/\/www.smartswiss-systems.com\/fr\/wp-json\/wp\/v2\/product_brand?post=4497"},{"taxonomy":"product_cat","embeddable":true,"href":"https:\/\/www.smartswiss-systems.com\/fr\/wp-json\/wp\/v2\/product_cat?post=4497"},{"taxonomy":"product_tag","embeddable":true,"href":"https:\/\/www.smartswiss-systems.com\/fr\/wp-json\/wp\/v2\/product_tag?post=4497"},{"taxonomy":"display-location","embeddable":true,"href":"https:\/\/www.smartswiss-systems.com\/fr\/wp-json\/wp\/v2\/display-location?post=4497"}],"curies":[{"name":"wp","href":"https:\/\/api.w.org\/{rel}","templated":true}]}}