{"id":4496,"date":"2025-09-25T11:41:53","date_gmt":"2025-09-25T09:41:53","guid":{"rendered":"https:\/\/www.smartswiss-systems.com\/produkt\/kit-denquete-a-2-cables-avec-prise-35-mm-3-poles-avec-ptt-torpedo-tph900\/"},"modified":"2026-03-12T18:01:46","modified_gmt":"2026-03-12T17:01:46","slug":"kit-denquete-a-2-cables-avec-prise-35-mm-3-poles-avec-ptt-torpedo-tph900","status":"publish","type":"product","link":"https:\/\/www.smartswiss-systems.com\/fr\/produkt\/kit-denquete-a-2-cables-avec-prise-35-mm-3-poles-avec-ptt-torpedo-tph900\/","title":{"rendered":"Kit d&rsquo;enqu\u00eate \u00e0 2 c\u00e2bles avec prise 3,5 mm 3 p\u00f4les \u2013 avec PTT Torpedo \u2013 TPH900"},"content":{"rendered":"<p><strong>Kit d&rsquo;enqu\u00eate \u00e0 2 c\u00e2bles avec prise 3,5 mm 3 p\u00f4les \u2013 avec PTT Torpedo \u2013 TPH900<\/strong><\/p>\n<p>Ce kit d&rsquo;enqu\u00eate sp\u00e9cial a \u00e9t\u00e9 con\u00e7u pour les op\u00e9rations secr\u00e8tes o\u00f9 la discr\u00e9tion et la r\u00e9action rapide sont essentielles. Le raccordement s&rsquo;effectue directement via le connecteur radio TPH900 int\u00e9gr\u00e9 \u00e0 la radio portable Polycom TPH900. <\/p>\n<p>Un \u00e9couteur de police s\u00e9lectionnable individuellement peut \u00eatre connect\u00e9 via la prise 3,5 mm 3 p\u00f4les. Le microphone tr\u00e8s sensible est int\u00e9gr\u00e9 directement dans la prise, ce qui permet un port particuli\u00e8rement discret et dissimul\u00e9. <\/p>\n<p>Une caract\u00e9ristique centrale de ce kit est le bouton PTT Torpedo s\u00e9par\u00e9 : il est reli\u00e9 \u00e0 l&rsquo;unit\u00e9 par un long c\u00e2ble et peut \u00eatre discr\u00e8tement pass\u00e9 dans la manche. Port\u00e9 dans la main ou le poing, il permet une activation PTT particuli\u00e8rement tactique et dissimul\u00e9e, sans mouvements visibles de la main. <\/p>\n<p>Cette version est id\u00e9ale pour les situations o\u00f9 une discr\u00e9tion et un contr\u00f4le maximum sont requis, sans compromis sur la qualit\u00e9 sonore ou la fonctionnalit\u00e9.<\/p>\n","protected":false},"excerpt":{"rendered":"<p>Kit d&rsquo;enqu\u00eate \u00e0 2 c\u00e2bles avec prise 3,5 mm 3 p\u00f4les \u2013 avec PTT Torpedo \u2013 TPH900 Ce kit d&rsquo;enqu\u00eate sp\u00e9cial a \u00e9t\u00e9 con\u00e7u pour les op\u00e9rations secr\u00e8tes o\u00f9 la discr\u00e9tion et la r\u00e9action rapide sont essentielles. Le raccordement s&rsquo;effectue directement via le connecteur radio TPH900 int\u00e9gr\u00e9 \u00e0 la radio portable Polycom TPH900. Un \u00e9couteur [&hellip;]<\/p>\n","protected":false},"featured_media":5772,"comment_status":"closed","ping_status":"closed","template":"","meta":[],"product_brand":[],"product_cat":[212,345,335,336,209,210],"product_tag":[],"display-location":[],"class_list":{"0":"post-4496","1":"product","2":"type-product","3":"status-publish","4":"has-post-thumbnail","6":"product_cat-accessoires-radio","7":"product_cat-kits-denquete","9":"product_cat-kits-oreillettes","10":"product_cat-polycom","11":"product_cat-tph900","13":"first","14":"instock","15":"taxable","16":"shipping-taxable","17":"purchasable","18":"product-type-simple"},"tiered_pricing_type":"fixed","tiered_pricing_fixed_rules":[],"tiered_pricing_product_settings":{"layout":"default","base_unit_name":{"singular":null,"plural":null},"default_variation":null},"tiered_pricing_minimum_quantity":null,"tiered_pricing_roles_data":[],"tiered_pricing_percentage_rules":[],"_links":{"self":[{"href":"https:\/\/www.smartswiss-systems.com\/fr\/wp-json\/wp\/v2\/product\/4496","targetHints":{"allow":["GET"]}}],"collection":[{"href":"https:\/\/www.smartswiss-systems.com\/fr\/wp-json\/wp\/v2\/product"}],"about":[{"href":"https:\/\/www.smartswiss-systems.com\/fr\/wp-json\/wp\/v2\/types\/product"}],"replies":[{"embeddable":true,"href":"https:\/\/www.smartswiss-systems.com\/fr\/wp-json\/wp\/v2\/comments?post=4496"}],"wp:featuredmedia":[{"embeddable":true,"href":"https:\/\/www.smartswiss-systems.com\/fr\/wp-json\/wp\/v2\/media\/5772"}],"wp:attachment":[{"href":"https:\/\/www.smartswiss-systems.com\/fr\/wp-json\/wp\/v2\/media?parent=4496"}],"wp:term":[{"taxonomy":"product_brand","embeddable":true,"href":"https:\/\/www.smartswiss-systems.com\/fr\/wp-json\/wp\/v2\/product_brand?post=4496"},{"taxonomy":"product_cat","embeddable":true,"href":"https:\/\/www.smartswiss-systems.com\/fr\/wp-json\/wp\/v2\/product_cat?post=4496"},{"taxonomy":"product_tag","embeddable":true,"href":"https:\/\/www.smartswiss-systems.com\/fr\/wp-json\/wp\/v2\/product_tag?post=4496"},{"taxonomy":"display-location","embeddable":true,"href":"https:\/\/www.smartswiss-systems.com\/fr\/wp-json\/wp\/v2\/display-location?post=4496"}],"curies":[{"name":"wp","href":"https:\/\/api.w.org\/{rel}","templated":true}]}}