{"id":4464,"date":"2025-09-25T11:36:50","date_gmt":"2025-09-25T09:36:50","guid":{"rendered":"https:\/\/www.smartswiss-systems.com\/produkt\/kit-denquete-a-2-cables-avec-prise-35-mm-tph900\/"},"modified":"2025-12-03T13:38:26","modified_gmt":"2025-12-03T12:38:26","slug":"kit-denquete-a-2-cables-avec-prise-35-mm-tph900","status":"publish","type":"product","link":"https:\/\/www.smartswiss-systems.com\/fr\/produkt\/kit-denquete-a-2-cables-avec-prise-35-mm-tph900\/","title":{"rendered":"Kit d\u2019enqu\u00eate \u00e0 2 c\u00e2bles avec prise 3,5 mm \u2013 TPH900"},"content":{"rendered":"<p><strong>Kit d\u2019enqu\u00eate \u00e0 2 c\u00e2bles avec prise 3,5 mm \u2013 TPH900<\/strong><\/p>\n<p>Ce kit d\u2019enqu\u00eate \u00e0 2 c\u00e2bles a \u00e9t\u00e9 sp\u00e9cialement con\u00e7u pour les op\u00e9rations secr\u00e8tes de la police, des douanes et des unit\u00e9s d\u2019enqu\u00eate, mais convient \u00e9galement au service quotidien r\u00e9gulier. Il convainc par une construction discr\u00e8te, une transmission vocale fiable et une grande flexibilit\u00e9 d\u2019utilisation. <\/p>\n<p>Le raccordement \u00e0 la radio s\u2019effectue directement via la prise radio TPH900 sur l\u2019appareil. Un atout particulier de cette version est la prise 3,5 mm int\u00e9gr\u00e9e, qui permet de connecter l\u2019\u00e9couteur de police souhait\u00e9 ou pr\u00e9vu par le service. Ainsi, le kit peut \u00eatre adapt\u00e9 de mani\u00e8re optimale aux exigences individuelles et aux pr\u00e9f\u00e9rences de port.  <\/p>\n<p>Un microphone de col compact et tr\u00e8s sensible avec bouton PTT (Push-to-Talk) int\u00e9gr\u00e9 assure une communication claire et discr\u00e8te. Le guidage discret \u00e0 2 c\u00e2bles permet un port discret sous les v\u00eatements, id\u00e9al pour les op\u00e9rations secr\u00e8tes. <\/p>\n","protected":false},"excerpt":{"rendered":"<p>Kit d\u2019enqu\u00eate \u00e0 2 c\u00e2bles avec prise 3,5 mm \u2013 TPH900 Ce kit d\u2019enqu\u00eate \u00e0 2 c\u00e2bles a \u00e9t\u00e9 sp\u00e9cialement con\u00e7u pour les op\u00e9rations secr\u00e8tes de la police, des douanes et des unit\u00e9s d\u2019enqu\u00eate, mais convient \u00e9galement au service quotidien r\u00e9gulier. Il convainc par une construction discr\u00e8te, une transmission vocale fiable et une grande flexibilit\u00e9 [&hellip;]<\/p>\n","protected":false},"featured_media":4466,"comment_status":"closed","ping_status":"closed","template":"","meta":[],"product_brand":[],"product_cat":[212,345,335,336,209,210],"product_tag":[],"display-location":[],"class_list":{"0":"post-4464","1":"product","2":"type-product","3":"status-publish","4":"has-post-thumbnail","6":"product_cat-accessoires-radio","7":"product_cat-kits-denquete","9":"product_cat-kits-oreillettes","10":"product_cat-polycom","11":"product_cat-tph900","13":"first","14":"instock","15":"taxable","16":"shipping-taxable","17":"purchasable","18":"product-type-simple"},"tiered_pricing_type":"fixed","tiered_pricing_fixed_rules":[],"tiered_pricing_product_settings":{"layout":"default","base_unit_name":{"singular":null,"plural":null},"default_variation":null},"tiered_pricing_minimum_quantity":null,"tiered_pricing_roles_data":[],"tiered_pricing_percentage_rules":[],"_links":{"self":[{"href":"https:\/\/www.smartswiss-systems.com\/fr\/wp-json\/wp\/v2\/product\/4464","targetHints":{"allow":["GET"]}}],"collection":[{"href":"https:\/\/www.smartswiss-systems.com\/fr\/wp-json\/wp\/v2\/product"}],"about":[{"href":"https:\/\/www.smartswiss-systems.com\/fr\/wp-json\/wp\/v2\/types\/product"}],"replies":[{"embeddable":true,"href":"https:\/\/www.smartswiss-systems.com\/fr\/wp-json\/wp\/v2\/comments?post=4464"}],"wp:featuredmedia":[{"embeddable":true,"href":"https:\/\/www.smartswiss-systems.com\/fr\/wp-json\/wp\/v2\/media\/4466"}],"wp:attachment":[{"href":"https:\/\/www.smartswiss-systems.com\/fr\/wp-json\/wp\/v2\/media?parent=4464"}],"wp:term":[{"taxonomy":"product_brand","embeddable":true,"href":"https:\/\/www.smartswiss-systems.com\/fr\/wp-json\/wp\/v2\/product_brand?post=4464"},{"taxonomy":"product_cat","embeddable":true,"href":"https:\/\/www.smartswiss-systems.com\/fr\/wp-json\/wp\/v2\/product_cat?post=4464"},{"taxonomy":"product_tag","embeddable":true,"href":"https:\/\/www.smartswiss-systems.com\/fr\/wp-json\/wp\/v2\/product_tag?post=4464"},{"taxonomy":"display-location","embeddable":true,"href":"https:\/\/www.smartswiss-systems.com\/fr\/wp-json\/wp\/v2\/display-location?post=4464"}],"curies":[{"name":"wp","href":"https:\/\/api.w.org\/{rel}","templated":true}]}}