{"id":4436,"date":"2025-09-19T09:57:35","date_gmt":"2025-09-19T07:57:35","guid":{"rendered":"https:\/\/www.smartswiss-systems.com\/produkt\/embout-decouteur-droit-taille-moyenne\/"},"modified":"2025-12-03T13:42:31","modified_gmt":"2025-12-03T12:42:31","slug":"embout-decouteur-droit-taille-moyenne","status":"publish","type":"product","link":"https:\/\/www.smartswiss-systems.com\/fr\/produkt\/embout-decouteur-droit-taille-moyenne\/","title":{"rendered":"Embout d&rsquo;\u00e9couteur \u2013 Droit \u2013 Taille moyenne"},"content":{"rendered":"<p><strong>Embouts auriculaires pour \u00e9couteurs \u00e0 tube acoustique \u2013 en diff\u00e9rentes tailles<\/strong><\/p>\n<p>Ces embouts auriculaires de haute qualit\u00e9 sont le compl\u00e9ment id\u00e9al pour tous les \u00e9couteurs \u00e0 tube acoustique courants et offrent une alternative confortable et hygi\u00e9nique aux bouchons d&rsquo;oreille classiques. Gr\u00e2ce \u00e0 leur conception bien pens\u00e9e, ils sont particuli\u00e8rement agr\u00e9ables \u00e0 porter et tiennent bien dans le pavillon de l&rsquo;oreille, m\u00eame en cas d&rsquo;utilisation prolong\u00e9e ou de mouvements importants. Le silicone doux pour la peau assure un confort de port agr\u00e9able pendant de nombreuses heures. Gr\u00e2ce \u00e0 leur couleur discr\u00e8te, les embouts restent optiquement discrets et discrets, ce qui les rend particuli\u00e8rement adapt\u00e9s \u00e0 une utilisation professionnelle dans les domaines de la s\u00e9curit\u00e9, de l&rsquo;\u00e9v\u00e9nementiel ou de la communication.   <\/p>\n<p>Un avantage suppl\u00e9mentaire est l&#8217;emballage hygi\u00e9nique&nbsp;: les embouts auriculaires sont livr\u00e9s dans des sachets individuels scell\u00e9s. Cela garantit non seulement un niveau d&rsquo;hygi\u00e8ne \u00e9lev\u00e9, mais permet \u00e9galement de voir en un coup d&rsquo;\u0153il si un embout a d\u00e9j\u00e0 \u00e9t\u00e9 utilis\u00e9 \u2013 id\u00e9al en cas d&rsquo;utilisateurs changeants ou d&rsquo;utilisation en \u00e9quipe. La combinaison d&rsquo;un confort de port \u00e9lev\u00e9, d&rsquo;un maintien s\u00fbr, d&rsquo;un mat\u00e9riau doux pour la peau, d&rsquo;une optique discr\u00e8te et d&rsquo;un emballage pratique et hygi\u00e9nique fait de ces embouts auriculaires le choix optimal pour le quotidien professionnel. Ils sont disponibles en diff\u00e9rentes tailles afin de permettre une utilisation aussi pr\u00e9cise et confortable que possible pour chaque forme d&rsquo;oreille.   <\/p>\n","protected":false},"excerpt":{"rendered":"<p>Embouts auriculaires pour \u00e9couteurs \u00e0 tube acoustique \u2013 en diff\u00e9rentes tailles Ces embouts auriculaires de haute qualit\u00e9 sont le compl\u00e9ment id\u00e9al pour tous les \u00e9couteurs \u00e0 tube acoustique courants et offrent une alternative confortable et hygi\u00e9nique aux bouchons d&rsquo;oreille classiques. Gr\u00e2ce \u00e0 leur conception bien pens\u00e9e, ils sont particuli\u00e8rement agr\u00e9ables \u00e0 porter et tiennent bien [&hellip;]<\/p>\n","protected":false},"featured_media":4031,"comment_status":"closed","ping_status":"closed","template":"","meta":[],"product_brand":[],"product_cat":[212,251,296],"product_tag":[],"display-location":[],"class_list":{"0":"post-4436","1":"product","2":"type-product","3":"status-publish","4":"has-post-thumbnail","6":"product_cat-accessoires-radio","7":"product_cat-ecouteurs","8":"product_cat-embouts-auriculaires","10":"first","11":"instock","12":"taxable","13":"shipping-taxable","14":"purchasable","15":"product-type-simple"},"tiered_pricing_type":"fixed","tiered_pricing_fixed_rules":{"10":3.51,"30":2.93,"50":2.73},"tiered_pricing_product_settings":{"layout":"default","base_unit_name":{"singular":null,"plural":null},"default_variation":null},"tiered_pricing_minimum_quantity":null,"tiered_pricing_roles_data":[],"tiered_pricing_percentage_rules":[],"_links":{"self":[{"href":"https:\/\/www.smartswiss-systems.com\/fr\/wp-json\/wp\/v2\/product\/4436","targetHints":{"allow":["GET"]}}],"collection":[{"href":"https:\/\/www.smartswiss-systems.com\/fr\/wp-json\/wp\/v2\/product"}],"about":[{"href":"https:\/\/www.smartswiss-systems.com\/fr\/wp-json\/wp\/v2\/types\/product"}],"replies":[{"embeddable":true,"href":"https:\/\/www.smartswiss-systems.com\/fr\/wp-json\/wp\/v2\/comments?post=4436"}],"wp:featuredmedia":[{"embeddable":true,"href":"https:\/\/www.smartswiss-systems.com\/fr\/wp-json\/wp\/v2\/media\/4031"}],"wp:attachment":[{"href":"https:\/\/www.smartswiss-systems.com\/fr\/wp-json\/wp\/v2\/media?parent=4436"}],"wp:term":[{"taxonomy":"product_brand","embeddable":true,"href":"https:\/\/www.smartswiss-systems.com\/fr\/wp-json\/wp\/v2\/product_brand?post=4436"},{"taxonomy":"product_cat","embeddable":true,"href":"https:\/\/www.smartswiss-systems.com\/fr\/wp-json\/wp\/v2\/product_cat?post=4436"},{"taxonomy":"product_tag","embeddable":true,"href":"https:\/\/www.smartswiss-systems.com\/fr\/wp-json\/wp\/v2\/product_tag?post=4436"},{"taxonomy":"display-location","embeddable":true,"href":"https:\/\/www.smartswiss-systems.com\/fr\/wp-json\/wp\/v2\/display-location?post=4436"}],"curies":[{"name":"wp","href":"https:\/\/api.w.org\/{rel}","templated":true}]}}