{"id":4426,"date":"2025-09-19T15:17:25","date_gmt":"2025-09-19T13:17:25","guid":{"rendered":"https:\/\/www.smartswiss-systems.com\/produkt\/ecouteurs-a-contour-doreille-ip67-etanches-spirale-30cm-35mm-2-poles\/"},"modified":"2025-12-03T13:42:38","modified_gmt":"2025-12-03T12:42:38","slug":"ecouteurs-a-contour-doreille-ip67-etanches-spirale-30cm-35mm-2-poles","status":"publish","type":"product","link":"https:\/\/www.smartswiss-systems.com\/fr\/produkt\/ecouteurs-a-contour-doreille-ip67-etanches-spirale-30cm-35mm-2-poles\/","title":{"rendered":"\u00c9couteurs \u00e0 contour d&rsquo;oreille \u2013 IP67 (\u00e9tanches) \u2013 Spirale 30cm \u2013 3,5mm 2 p\u00f4les"},"content":{"rendered":"<p><strong>\u00c9couteurs IP67 pour applications professionnelles \u2013 Robustes. \u00c9tanches. Fiables.  <\/strong><\/p>\n<p>Cet \u00e9couteur a \u00e9t\u00e9 sp\u00e9cialement con\u00e7u pour une utilisation professionnelle dans des conditions exigeantes. Avec une protection IP67, il est \u00e9tanche \u00e0 l&rsquo;eau et \u00e0 la poussi\u00e8re, ce qui le rend id\u00e9al pour les environnements o\u00f9 les \u00e9couteurs traditionnels atteignent leurs limites. <\/p>\n<p>La conception est bas\u00e9e sur les \u00e9couteurs classiques \u00e0 tube acoustique, mais sans tube acoustique. Au lieu de cela, l&rsquo;\u00e9couteur est port\u00e9 sur une boucle d&rsquo;oreille incurv\u00e9e \u2013 \u00e9couteur \u00e0 contour d&rsquo;oreille. L&#8217;embout auriculaire sp\u00e9cial qui y est fix\u00e9, disponible en deux tailles (grand et petit), s&rsquo;ins\u00e8re dans le conduit auditif et permet ainsi une transmission directe et claire du son.  <\/p>\n<p>L&rsquo;\u00e9couteur est utilis\u00e9, entre autres, par la police, les pompiers, les services de secours, les services de s\u00e9curit\u00e9 ainsi que dans les environnements industriels. Il est con\u00e7u pour les interventions o\u00f9 la fiabilit\u00e9, la r\u00e9sistance et la protection contre les influences environnementales sont primordiales. <\/p>\n","protected":false},"excerpt":{"rendered":"<p>\u00c9couteurs IP67 pour applications professionnelles \u2013 Robustes. \u00c9tanches. Fiables. Cet \u00e9couteur a \u00e9t\u00e9 sp\u00e9cialement con\u00e7u pour une utilisation professionnelle dans des conditions exigeantes. Avec une protection IP67, il est \u00e9tanche \u00e0 l&rsquo;eau et \u00e0 la poussi\u00e8re, ce qui le rend id\u00e9al pour les environnements o\u00f9 les \u00e9couteurs traditionnels atteignent leurs limites. La conception est bas\u00e9e [&hellip;]<\/p>\n","protected":false},"featured_media":4413,"comment_status":"closed","ping_status":"closed","template":"","meta":[],"product_brand":[],"product_cat":[212,322,251],"product_tag":[],"display-location":[156],"class_list":{"0":"post-4426","1":"product","2":"type-product","3":"status-publish","4":"has-post-thumbnail","6":"product_cat-accessoires-radio","7":"product_cat-contour-doreille-etanche","8":"product_cat-ecouteurs","9":"display-location-new","11":"first","12":"instock","13":"taxable","14":"shipping-taxable","15":"purchasable","16":"product-type-simple"},"tiered_pricing_type":"fixed","tiered_pricing_fixed_rules":{"10":21.38,"30":19.69,"50":16.88},"tiered_pricing_product_settings":{"layout":"default","base_unit_name":{"singular":null,"plural":null},"default_variation":null},"tiered_pricing_minimum_quantity":null,"tiered_pricing_roles_data":[],"tiered_pricing_percentage_rules":[],"_links":{"self":[{"href":"https:\/\/www.smartswiss-systems.com\/fr\/wp-json\/wp\/v2\/product\/4426","targetHints":{"allow":["GET"]}}],"collection":[{"href":"https:\/\/www.smartswiss-systems.com\/fr\/wp-json\/wp\/v2\/product"}],"about":[{"href":"https:\/\/www.smartswiss-systems.com\/fr\/wp-json\/wp\/v2\/types\/product"}],"replies":[{"embeddable":true,"href":"https:\/\/www.smartswiss-systems.com\/fr\/wp-json\/wp\/v2\/comments?post=4426"}],"wp:featuredmedia":[{"embeddable":true,"href":"https:\/\/www.smartswiss-systems.com\/fr\/wp-json\/wp\/v2\/media\/4413"}],"wp:attachment":[{"href":"https:\/\/www.smartswiss-systems.com\/fr\/wp-json\/wp\/v2\/media?parent=4426"}],"wp:term":[{"taxonomy":"product_brand","embeddable":true,"href":"https:\/\/www.smartswiss-systems.com\/fr\/wp-json\/wp\/v2\/product_brand?post=4426"},{"taxonomy":"product_cat","embeddable":true,"href":"https:\/\/www.smartswiss-systems.com\/fr\/wp-json\/wp\/v2\/product_cat?post=4426"},{"taxonomy":"product_tag","embeddable":true,"href":"https:\/\/www.smartswiss-systems.com\/fr\/wp-json\/wp\/v2\/product_tag?post=4426"},{"taxonomy":"display-location","embeddable":true,"href":"https:\/\/www.smartswiss-systems.com\/fr\/wp-json\/wp\/v2\/display-location?post=4426"}],"curies":[{"name":"wp","href":"https:\/\/api.w.org\/{rel}","templated":true}]}}