{"id":4363,"date":"2025-09-22T13:32:42","date_gmt":"2025-09-22T11:32:42","guid":{"rendered":"https:\/\/www.smartswiss-systems.com\/produkt\/jeu-dembouts-de-rechange-comprenant-3-embouts-differents\/"},"modified":"2025-12-03T13:40:45","modified_gmt":"2025-12-03T12:40:45","slug":"jeu-dembouts-de-rechange-comprenant-3-embouts-differents","status":"publish","type":"product","link":"https:\/\/www.smartswiss-systems.com\/fr\/produkt\/jeu-dembouts-de-rechange-comprenant-3-embouts-differents\/","title":{"rendered":"Jeu d&#8217;embouts de rechange \u2013 comprenant 3 embouts diff\u00e9rents"},"content":{"rendered":"<p><strong>Pi\u00e8ces de rechange pour \u00e9couteurs \u2013 L&rsquo;accent sur la durabilit\u00e9 et l&rsquo;hygi\u00e8ne<\/strong><\/p>\n<p>Nos \u00e9couteurs de haute qualit\u00e9 \u2013 qu&rsquo;il s&rsquo;agisse de mod\u00e8les \u00e0 tube acoustique, Flexi ou ultral\u00e9gers \u2013 sont con\u00e7us pour une utilisation quotidienne et convainquent par leur confort ainsi que par une transmission sonore claire. Afin que vos casques restent op\u00e9rationnels \u00e0 long terme, nous proposons un assortiment complet de pi\u00e8ces de rechange. <\/p>\n<p>Qu&rsquo;il s&rsquo;agisse de tubes acoustiques, d&#8217;embouts auriculaires, de filtres ou d&rsquo;autres composants, certains \u00e9l\u00e9ments sont soumis \u00e0 une usure naturelle en cas d&rsquo;utilisation r\u00e9guli\u00e8re ou peuvent se salir avec le temps. Pour des raisons d&rsquo;hygi\u00e8ne, il est \u00e9galement recommand\u00e9 de remplacer r\u00e9guli\u00e8rement ces pi\u00e8ces. <\/p>\n<p>Le remplacement cibl\u00e9 de composants individuels est non seulement judicieux sur le plan hygi\u00e9nique, mais aussi \u00e9conomique : au lieu de remplacer l&rsquo;ensemble de l&rsquo;\u00e9couteur, vous pouvez ne remplacer que la pi\u00e8ce n\u00e9cessaire, ce qui permet d&rsquo;\u00e9conomiser des co\u00fbts et de prolonger la dur\u00e9e de vie de votre \u00e9quipement.<\/p>\n<p>Gr\u00e2ce \u00e0 notre large gamme de pi\u00e8ces de rechange, vos \u00e9couteurs restent toujours pr\u00eats \u00e0 l&#8217;emploi \u2013 de mani\u00e8re durable, efficace et hygi\u00e9nique.<\/p>\n","protected":false},"excerpt":{"rendered":"<p>Pi\u00e8ces de rechange pour \u00e9couteurs \u2013 L&rsquo;accent sur la durabilit\u00e9 et l&rsquo;hygi\u00e8ne Nos \u00e9couteurs de haute qualit\u00e9 \u2013 qu&rsquo;il s&rsquo;agisse de mod\u00e8les \u00e0 tube acoustique, Flexi ou ultral\u00e9gers \u2013 sont con\u00e7us pour une utilisation quotidienne et convainquent par leur confort ainsi que par une transmission sonore claire. Afin que vos casques restent op\u00e9rationnels \u00e0 long [&hellip;]<\/p>\n","protected":false},"featured_media":4365,"comment_status":"closed","ping_status":"closed","template":"","meta":[],"product_brand":[],"product_cat":[212,251,316],"product_tag":[],"display-location":[],"class_list":{"0":"post-4363","1":"product","2":"type-product","3":"status-publish","4":"has-post-thumbnail","6":"product_cat-accessoires-radio","7":"product_cat-ecouteurs","8":"product_cat-pieces-de-rechange","10":"first","11":"instock","12":"taxable","13":"shipping-taxable","14":"purchasable","15":"product-type-simple"},"tiered_pricing_type":"fixed","tiered_pricing_fixed_rules":{"10":5.12,"30":4.73,"50":4.2},"tiered_pricing_product_settings":{"layout":"default","base_unit_name":{"singular":null,"plural":null},"default_variation":null},"tiered_pricing_minimum_quantity":null,"tiered_pricing_roles_data":[],"tiered_pricing_percentage_rules":[],"_links":{"self":[{"href":"https:\/\/www.smartswiss-systems.com\/fr\/wp-json\/wp\/v2\/product\/4363","targetHints":{"allow":["GET"]}}],"collection":[{"href":"https:\/\/www.smartswiss-systems.com\/fr\/wp-json\/wp\/v2\/product"}],"about":[{"href":"https:\/\/www.smartswiss-systems.com\/fr\/wp-json\/wp\/v2\/types\/product"}],"replies":[{"embeddable":true,"href":"https:\/\/www.smartswiss-systems.com\/fr\/wp-json\/wp\/v2\/comments?post=4363"}],"wp:featuredmedia":[{"embeddable":true,"href":"https:\/\/www.smartswiss-systems.com\/fr\/wp-json\/wp\/v2\/media\/4365"}],"wp:attachment":[{"href":"https:\/\/www.smartswiss-systems.com\/fr\/wp-json\/wp\/v2\/media?parent=4363"}],"wp:term":[{"taxonomy":"product_brand","embeddable":true,"href":"https:\/\/www.smartswiss-systems.com\/fr\/wp-json\/wp\/v2\/product_brand?post=4363"},{"taxonomy":"product_cat","embeddable":true,"href":"https:\/\/www.smartswiss-systems.com\/fr\/wp-json\/wp\/v2\/product_cat?post=4363"},{"taxonomy":"product_tag","embeddable":true,"href":"https:\/\/www.smartswiss-systems.com\/fr\/wp-json\/wp\/v2\/product_tag?post=4363"},{"taxonomy":"display-location","embeddable":true,"href":"https:\/\/www.smartswiss-systems.com\/fr\/wp-json\/wp\/v2\/display-location?post=4363"}],"curies":[{"name":"wp","href":"https:\/\/api.w.org\/{rel}","templated":true}]}}