{"id":4325,"date":"2025-09-18T12:25:40","date_gmt":"2025-09-18T10:25:40","guid":{"rendered":"https:\/\/www.smartswiss-systems.com\/produkt\/oreillette-en-forme-de-d-caoutchoutee-spirale-30cm-35mm-2-poles\/"},"modified":"2025-12-03T13:42:20","modified_gmt":"2025-12-03T12:42:20","slug":"oreillette-en-forme-de-d-caoutchoutee-spirale-30cm-35mm-2-poles","status":"publish","type":"product","link":"https:\/\/www.smartswiss-systems.com\/fr\/produkt\/oreillette-en-forme-de-d-caoutchoutee-spirale-30cm-35mm-2-poles\/","title":{"rendered":"Oreillette en forme de D caoutchout\u00e9e \u2013 Spirale 30cm \u2013 3,5mm 2 p\u00f4les"},"content":{"rendered":"<p><strong>Oreillette en forme de D avec une conception caoutchout\u00e9e particuli\u00e8rement fine \u2013 d\u00e9velopp\u00e9e pour un usage professionnel<\/strong><\/p>\n<p>Cette oreillette en forme de D a \u00e9t\u00e9 initialement d\u00e9velopp\u00e9e par Titan pour des applications militaires et est d\u00e9sormais \u00e9galement disponible pour la police, les pompiers et autres autorit\u00e9s de s\u00e9curit\u00e9. La forme en D caoutchout\u00e9e particuli\u00e8rement fine offre un maintien s\u00fbr et confortable \u2013 m\u00eame sous des casques ou d\u2019autres \u00e9quipements de protection. Elle a \u00e9t\u00e9 sp\u00e9cialement con\u00e7ue pour un confort de port \u00e9lev\u00e9, m\u00eame lors de longues interventions.  <\/p>\n<p>Gr\u00e2ce au nouveau grand haut-parleur, l\u2019oreillette offre une qualit\u00e9 audio nettement am\u00e9lior\u00e9e avec une reproduction claire et sans distorsion \u2013 m\u00eame dans des environnements bruyants. Le haut-parleur peut \u00eatre tourn\u00e9 vers le haut et vers le bas pour une adaptation optimale au port individuel. <\/p>\n<p>La construction robuste et le design discret font de cette oreillette le choix id\u00e9al pour les utilisateurs professionnels dans les domaines critiques pour la s\u00e9curit\u00e9. L\u00e9g\u00e8re, durable et sans compromis dans sa fonction \u2013 pour une utilisation quotidienne dans des conditions exigeantes. <\/p>\n","protected":false},"excerpt":{"rendered":"<p>Oreillette en forme de D avec une conception caoutchout\u00e9e particuli\u00e8rement fine \u2013 d\u00e9velopp\u00e9e pour un usage professionnel Cette oreillette en forme de D a \u00e9t\u00e9 initialement d\u00e9velopp\u00e9e par Titan pour des applications militaires et est d\u00e9sormais \u00e9galement disponible pour la police, les pompiers et autres autorit\u00e9s de s\u00e9curit\u00e9. La forme en D caoutchout\u00e9e particuli\u00e8rement fine [&hellip;]<\/p>\n","protected":false},"featured_media":6217,"comment_status":"closed","ping_status":"closed","template":"","meta":[],"product_brand":[],"product_cat":[212,315,251],"product_tag":[],"display-location":[],"class_list":{"0":"post-4325","1":"product","2":"type-product","3":"status-publish","4":"has-post-thumbnail","6":"product_cat-accessoires-radio","7":"product_cat-coque-en-d","8":"product_cat-ecouteurs","10":"first","11":"instock","12":"taxable","13":"shipping-taxable","14":"purchasable","15":"product-type-simple"},"tiered_pricing_type":"fixed","tiered_pricing_fixed_rules":{"10":25.84,"30":23.85,"50":21.2},"tiered_pricing_product_settings":{"layout":"default","base_unit_name":{"singular":null,"plural":null},"default_variation":null},"tiered_pricing_minimum_quantity":null,"tiered_pricing_roles_data":[],"tiered_pricing_percentage_rules":[],"_links":{"self":[{"href":"https:\/\/www.smartswiss-systems.com\/fr\/wp-json\/wp\/v2\/product\/4325","targetHints":{"allow":["GET"]}}],"collection":[{"href":"https:\/\/www.smartswiss-systems.com\/fr\/wp-json\/wp\/v2\/product"}],"about":[{"href":"https:\/\/www.smartswiss-systems.com\/fr\/wp-json\/wp\/v2\/types\/product"}],"replies":[{"embeddable":true,"href":"https:\/\/www.smartswiss-systems.com\/fr\/wp-json\/wp\/v2\/comments?post=4325"}],"wp:featuredmedia":[{"embeddable":true,"href":"https:\/\/www.smartswiss-systems.com\/fr\/wp-json\/wp\/v2\/media\/6217"}],"wp:attachment":[{"href":"https:\/\/www.smartswiss-systems.com\/fr\/wp-json\/wp\/v2\/media?parent=4325"}],"wp:term":[{"taxonomy":"product_brand","embeddable":true,"href":"https:\/\/www.smartswiss-systems.com\/fr\/wp-json\/wp\/v2\/product_brand?post=4325"},{"taxonomy":"product_cat","embeddable":true,"href":"https:\/\/www.smartswiss-systems.com\/fr\/wp-json\/wp\/v2\/product_cat?post=4325"},{"taxonomy":"product_tag","embeddable":true,"href":"https:\/\/www.smartswiss-systems.com\/fr\/wp-json\/wp\/v2\/product_tag?post=4325"},{"taxonomy":"display-location","embeddable":true,"href":"https:\/\/www.smartswiss-systems.com\/fr\/wp-json\/wp\/v2\/display-location?post=4325"}],"curies":[{"name":"wp","href":"https:\/\/api.w.org\/{rel}","templated":true}]}}