{"id":4300,"date":"2025-09-18T18:13:40","date_gmt":"2025-09-18T16:13:40","guid":{"rendered":"https:\/\/www.smartswiss-systems.com\/produkt\/ecouteur-ultraleger-spirale-60cm-3-5mm-2-poles\/"},"modified":"2026-02-03T21:21:52","modified_gmt":"2026-02-03T20:21:52","slug":"ecouteur-ultraleger-spirale-60cm-3-5mm-2-poles","status":"publish","type":"product","link":"https:\/\/www.smartswiss-systems.com\/fr\/produkt\/ecouteur-ultraleger-spirale-60cm-3-5mm-2-poles\/","title":{"rendered":"\u00c9couteur ultral\u00e9ger \u2013 Spirale 60cm \u2013 3.5mm 2 p\u00f4les"},"content":{"rendered":"<p><strong>\u00c9couteurs intra-auriculaires ultral\u00e9gers \u2013 L&rsquo;alternative moderne au tube acoustique<\/strong><\/p>\n<p>Les \u00e9couteurs intra-auriculaires ultral\u00e9gers repr\u00e9sentent une \u00e9volution innovante par rapport aux \u00e9couteurs \u00e0 tube acoustique traditionnels. Au lieu d&rsquo;un tube acoustique, un fil \u00e9lectrique particuli\u00e8rement fin est utilis\u00e9 ici pour \u00e9tablir la connexion entre le connecteur et le haut-parleur. Cette solution permet une qualit\u00e9 sonore nettement meilleure, car le signal audio est transmis directement et sans perte \u2013 un avantage \u00e9vident.  <\/p>\n<p>Le haut-parleur intra-auriculaire offre \u00e9galement un confort de port sensiblement sup\u00e9rieur, en particulier lors d&rsquo;interventions prolong\u00e9es. Gr\u00e2ce \u00e0 sa petite forme ergonomique, il tient fermement dans l&rsquo;oreille sans appuyer ni glisser. En m\u00eame temps, l&rsquo;ensemble du syst\u00e8me est extr\u00eamement l\u00e9ger et discret, ce qui le rend id\u00e9al pour une communication cach\u00e9e ou discr\u00e8te.  <\/p>\n<p>La connexion filaire utilis\u00e9e est non seulement presque invisible, mais aussi exceptionnellement robuste et flexible \u2013 elle r\u00e9siste m\u00eame aux exigences \u00e9lev\u00e9es d&rsquo;une utilisation quotidienne par la police et les services de s\u00e9curit\u00e9.<\/p>\n<p>Gr\u00e2ce \u00e0 cette combinaison bien pens\u00e9e de son, de confort et de fonctionnalit\u00e9, les \u00e9couteurs intra-auriculaires ultral\u00e9gers gagnent en importance \u2013 et sont de plus en plus souvent pr\u00e9f\u00e9r\u00e9s par les services de police et de s\u00e9curit\u00e9 comme alternative professionnelle au tube acoustique classique.<\/p>\n","protected":false},"excerpt":{"rendered":"<p>\u00c9couteurs intra-auriculaires ultral\u00e9gers \u2013 L&rsquo;alternative moderne au tube acoustique Les \u00e9couteurs intra-auriculaires ultral\u00e9gers repr\u00e9sentent une \u00e9volution innovante par rapport aux \u00e9couteurs \u00e0 tube acoustique traditionnels. Au lieu d&rsquo;un tube acoustique, un fil \u00e9lectrique particuli\u00e8rement fin est utilis\u00e9 ici pour \u00e9tablir la connexion entre le connecteur et le haut-parleur. Cette solution permet une qualit\u00e9 sonore nettement [&hellip;]<\/p>\n","protected":false},"featured_media":5938,"comment_status":"closed","ping_status":"closed","template":"","meta":[],"product_brand":[],"product_cat":[212,307,251],"product_tag":[],"display-location":[157],"class_list":{"0":"post-4300","1":"product","2":"type-product","3":"status-publish","4":"has-post-thumbnail","6":"product_cat-accessoires-radio","7":"product_cat-ecouteur-ultraleger","8":"product_cat-ecouteurs","9":"display-location-bestsellers","11":"first","12":"instock","13":"taxable","14":"shipping-taxable","15":"purchasable","16":"product-type-simple"},"tiered_pricing_type":"fixed","tiered_pricing_fixed_rules":{"10":60.61,"30":57.42,"50":51.04},"tiered_pricing_product_settings":{"layout":"default","base_unit_name":{"singular":null,"plural":null},"default_variation":null},"tiered_pricing_minimum_quantity":null,"tiered_pricing_roles_data":[],"tiered_pricing_percentage_rules":[],"_links":{"self":[{"href":"https:\/\/www.smartswiss-systems.com\/fr\/wp-json\/wp\/v2\/product\/4300","targetHints":{"allow":["GET"]}}],"collection":[{"href":"https:\/\/www.smartswiss-systems.com\/fr\/wp-json\/wp\/v2\/product"}],"about":[{"href":"https:\/\/www.smartswiss-systems.com\/fr\/wp-json\/wp\/v2\/types\/product"}],"replies":[{"embeddable":true,"href":"https:\/\/www.smartswiss-systems.com\/fr\/wp-json\/wp\/v2\/comments?post=4300"}],"wp:featuredmedia":[{"embeddable":true,"href":"https:\/\/www.smartswiss-systems.com\/fr\/wp-json\/wp\/v2\/media\/5938"}],"wp:attachment":[{"href":"https:\/\/www.smartswiss-systems.com\/fr\/wp-json\/wp\/v2\/media?parent=4300"}],"wp:term":[{"taxonomy":"product_brand","embeddable":true,"href":"https:\/\/www.smartswiss-systems.com\/fr\/wp-json\/wp\/v2\/product_brand?post=4300"},{"taxonomy":"product_cat","embeddable":true,"href":"https:\/\/www.smartswiss-systems.com\/fr\/wp-json\/wp\/v2\/product_cat?post=4300"},{"taxonomy":"product_tag","embeddable":true,"href":"https:\/\/www.smartswiss-systems.com\/fr\/wp-json\/wp\/v2\/product_tag?post=4300"},{"taxonomy":"display-location","embeddable":true,"href":"https:\/\/www.smartswiss-systems.com\/fr\/wp-json\/wp\/v2\/display-location?post=4300"}],"curies":[{"name":"wp","href":"https:\/\/api.w.org\/{rel}","templated":true}]}}