{"id":4265,"date":"2025-09-15T11:40:23","date_gmt":"2025-09-15T09:40:23","guid":{"rendered":"https:\/\/www.smartswiss-systems.com\/produkt\/ecouteur-a-tube-acoustique-spiral-60cm-35-mm-2-poles\/"},"modified":"2025-12-03T13:42:09","modified_gmt":"2025-12-03T12:42:09","slug":"ecouteur-a-tube-acoustique-spiral-60cm-35-mm-2-poles","status":"publish","type":"product","link":"https:\/\/www.smartswiss-systems.com\/fr\/produkt\/ecouteur-a-tube-acoustique-spiral-60cm-35-mm-2-poles\/","title":{"rendered":"\u00c9couteur \u00e0 tube acoustique \u2013 Spiral 60cm \u2013 3,5 mm 2 p\u00f4les"},"content":{"rendered":"<p><strong>\u00c9couteurs \u00e0 tube acoustique pour la police et les autorit\u00e9s<\/strong> \u2013 Qualit\u00e9 \u00e9prouv\u00e9e pour un usage professionnel<\/p>\n<p>Nos \u00e9couteurs \u00e0 tube acoustique ont fait leurs preuves au quotidien aupr\u00e8s de la police, des services de s\u00e9curit\u00e9 et des autorit\u00e9s. Ils convainquent par leur qualit\u00e9 audio fiable et leur grand confort \u2013 id\u00e9al pour les exigences de communication professionnelles. <\/p>\n<p>Nos \u00e9couteurs sont \u00e9quip\u00e9s en standard d&rsquo;un c\u00e2ble spiral\u00e9 de 30 cm ou 60 cm ainsi que d&rsquo;un c\u00e2ble droit de 90 cm, qui est \u00e9galement \u00e9quip\u00e9 d&rsquo;un clip. Pour les domaines d&rsquo;application sensibles \u00e0 l&rsquo;hygi\u00e8ne, nous proposons \u00e9galement des ensembles d&rsquo;\u00e9couteurs avec des embouts auriculaires soud\u00e9s individuellement \u2013 une mesure d&rsquo;hygi\u00e8ne simple et efficace en cas de changement fr\u00e9quent d&rsquo;utilisateur. <\/p>\n<p>Les \u00e9couteurs sont dot\u00e9s d&rsquo;une fiche jack de 3,5 mm, le raccordement \u00e0 2 p\u00f4les \u00e9tant le plus souvent utilis\u00e9. Certaines unit\u00e9s de commande n\u00e9cessitent toutefois une fiche \u00e0 3 p\u00f4les \u2013 veuillez en tenir compte lors du choix du mod\u00e8le appropri\u00e9. <\/p>\n<p>Que ce soit dans le service de patrouille, dans la communication avec les centres de contr\u00f4le ou dans le domaine \u00e9v\u00e9nementiel \u2013 nos \u00e9couteurs \u00e0 tube acoustique sont synonymes de qualit\u00e9 \u00e9prouv\u00e9e, d&rsquo;une intelligibilit\u00e9 optimale de la parole et d&rsquo;une fonctionnalit\u00e9 professionnelle.<\/p>\n","protected":false},"excerpt":{"rendered":"<p>\u00c9couteurs \u00e0 tube acoustique pour la police et les autorit\u00e9s \u2013 Qualit\u00e9 \u00e9prouv\u00e9e pour un usage professionnel Nos \u00e9couteurs \u00e0 tube acoustique ont fait leurs preuves au quotidien aupr\u00e8s de la police, des services de s\u00e9curit\u00e9 et des autorit\u00e9s. Ils convainquent par leur qualit\u00e9 audio fiable et leur grand confort \u2013 id\u00e9al pour les exigences [&hellip;]<\/p>\n","protected":false},"featured_media":4151,"comment_status":"closed","ping_status":"closed","template":"","meta":[],"product_brand":[],"product_cat":[212,251,253],"product_tag":[],"display-location":[],"class_list":{"0":"post-4265","1":"product","2":"type-product","3":"status-publish","4":"has-post-thumbnail","6":"product_cat-accessoires-radio","7":"product_cat-ecouteurs","8":"product_cat-tube-acoustique","10":"first","11":"instock","12":"taxable","13":"shipping-taxable","14":"purchasable","15":"product-type-simple"},"tiered_pricing_type":"fixed","tiered_pricing_fixed_rules":{"10":28.41,"30":26.16,"50":22.43},"tiered_pricing_product_settings":{"layout":"default","base_unit_name":{"singular":null,"plural":null},"default_variation":null},"tiered_pricing_minimum_quantity":null,"tiered_pricing_roles_data":[],"tiered_pricing_percentage_rules":[],"_links":{"self":[{"href":"https:\/\/www.smartswiss-systems.com\/fr\/wp-json\/wp\/v2\/product\/4265","targetHints":{"allow":["GET"]}}],"collection":[{"href":"https:\/\/www.smartswiss-systems.com\/fr\/wp-json\/wp\/v2\/product"}],"about":[{"href":"https:\/\/www.smartswiss-systems.com\/fr\/wp-json\/wp\/v2\/types\/product"}],"replies":[{"embeddable":true,"href":"https:\/\/www.smartswiss-systems.com\/fr\/wp-json\/wp\/v2\/comments?post=4265"}],"wp:featuredmedia":[{"embeddable":true,"href":"https:\/\/www.smartswiss-systems.com\/fr\/wp-json\/wp\/v2\/media\/4151"}],"wp:attachment":[{"href":"https:\/\/www.smartswiss-systems.com\/fr\/wp-json\/wp\/v2\/media?parent=4265"}],"wp:term":[{"taxonomy":"product_brand","embeddable":true,"href":"https:\/\/www.smartswiss-systems.com\/fr\/wp-json\/wp\/v2\/product_brand?post=4265"},{"taxonomy":"product_cat","embeddable":true,"href":"https:\/\/www.smartswiss-systems.com\/fr\/wp-json\/wp\/v2\/product_cat?post=4265"},{"taxonomy":"product_tag","embeddable":true,"href":"https:\/\/www.smartswiss-systems.com\/fr\/wp-json\/wp\/v2\/product_tag?post=4265"},{"taxonomy":"display-location","embeddable":true,"href":"https:\/\/www.smartswiss-systems.com\/fr\/wp-json\/wp\/v2\/display-location?post=4265"}],"curies":[{"name":"wp","href":"https:\/\/api.w.org\/{rel}","templated":true}]}}