{"id":4182,"date":"2025-09-15T11:01:45","date_gmt":"2025-09-15T09:01:45","guid":{"rendered":"https:\/\/www.smartswiss-systems.com\/produkt\/monophone-portable-xm05-vers-tph900-savox-01-touche-de-fonction-avec-suppression-active-du-bruit\/"},"modified":"2025-12-03T13:44:06","modified_gmt":"2025-12-03T12:44:06","slug":"monophone-portable-xm05-vers-tph900-savox-01-touche-de-fonction-avec-suppression-active-du-bruit","status":"publish","type":"product","link":"https:\/\/www.smartswiss-systems.com\/fr\/produkt\/monophone-portable-xm05-vers-tph900-savox-01-touche-de-fonction-avec-suppression-active-du-bruit\/","title":{"rendered":"Monophone portable XM05 vers TPH900 \u2013 Savox (01) \u2013 Touche de fonction \u2013 avec suppression active du bruit"},"content":{"rendered":"<p><strong>Monophone XM05<\/strong> \u2013 une communication claire avec un contr\u00f4le maximal<\/p>\n<hr>\n<p>Le monophone XM05 a \u00e9t\u00e9 con\u00e7u pour un usage professionnel et convainc par son r\u00e9glage de volume facile \u00e0 utiliser ainsi que par une suppression active du bruit, qui r\u00e9duit efficacement les bruits ambiants g\u00eanants. Cela garantit une communication claire et nette \u00e0 tout moment, m\u00eame dans les situations d&rsquo;intervention bruyantes. <\/p>\n<p>Selon les besoins, le XM05 peut \u00eatre livr\u00e9 avec ou sans touche de fonction lat\u00e9rale programmable, qui peut \u00eatre utilis\u00e9e par exemple pour activer ou d\u00e9sactiver le haut-parleur. La prise Nexus 4 p\u00f4les int\u00e9gr\u00e9e permet \u00e9galement de connecter des casques ou des \u00e9couteurs, ce qui \u00e9largit consid\u00e9rablement les possibilit\u00e9s d&rsquo;utilisation. <\/p>\n<p>Le bo\u00eetier robuste et ignifuge offre un haut niveau de s\u00e9curit\u00e9 et rend le XM05 particuli\u00e8rement populaire aupr\u00e8s des pompiers. Il constitue \u00e9galement le bon choix dans d&rsquo;autres domaines o\u00f9 une communication fiable et une manipulation s\u00fbre sont essentielles. <\/p>\n<p><strong>Le XM05 \u2013 convivial, flexible et s\u00fbr pour une communication professionnelle en intervention.<\/strong><\/p>\n","protected":false},"excerpt":{"rendered":"<p>Monophone XM05 \u2013 une communication claire avec un contr\u00f4le maximal Le monophone XM05 a \u00e9t\u00e9 con\u00e7u pour un usage professionnel et convainc par son r\u00e9glage de volume facile \u00e0 utiliser ainsi que par une suppression active du bruit, qui r\u00e9duit efficacement les bruits ambiants g\u00eanants. Cela garantit une communication claire et nette \u00e0 tout moment, [&hellip;]<\/p>\n","protected":false},"featured_media":4193,"comment_status":"closed","ping_status":"closed","template":"","meta":[],"product_brand":[],"product_cat":[212,214,211,209,267,210],"product_tag":[],"display-location":[],"class_list":{"0":"post-4182","1":"product","2":"type-product","3":"status-publish","4":"has-post-thumbnail","6":"product_cat-accessoires-radio","7":"product_cat-monophones-2","8":"product_cat-monophones","9":"product_cat-polycom","10":"product_cat-serie-xm05","11":"product_cat-tph900","13":"first","14":"instock","15":"taxable","16":"shipping-taxable","17":"purchasable","18":"product-type-simple"},"tiered_pricing_type":"fixed","tiered_pricing_fixed_rules":[],"tiered_pricing_product_settings":{"layout":"default","base_unit_name":{"singular":null,"plural":null},"default_variation":null},"tiered_pricing_minimum_quantity":null,"tiered_pricing_roles_data":[],"tiered_pricing_percentage_rules":[],"_links":{"self":[{"href":"https:\/\/www.smartswiss-systems.com\/fr\/wp-json\/wp\/v2\/product\/4182","targetHints":{"allow":["GET"]}}],"collection":[{"href":"https:\/\/www.smartswiss-systems.com\/fr\/wp-json\/wp\/v2\/product"}],"about":[{"href":"https:\/\/www.smartswiss-systems.com\/fr\/wp-json\/wp\/v2\/types\/product"}],"replies":[{"embeddable":true,"href":"https:\/\/www.smartswiss-systems.com\/fr\/wp-json\/wp\/v2\/comments?post=4182"}],"wp:featuredmedia":[{"embeddable":true,"href":"https:\/\/www.smartswiss-systems.com\/fr\/wp-json\/wp\/v2\/media\/4193"}],"wp:attachment":[{"href":"https:\/\/www.smartswiss-systems.com\/fr\/wp-json\/wp\/v2\/media?parent=4182"}],"wp:term":[{"taxonomy":"product_brand","embeddable":true,"href":"https:\/\/www.smartswiss-systems.com\/fr\/wp-json\/wp\/v2\/product_brand?post=4182"},{"taxonomy":"product_cat","embeddable":true,"href":"https:\/\/www.smartswiss-systems.com\/fr\/wp-json\/wp\/v2\/product_cat?post=4182"},{"taxonomy":"product_tag","embeddable":true,"href":"https:\/\/www.smartswiss-systems.com\/fr\/wp-json\/wp\/v2\/product_tag?post=4182"},{"taxonomy":"display-location","embeddable":true,"href":"https:\/\/www.smartswiss-systems.com\/fr\/wp-json\/wp\/v2\/display-location?post=4182"}],"curies":[{"name":"wp","href":"https:\/\/api.w.org\/{rel}","templated":true}]}}