{"id":4075,"date":"2025-09-15T10:47:32","date_gmt":"2025-09-15T08:47:32","guid":{"rendered":"https:\/\/www.smartswiss-systems.com\/produkt\/handmonophon-m11-vers-tph900-reglage-du-volume-bouton-durgence\/"},"modified":"2025-12-03T13:43:57","modified_gmt":"2025-12-03T12:43:57","slug":"handmonophon-m11-vers-tph900-reglage-du-volume-bouton-durgence","status":"publish","type":"product","link":"https:\/\/www.smartswiss-systems.com\/fr\/produkt\/handmonophon-m11-vers-tph900-reglage-du-volume-bouton-durgence\/","title":{"rendered":"Handmonophon M11 vers TPH900 \u2013 R\u00e9glage du volume \u2013 Bouton d&rsquo;urgence"},"content":{"rendered":"<p><strong>M11 Monophon<\/strong> avec r\u00e9glage du volume<\/p>\n<hr>\n<p>Le M11 Monophon convainc par sa construction compacte et une particularit\u00e9 qui le distingue de nombreux autres microphones portables&nbsp;: le r\u00e9glage du volume int\u00e9gr\u00e9. Cette fonction est particuli\u00e8rement appr\u00e9ci\u00e9e des organisations de s\u00e9curit\u00e9 et de sauvetage telles que les services d&rsquo;ambulance, car elle permet d&rsquo;adapter de mani\u00e8re flexible le volume des communications radio \u00e0 la situation respective. <\/p>\n<p>Avec la classe de protection IP55, le M11 est prot\u00e9g\u00e9 de mani\u00e8re fiable contre la poussi\u00e8re et les jets d&rsquo;eau, ce qui le rend id\u00e9al pour une utilisation professionnelle quotidienne. La transmission audio claire garantit une communication claire, m\u00eame dans des environnements exigeants. <\/p>\n<p>La conception ergonomique assure une manipulation agr\u00e9able, tandis que la prise jack 3,5&nbsp;mm int\u00e9gr\u00e9e permet de connecter des \u00e9couteurs externes si n\u00e9cessaire.<\/p>\n<p><strong>Le M11 \u2013 compact, ax\u00e9 sur la pratique et avec un r\u00e9glage de volume flexible pour une communication professionnelle.<\/strong><\/p>\n","protected":false},"excerpt":{"rendered":"<p>M11 Monophon avec r\u00e9glage du volume Le M11 Monophon convainc par sa construction compacte et une particularit\u00e9 qui le distingue de nombreux autres microphones portables&nbsp;: le r\u00e9glage du volume int\u00e9gr\u00e9. Cette fonction est particuli\u00e8rement appr\u00e9ci\u00e9e des organisations de s\u00e9curit\u00e9 et de sauvetage telles que les services d&rsquo;ambulance, car elle permet d&rsquo;adapter de mani\u00e8re flexible le [&hellip;]<\/p>\n","protected":false},"featured_media":4080,"comment_status":"closed","ping_status":"closed","template":"","meta":[],"product_brand":[],"product_cat":[212,211,214,209,230,210],"product_tag":[],"display-location":[],"class_list":{"0":"post-4075","1":"product","2":"type-product","3":"status-publish","4":"has-post-thumbnail","6":"product_cat-accessoires-radio","7":"product_cat-monophones","8":"product_cat-monophones-2","9":"product_cat-polycom","10":"product_cat-serie-m11","11":"product_cat-tph900","13":"first","14":"instock","15":"taxable","16":"shipping-taxable","17":"purchasable","18":"product-type-simple"},"tiered_pricing_type":"fixed","tiered_pricing_fixed_rules":[],"tiered_pricing_product_settings":{"layout":"default","base_unit_name":{"singular":null,"plural":null},"default_variation":null},"tiered_pricing_minimum_quantity":null,"tiered_pricing_roles_data":[],"tiered_pricing_percentage_rules":[],"_links":{"self":[{"href":"https:\/\/www.smartswiss-systems.com\/fr\/wp-json\/wp\/v2\/product\/4075","targetHints":{"allow":["GET"]}}],"collection":[{"href":"https:\/\/www.smartswiss-systems.com\/fr\/wp-json\/wp\/v2\/product"}],"about":[{"href":"https:\/\/www.smartswiss-systems.com\/fr\/wp-json\/wp\/v2\/types\/product"}],"replies":[{"embeddable":true,"href":"https:\/\/www.smartswiss-systems.com\/fr\/wp-json\/wp\/v2\/comments?post=4075"}],"wp:featuredmedia":[{"embeddable":true,"href":"https:\/\/www.smartswiss-systems.com\/fr\/wp-json\/wp\/v2\/media\/4080"}],"wp:attachment":[{"href":"https:\/\/www.smartswiss-systems.com\/fr\/wp-json\/wp\/v2\/media?parent=4075"}],"wp:term":[{"taxonomy":"product_brand","embeddable":true,"href":"https:\/\/www.smartswiss-systems.com\/fr\/wp-json\/wp\/v2\/product_brand?post=4075"},{"taxonomy":"product_cat","embeddable":true,"href":"https:\/\/www.smartswiss-systems.com\/fr\/wp-json\/wp\/v2\/product_cat?post=4075"},{"taxonomy":"product_tag","embeddable":true,"href":"https:\/\/www.smartswiss-systems.com\/fr\/wp-json\/wp\/v2\/product_tag?post=4075"},{"taxonomy":"display-location","embeddable":true,"href":"https:\/\/www.smartswiss-systems.com\/fr\/wp-json\/wp\/v2\/display-location?post=4075"}],"curies":[{"name":"wp","href":"https:\/\/api.w.org\/{rel}","templated":true}]}}