{"id":4063,"date":"2025-09-15T09:48:38","date_gmt":"2025-09-15T07:48:38","guid":{"rendered":"https:\/\/www.smartswiss-systems.com\/produkt\/handmonophon-mm20-vers-tph900-peltor-02\/"},"modified":"2025-12-15T14:43:55","modified_gmt":"2025-12-15T13:43:55","slug":"handmonophon-mm20-vers-tph900-peltor-02","status":"publish","type":"product","link":"https:\/\/www.smartswiss-systems.com\/fr\/produkt\/handmonophon-mm20-vers-tph900-peltor-02\/","title":{"rendered":"Handmonophon MM20 vers TPH900 \u2013 Peltor (02)"},"content":{"rendered":"<p><strong>TITAN MM20 Monophon<\/strong> \u2013 une communication claire quand chaque mot compte.<\/p>\n<hr \/>\n<p>Con\u00e7u pour une utilisation quotidienne intensive, le TITAN MM20 est l&rsquo;interface fiable pour la radio portable Polycom TPH900. Avec son indice de protection IP67 et sa construction robuste, il garantit une communication fiable m\u00eame dans des conditions extr\u00eames. Le grand bouton PTT frontal ainsi qu&rsquo;un bouton PTT lat\u00e9ral suppl\u00e9mentaire permettent une utilisation s\u00fbre, m\u00eame avec des gants. La prise Nexus \u00e0 4 p\u00f4les offre des possibilit\u00e9s de connexion flexibles pour les syst\u00e8mes de communication de casque ou les casques, et est compl\u00e9t\u00e9e par une connexion audio de 3,5 mm. Un clip de fixation rotatif et verrouillable assure un maintien s\u00fbr \u00e0 tout moment.<\/p>\n<p>Une transmission vocale claire, une manipulation simple et une fiabilit\u00e9 sans compromis font du TITAN MM20 le choix id\u00e9al pour la police, les pompiers, les services de secours et les utilisateurs industriels.<\/p>\n","protected":false},"excerpt":{"rendered":"<p>TITAN MM20 Monophon \u2013 une communication claire quand chaque mot compte. Con\u00e7u pour une utilisation quotidienne intensive, le TITAN MM20 est l&rsquo;interface fiable pour la radio portable Polycom TPH900. Avec son indice de protection IP67 et sa construction robuste, il garantit une communication fiable m\u00eame dans des conditions extr\u00eames. Le grand bouton PTT frontal ainsi [&hellip;]<\/p>\n","protected":false},"featured_media":5427,"comment_status":"closed","ping_status":"closed","template":"","meta":[],"product_brand":[],"product_cat":[212,214,211,209,213,210],"product_tag":[],"display-location":[],"class_list":{"0":"post-4063","1":"product","2":"type-product","3":"status-publish","4":"has-post-thumbnail","6":"product_cat-accessoires-radio","7":"product_cat-monophones-2","8":"product_cat-monophones","9":"product_cat-polycom","10":"product_cat-serie-mm20","11":"product_cat-tph900","13":"first","14":"instock","15":"taxable","16":"shipping-taxable","17":"purchasable","18":"product-type-simple"},"tiered_pricing_type":"fixed","tiered_pricing_fixed_rules":[],"tiered_pricing_product_settings":{"layout":"default","base_unit_name":{"singular":null,"plural":null},"default_variation":null},"tiered_pricing_minimum_quantity":null,"tiered_pricing_roles_data":[],"tiered_pricing_percentage_rules":[],"_links":{"self":[{"href":"https:\/\/www.smartswiss-systems.com\/fr\/wp-json\/wp\/v2\/product\/4063","targetHints":{"allow":["GET"]}}],"collection":[{"href":"https:\/\/www.smartswiss-systems.com\/fr\/wp-json\/wp\/v2\/product"}],"about":[{"href":"https:\/\/www.smartswiss-systems.com\/fr\/wp-json\/wp\/v2\/types\/product"}],"replies":[{"embeddable":true,"href":"https:\/\/www.smartswiss-systems.com\/fr\/wp-json\/wp\/v2\/comments?post=4063"}],"wp:featuredmedia":[{"embeddable":true,"href":"https:\/\/www.smartswiss-systems.com\/fr\/wp-json\/wp\/v2\/media\/5427"}],"wp:attachment":[{"href":"https:\/\/www.smartswiss-systems.com\/fr\/wp-json\/wp\/v2\/media?parent=4063"}],"wp:term":[{"taxonomy":"product_brand","embeddable":true,"href":"https:\/\/www.smartswiss-systems.com\/fr\/wp-json\/wp\/v2\/product_brand?post=4063"},{"taxonomy":"product_cat","embeddable":true,"href":"https:\/\/www.smartswiss-systems.com\/fr\/wp-json\/wp\/v2\/product_cat?post=4063"},{"taxonomy":"product_tag","embeddable":true,"href":"https:\/\/www.smartswiss-systems.com\/fr\/wp-json\/wp\/v2\/product_tag?post=4063"},{"taxonomy":"display-location","embeddable":true,"href":"https:\/\/www.smartswiss-systems.com\/fr\/wp-json\/wp\/v2\/display-location?post=4063"}],"curies":[{"name":"wp","href":"https:\/\/api.w.org\/{rel}","templated":true}]}}