{"id":4024,"date":"2025-09-15T10:02:29","date_gmt":"2025-09-15T08:02:29","guid":{"rendered":"https:\/\/www.smartswiss-systems.com\/produkt\/monophone-manuel-mm20-pour-tph900-casque-dhelicoptere-03a\/"},"modified":"2025-12-16T14:13:30","modified_gmt":"2025-12-16T13:13:30","slug":"monophone-manuel-mm20-pour-tph900-casque-dhelicoptere-03a","status":"publish","type":"product","link":"https:\/\/www.smartswiss-systems.com\/fr\/produkt\/monophone-manuel-mm20-pour-tph900-casque-dhelicoptere-03a\/","title":{"rendered":"Monophone manuel MM20 pour TPH900 \u2013 Casque d&rsquo;h\u00e9licopt\u00e8re (03A)"},"content":{"rendered":"<p><strong>TITAN MM20 Monophone (-03A)<\/strong> \u2013 pour casques d&rsquo;h\u00e9licopt\u00e8re<\/p>\n<hr \/>\n<p>Le TITAN MM20 (-03A) est sp\u00e9cialement con\u00e7u pour \u00eatre utilis\u00e9 avec les ensembles de casques d&rsquo;h\u00e9licopt\u00e8re et pour la radio portable Polycom TPH900. La prise Nexus \u00e0 4 p\u00f4les prend en charge les casques avec microphone dynamique selon la configuration David Clark. Un amplificateur int\u00e9gr\u00e9 assure une transmission vocale claire et amplifi\u00e9e. Avec un indice de protection IP67 et une construction robuste, le TITAN MM20 garantit une communication fiable, m\u00eame dans des conditions extr\u00eames.<\/p>\n<p>Une transmission vocale claire, une manipulation facile et une fiabilit\u00e9 sans compromis font du TITAN MM20 le choix id\u00e9al pour la police et les forces d&rsquo;intervention dans les op\u00e9rations a\u00e9riennes.<\/p>\n","protected":false},"excerpt":{"rendered":"<p>TITAN MM20 Monophone (-03A) \u2013 pour casques d&rsquo;h\u00e9licopt\u00e8re Le TITAN MM20 (-03A) est sp\u00e9cialement con\u00e7u pour \u00eatre utilis\u00e9 avec les ensembles de casques d&rsquo;h\u00e9licopt\u00e8re et pour la radio portable Polycom TPH900. La prise Nexus \u00e0 4 p\u00f4les prend en charge les casques avec microphone dynamique selon la configuration David Clark. Un amplificateur int\u00e9gr\u00e9 assure une [&hellip;]<\/p>\n","protected":false},"featured_media":5427,"comment_status":"closed","ping_status":"closed","template":"","meta":[],"product_brand":[],"product_cat":[212,211,214,209,213,210],"product_tag":[],"display-location":[],"class_list":{"0":"post-4024","1":"product","2":"type-product","3":"status-publish","4":"has-post-thumbnail","6":"product_cat-accessoires-radio","7":"product_cat-monophones","8":"product_cat-monophones-2","9":"product_cat-polycom","10":"product_cat-serie-mm20","11":"product_cat-tph900","13":"first","14":"instock","15":"taxable","16":"shipping-taxable","17":"purchasable","18":"product-type-simple"},"tiered_pricing_type":"fixed","tiered_pricing_fixed_rules":[],"tiered_pricing_product_settings":{"layout":"default","base_unit_name":{"singular":null,"plural":null},"default_variation":null},"tiered_pricing_minimum_quantity":null,"tiered_pricing_roles_data":[],"tiered_pricing_percentage_rules":[],"_links":{"self":[{"href":"https:\/\/www.smartswiss-systems.com\/fr\/wp-json\/wp\/v2\/product\/4024","targetHints":{"allow":["GET"]}}],"collection":[{"href":"https:\/\/www.smartswiss-systems.com\/fr\/wp-json\/wp\/v2\/product"}],"about":[{"href":"https:\/\/www.smartswiss-systems.com\/fr\/wp-json\/wp\/v2\/types\/product"}],"replies":[{"embeddable":true,"href":"https:\/\/www.smartswiss-systems.com\/fr\/wp-json\/wp\/v2\/comments?post=4024"}],"wp:featuredmedia":[{"embeddable":true,"href":"https:\/\/www.smartswiss-systems.com\/fr\/wp-json\/wp\/v2\/media\/5427"}],"wp:attachment":[{"href":"https:\/\/www.smartswiss-systems.com\/fr\/wp-json\/wp\/v2\/media?parent=4024"}],"wp:term":[{"taxonomy":"product_brand","embeddable":true,"href":"https:\/\/www.smartswiss-systems.com\/fr\/wp-json\/wp\/v2\/product_brand?post=4024"},{"taxonomy":"product_cat","embeddable":true,"href":"https:\/\/www.smartswiss-systems.com\/fr\/wp-json\/wp\/v2\/product_cat?post=4024"},{"taxonomy":"product_tag","embeddable":true,"href":"https:\/\/www.smartswiss-systems.com\/fr\/wp-json\/wp\/v2\/product_tag?post=4024"},{"taxonomy":"display-location","embeddable":true,"href":"https:\/\/www.smartswiss-systems.com\/fr\/wp-json\/wp\/v2\/display-location?post=4024"}],"curies":[{"name":"wp","href":"https:\/\/api.w.org\/{rel}","templated":true}]}}