{"id":3836,"date":"2025-09-12T15:02:32","date_gmt":"2025-09-12T13:02:32","guid":{"rendered":"https:\/\/www.smartswiss-systems.com\/solutions\/polycom\/"},"modified":"2025-12-05T10:42:30","modified_gmt":"2025-12-05T09:42:30","slug":"polycom","status":"publish","type":"page","link":"https:\/\/www.smartswiss-systems.com\/fr\/solutions\/polycom\/","title":{"rendered":"Polycom"},"content":{"rendered":"\t\t<div data-elementor-type=\"wp-page\" data-elementor-id=\"3836\" class=\"elementor elementor-3836 elementor-624\" data-elementor-post-type=\"page\">\n\t\t\t\t<div class=\"elementor-element elementor-element-0357335 e-flex e-con-boxed e-con e-parent\" data-id=\"0357335\" data-element_type=\"container\" data-e-type=\"container\" data-settings=\"{&quot;background_background&quot;:&quot;classic&quot;}\">\n\t\t\t\t\t<div class=\"e-con-inner\">\n\t\t\t\t<div class=\"elementor-element elementor-element-18bb452 elementor-widget elementor-widget-heading\" data-id=\"18bb452\" data-element_type=\"widget\" data-e-type=\"widget\" data-widget_type=\"heading.default\">\n\t\t\t\t\t<h2 class=\"elementor-heading-title elementor-size-default\">POLYCOM<\/h2>\t\t\t\t<\/div>\n\t\t\t\t<div class=\"elementor-element elementor-element-49e70be elementor-widget__width-inherit elementor-widget-divider--view-line elementor-widget elementor-widget-divider\" data-id=\"49e70be\" data-element_type=\"widget\" data-e-type=\"widget\" data-widget_type=\"divider.default\">\n\t\t\t\t\t\t\t<div class=\"elementor-divider\">\n\t\t\t<span class=\"elementor-divider-separator\">\n\t\t\t\t\t\t<\/span>\n\t\t<\/div>\n\t\t\t\t\t\t<\/div>\n\t\t\t\t<div class=\"elementor-element elementor-element-2cb765e elementor-widget elementor-widget-text-editor\" data-id=\"2cb765e\" data-element_type=\"widget\" data-e-type=\"widget\" data-widget_type=\"text-editor.default\">\n\t\t\t\t\t\t\t\t\t<p>R\u00e9seau radio de s\u00e9curit\u00e9 suisse<\/p>\t\t\t\t\t\t\t\t<\/div>\n\t\t\t\t\t<\/div>\n\t\t\t\t<\/div>\n\t\t<div class=\"elementor-element elementor-element-c7c534b e-con-full e-flex e-con e-parent\" data-id=\"c7c534b\" data-element_type=\"container\" data-e-type=\"container\">\n\t\t<div class=\"elementor-element elementor-element-00f64db e-con-full left-padding e-flex e-con e-child\" data-id=\"00f64db\" data-element_type=\"container\" data-e-type=\"container\">\n\t\t\t\t<div class=\"elementor-element elementor-element-def14f5 multicolor-title light elementor-widget elementor-widget-heading\" data-id=\"def14f5\" data-element_type=\"widget\" data-e-type=\"widget\" data-widget_type=\"heading.default\">\n\t\t\t\t\t<h2 class=\"elementor-heading-title elementor-size-default\"><em>Accessoires radio<\/em> adapt\u00e9s \u00e0 la radio portative POLYCOM TPH900<\/h2>\t\t\t\t<\/div>\n\t\t\t\t<div class=\"elementor-element elementor-element-be0d06b elementor-widget__width-inherit elementor-widget-divider--view-line elementor-widget elementor-widget-divider\" data-id=\"be0d06b\" data-element_type=\"widget\" data-e-type=\"widget\" data-widget_type=\"divider.default\">\n\t\t\t\t\t\t\t<div class=\"elementor-divider\">\n\t\t\t<span class=\"elementor-divider-separator\">\n\t\t\t\t\t\t<\/span>\n\t\t<\/div>\n\t\t\t\t\t\t<\/div>\n\t\t\t\t<div class=\"elementor-element elementor-element-aca192b elementor-widget elementor-widget-text-editor\" data-id=\"aca192b\" data-element_type=\"widget\" data-e-type=\"widget\" data-widget_type=\"text-editor.default\">\n\t\t\t\t\t\t\t\t\t<p>En tant que fournisseur fiable pour les autorit\u00e9s et organisations charg\u00e9es des missions de s\u00e9curit\u00e9, nous proposons des accessoires sp\u00e9cialis\u00e9s pour la radio portative Polycom TPH900. Notre gamme comprend des monophones robustes, des kits oreillette discrets pour les op\u00e9rations secr\u00e8tes, des casques confortables ainsi que des solutions sp\u00e9ciales sur mesure pour les op\u00e9rations sp\u00e9ciales. <\/p><p>Pour l&rsquo;arm\u00e9e, la protection civile, la police, les pompiers et les services de secours&nbsp;: en cas d&rsquo;urgence, chaque d\u00e9tail compte. C&rsquo;est pourquoi nous s\u00e9lectionnons et d\u00e9veloppons nos accessoires en \u00e9troite collaboration avec les utilisateurs. Le r\u00e9sultat&nbsp;: des accessoires qui ont fait leurs preuves au quotidien, qui offrent une qualit\u00e9 et une fiabilit\u00e9 maximales \u2013 et qui fonctionnent au moment d\u00e9cisif.  <\/p><p>Notre force r\u00e9side dans le lien direct avec la pratique&nbsp;: nous sommes \u00e0 l&rsquo;\u00e9coute des commentaires de nos clients, adaptons les solutions existantes et d\u00e9veloppons continuellement de nouvelles solutions. Nous veillons ainsi \u00e0 ce que nos accessoires r\u00e9pondent non seulement aux exigences actuelles, mais aussi aux exigences futures. <\/p><p>Dans notre section en ligne sp\u00e9ciale pour les accessoires Polycom, vous trouverez tous les produits regroup\u00e9s de mani\u00e8re claire \u2013 rapidement, de mani\u00e8re cibl\u00e9e et pr\u00eats \u00e0 l&#8217;emploi.<\/p><p><em><strong>\u00ab&nbsp;SmartSwiss Systems \u2013 quand la communication prot\u00e8ge des vies.&nbsp;\u00bb<\/strong><\/em><\/p>\t\t\t\t\t\t\t\t<\/div>\n\t\t\t\t<\/div>\n\t\t<div class=\"elementor-element elementor-element-4df3b6c e-con-full e-flex e-con e-child\" data-id=\"4df3b6c\" data-element_type=\"container\" data-e-type=\"container\">\n\t\t\t\t<div class=\"elementor-element elementor-element-c0335cd solution-carousel elementor-pagination-type-bullets elementor-pagination-position-outside elementor-widget elementor-widget-n-carousel\" data-id=\"c0335cd\" data-element_type=\"widget\" data-e-type=\"widget\" data-settings=\"{&quot;carousel_items&quot;:[{&quot;slide_title&quot;:&quot;Slide #1&quot;,&quot;_id&quot;:&quot;ade7bcc&quot;}],&quot;slides_to_show&quot;:&quot;2&quot;,&quot;slides_to_scroll&quot;:&quot;1&quot;,&quot;offset_sides&quot;:&quot;right&quot;,&quot;offset_width&quot;:{&quot;unit&quot;:&quot;px&quot;,&quot;size&quot;:250,&quot;sizes&quot;:[]},&quot;image_spacing_custom&quot;:{&quot;unit&quot;:&quot;px&quot;,&quot;size&quot;:20,&quot;sizes&quot;:[]},&quot;offset_width_tablet&quot;:{&quot;unit&quot;:&quot;px&quot;,&quot;size&quot;:0,&quot;sizes&quot;:[]},&quot;offset_width_mobile&quot;:{&quot;unit&quot;:&quot;px&quot;,&quot;size&quot;:0,&quot;sizes&quot;:[]},&quot;slides_to_show_tablet&quot;:&quot;2&quot;,&quot;slides_to_show_mobile&quot;:&quot;1&quot;,&quot;autoplay&quot;:&quot;yes&quot;,&quot;autoplay_speed&quot;:5000,&quot;pause_on_hover&quot;:&quot;yes&quot;,&quot;pause_on_interaction&quot;:&quot;yes&quot;,&quot;infinite&quot;:&quot;yes&quot;,&quot;speed&quot;:500,&quot;pagination&quot;:&quot;bullets&quot;,&quot;image_spacing_custom_tablet&quot;:{&quot;unit&quot;:&quot;px&quot;,&quot;size&quot;:&quot;&quot;,&quot;sizes&quot;:[]},&quot;image_spacing_custom_mobile&quot;:{&quot;unit&quot;:&quot;px&quot;,&quot;size&quot;:&quot;&quot;,&quot;sizes&quot;:[]}}\" data-widget_type=\"nested-carousel.default\">\n\t\t\t\t\t\t\t<div class=\"e-n-carousel swiper\" role=\"region\" aria-roledescription=\"carousel\" aria-label=\"Carousel\" dir=\"ltr\">\n\t\t\t<div class=\"swiper-wrapper\" aria-live=\"off\">\n\t\t\t\t\t\t\t\t\t\t<div class=\"swiper-slide\" data-slide=\"1\" role=\"group\" aria-roledescription=\"slide\" aria-label=\"1 sur 1\">\n\t\t\t\t\t\t\t<div class=\"elementor-element elementor-element-8fbc207 e-flex e-con-boxed e-con e-child\" data-id=\"8fbc207\" data-element_type=\"container\" data-e-type=\"container\">\n\t\t\t\t\t<div class=\"e-con-inner\">\n\t\t\t\t<div class=\"elementor-element elementor-element-4217233 elementor-widget elementor-widget-image\" data-id=\"4217233\" data-element_type=\"widget\" data-e-type=\"widget\" data-widget_type=\"image.default\">\n\t\t\t\t\t\t\t\t\t\t\t\t\t\t\t<img fetchpriority=\"high\" decoding=\"async\" width=\"800\" height=\"534\" src=\"https:\/\/www.smartswiss-systems.com\/wp-content\/uploads\/2025\/11\/6936_006-1024x683.jpg\" class=\"attachment-large size-large wp-image-3844\" alt=\"\" srcset=\"https:\/\/www.smartswiss-systems.com\/wp-content\/uploads\/2025\/11\/6936_006-1024x683.jpg 1024w, https:\/\/www.smartswiss-systems.com\/wp-content\/uploads\/2025\/11\/6936_006-300x200.jpg 300w, https:\/\/www.smartswiss-systems.com\/wp-content\/uploads\/2025\/11\/6936_006-768x512.jpg 768w, https:\/\/www.smartswiss-systems.com\/wp-content\/uploads\/2025\/11\/6936_006-1536x1024.jpg 1536w, https:\/\/www.smartswiss-systems.com\/wp-content\/uploads\/2025\/11\/6936_006-2048x1365.jpg 2048w, https:\/\/www.smartswiss-systems.com\/wp-content\/uploads\/2025\/11\/6936_006-600x400.jpg 600w\" sizes=\"(max-width: 800px) 100vw, 800px\" \/>\t\t\t\t\t\t\t\t\t\t\t\t\t\t\t<\/div>\n\t\t\t\t\t<\/div>\n\t\t\t\t<\/div>\n\t\t\t\t\t\t\t\t<\/div>\n\t\t\t\t\t\t\t\t<\/div>\n\t\t<\/div>\n\t\t\t\t\t\t<\/div>\n\t\t\t\t<\/div>\n\t\t\t\t<\/div>\n\t\t<div class=\"elementor-element elementor-element-b4d3b34 product-wrapper full e-flex e-con-boxed e-con e-parent\" data-id=\"b4d3b34\" data-element_type=\"container\" data-e-type=\"container\" data-settings=\"{&quot;background_background&quot;:&quot;classic&quot;}\">\n\t\t\t\t\t<div class=\"e-con-inner\">\n\t\t<div class=\"elementor-element elementor-element-f93b3b0 e-con-full product-main-page e-flex e-con e-child\" data-id=\"f93b3b0\" data-element_type=\"container\" data-e-type=\"container\" data-settings=\"{&quot;background_background&quot;:&quot;classic&quot;}\">\n\t\t\t\t<div class=\"elementor-element elementor-element-7f91a74 elementor-widget__width-inherit multicolor-title light elementor-widget elementor-widget-heading\" data-id=\"7f91a74\" data-element_type=\"widget\" data-e-type=\"widget\" data-widget_type=\"heading.default\">\n\t\t\t\t\t<h1 class=\"elementor-heading-title elementor-size-default\"><i>SmartSwiss Systems<\/i><br>POLYCOM<\/h1>\t\t\t\t<\/div>\n\t\t\t\t<div class=\"elementor-element elementor-element-0799284 elementor-widget__width-inherit elementor-widget-divider--view-line elementor-widget elementor-widget-divider\" data-id=\"0799284\" data-element_type=\"widget\" data-e-type=\"widget\" data-widget_type=\"divider.default\">\n\t\t\t\t\t\t\t<div class=\"elementor-divider\">\n\t\t\t<span class=\"elementor-divider-separator\">\n\t\t\t\t\t\t<\/span>\n\t\t<\/div>\n\t\t\t\t\t\t<\/div>\n\t\t\t\t<\/div>\n\t\t<div class=\"elementor-element elementor-element-24a4dd6 e-con-full product-main-page e-flex e-con e-child\" data-id=\"24a4dd6\" data-element_type=\"container\" data-e-type=\"container\" data-settings=\"{&quot;background_background&quot;:&quot;classic&quot;}\">\n\t\t<div class=\"elementor-element elementor-element-16030e0 e-con-full e-flex e-con e-child\" data-id=\"16030e0\" data-element_type=\"container\" data-e-type=\"container\">\n\t\t\t\t<div class=\"elementor-element elementor-element-24214d0 elementor-widget elementor-widget-image\" data-id=\"24214d0\" data-element_type=\"widget\" data-e-type=\"widget\" data-widget_type=\"image.default\">\n\t\t\t\t\t\t\t\t\t\t\t\t\t\t\t<img decoding=\"async\" width=\"800\" height=\"448\" src=\"https:\/\/www.smartswiss-systems.com\/wp-content\/uploads\/2025\/11\/headshot-smiling-paramedic-1024x574.jpg\" class=\"attachment-large size-large wp-image-3842\" alt=\"\" srcset=\"https:\/\/www.smartswiss-systems.com\/wp-content\/uploads\/2025\/11\/headshot-smiling-paramedic-1024x574.jpg 1024w, https:\/\/www.smartswiss-systems.com\/wp-content\/uploads\/2025\/11\/headshot-smiling-paramedic-300x168.jpg 300w, https:\/\/www.smartswiss-systems.com\/wp-content\/uploads\/2025\/11\/headshot-smiling-paramedic-768x431.jpg 768w, https:\/\/www.smartswiss-systems.com\/wp-content\/uploads\/2025\/11\/headshot-smiling-paramedic-600x336.jpg 600w, https:\/\/www.smartswiss-systems.com\/wp-content\/uploads\/2025\/11\/headshot-smiling-paramedic.jpg 1040w\" sizes=\"(max-width: 800px) 100vw, 800px\" \/>\t\t\t\t\t\t\t\t\t\t\t\t\t\t\t<\/div>\n\t\t\t\t<\/div>\n\t\t<div class=\"elementor-element elementor-element-120da90 e-con-full e-flex e-con e-child\" data-id=\"120da90\" data-element_type=\"container\" data-e-type=\"container\">\n\t\t\t\t<div class=\"elementor-element elementor-element-75eb603 elementor-widget elementor-widget-heading\" data-id=\"75eb603\" data-element_type=\"widget\" data-e-type=\"widget\" data-widget_type=\"heading.default\">\n\t\t\t\t\t<span class=\"elementor-heading-title elementor-size-default\">TPH700<\/span>\t\t\t\t<\/div>\n\t\t\t\t<div class=\"elementor-element elementor-element-df4978c elementor-widget__width-inherit elementor-widget-divider--view-line elementor-widget elementor-widget-divider\" data-id=\"df4978c\" data-element_type=\"widget\" data-e-type=\"widget\" data-widget_type=\"divider.default\">\n\t\t\t\t\t\t\t<div class=\"elementor-divider\">\n\t\t\t<span class=\"elementor-divider-separator\">\n\t\t\t\t\t\t<\/span>\n\t\t<\/div>\n\t\t\t\t\t\t<\/div>\n\t\t\t\t<div class=\"elementor-element elementor-element-9175482 elementor-widget elementor-widget-text-editor\" data-id=\"9175482\" data-element_type=\"widget\" data-e-type=\"widget\" data-widget_type=\"text-editor.default\">\n\t\t\t\t\t\t\t\t\t<p>\u00c9galement pour la radio portative TPH700&nbsp;: accessoires radio s\u00e9lectionn\u00e9s, toujours disponibles.<\/p>\t\t\t\t\t\t\t\t<\/div>\n\t\t\t\t<div class=\"elementor-element elementor-element-5098b54 elementor-align-left elementor-widget__width-auto default-button elementor-widget elementor-widget-button\" data-id=\"5098b54\" data-element_type=\"widget\" data-e-type=\"widget\" data-widget_type=\"button.default\">\n\t\t\t\t\t\t\t\t\t\t<a class=\"elementor-button elementor-button-link elementor-size-sm\" href=\"https:\/\/www.smartswiss-systems.com\/produkt-kategorie\/polycom\/tph700\/\">\n\t\t\t\t\t\t<span class=\"elementor-button-content-wrapper\">\n\t\t\t\t\t\t<span class=\"elementor-button-icon\">\n\t\t\t\t<svg xmlns=\"http:\/\/www.w3.org\/2000\/svg\" id=\"Icons\" viewBox=\"0 0 512 512\"><path d=\"M323.88,172.12c8.84,0,16,7.16,16,16v113.14c0,4.42-1.79,8.42-4.68,11.31s-6.9,4.68-11.31,4.68c-8.84,0-16-7.16-16-16v-74.51l-108.45,108.45c-6.25,6.25-16.37,6.25-22.63,0-6.25-6.25-6.25-16.38,0-22.63l108.45-108.45h-74.51c-8.84,0-16-7.16-16-16,0-8.84,7.16-16,16-16h113.14Z\"><\/path><\/svg>\t\t\t<\/span>\n\t\t\t\t\t\t\t\t\t<span class=\"elementor-button-text\">vers les produits<\/span>\n\t\t\t\t\t<\/span>\n\t\t\t\t\t<\/a>\n\t\t\t\t\t\t\t\t<\/div>\n\t\t\t\t<\/div>\n\t\t\t\t<\/div>\n\t\t<div class=\"elementor-element elementor-element-bfc6f1c e-con-full product-main-page e-flex e-con e-child\" data-id=\"bfc6f1c\" data-element_type=\"container\" data-e-type=\"container\" data-settings=\"{&quot;background_background&quot;:&quot;classic&quot;}\">\n\t\t<div class=\"elementor-element elementor-element-245624e e-con-full e-flex e-con e-child\" data-id=\"245624e\" data-element_type=\"container\" data-e-type=\"container\">\n\t\t\t\t<div class=\"elementor-element elementor-element-437d677 elementor-widget elementor-widget-heading\" data-id=\"437d677\" data-element_type=\"widget\" data-e-type=\"widget\" data-widget_type=\"heading.default\">\n\t\t\t\t\t<span class=\"elementor-heading-title elementor-size-default\">TPH900<\/span>\t\t\t\t<\/div>\n\t\t\t\t<div class=\"elementor-element elementor-element-359edb0 elementor-widget__width-inherit elementor-widget-divider--view-line elementor-widget elementor-widget-divider\" data-id=\"359edb0\" data-element_type=\"widget\" data-e-type=\"widget\" data-widget_type=\"divider.default\">\n\t\t\t\t\t\t\t<div class=\"elementor-divider\">\n\t\t\t<span class=\"elementor-divider-separator\">\n\t\t\t\t\t\t<\/span>\n\t\t<\/div>\n\t\t\t\t\t\t<\/div>\n\t\t\t\t<div class=\"elementor-element elementor-element-bc4c447 elementor-widget elementor-widget-text-editor\" data-id=\"bc4c447\" data-element_type=\"widget\" data-e-type=\"widget\" data-widget_type=\"text-editor.default\">\n\t\t\t\t\t\t\t\t\tAccessoires radio pour le TPH900 \u2013 modernes, complets et pr\u00eats \u00e0 l&#8217;emploi pour chaque situation tactique. \n\t\n\t\n\t\n\t\t\t\t\t\t\t\t\t<\/div>\n\t\t\t\t<div class=\"elementor-element elementor-element-0901232 elementor-align-left elementor-widget__width-auto default-button elementor-widget elementor-widget-button\" data-id=\"0901232\" data-element_type=\"widget\" data-e-type=\"widget\" data-widget_type=\"button.default\">\n\t\t\t\t\t\t\t\t\t\t<a class=\"elementor-button elementor-button-link elementor-size-sm\" href=\"https:\/\/www.smartswiss-systems.com\/produkt-kategorie\/polycom\/tph900\/\">\n\t\t\t\t\t\t<span class=\"elementor-button-content-wrapper\">\n\t\t\t\t\t\t<span class=\"elementor-button-icon\">\n\t\t\t\t<svg xmlns=\"http:\/\/www.w3.org\/2000\/svg\" id=\"Icons\" viewBox=\"0 0 512 512\"><path d=\"M323.88,172.12c8.84,0,16,7.16,16,16v113.14c0,4.42-1.79,8.42-4.68,11.31s-6.9,4.68-11.31,4.68c-8.84,0-16-7.16-16-16v-74.51l-108.45,108.45c-6.25,6.25-16.37,6.25-22.63,0-6.25-6.25-6.25-16.38,0-22.63l108.45-108.45h-74.51c-8.84,0-16-7.16-16-16,0-8.84,7.16-16,16-16h113.14Z\"><\/path><\/svg>\t\t\t<\/span>\n\t\t\t\t\t\t\t\t\t<span class=\"elementor-button-text\">vers les produits<\/span>\n\t\t\t\t\t<\/span>\n\t\t\t\t\t<\/a>\n\t\t\t\t\t\t\t\t<\/div>\n\t\t\t\t<\/div>\n\t\t<div class=\"elementor-element elementor-element-0e6acb3 e-con-full e-flex e-con e-child\" data-id=\"0e6acb3\" data-element_type=\"container\" data-e-type=\"container\">\n\t\t\t\t<div class=\"elementor-element elementor-element-6b469aa elementor-widget elementor-widget-image\" data-id=\"6b469aa\" data-element_type=\"widget\" data-e-type=\"widget\" data-widget_type=\"image.default\">\n\t\t\t\t\t\t\t\t\t\t\t\t\t\t\t<img decoding=\"async\" width=\"800\" height=\"534\" src=\"https:\/\/www.smartswiss-systems.com\/wp-content\/uploads\/2025\/11\/6936_006-1-1024x683.jpg\" class=\"attachment-large size-large wp-image-3436\" alt=\"\" srcset=\"https:\/\/www.smartswiss-systems.com\/wp-content\/uploads\/2025\/11\/6936_006-1-1024x683.jpg 1024w, https:\/\/www.smartswiss-systems.com\/wp-content\/uploads\/2025\/11\/6936_006-1-300x200.jpg 300w, https:\/\/www.smartswiss-systems.com\/wp-content\/uploads\/2025\/11\/6936_006-1-768x512.jpg 768w, https:\/\/www.smartswiss-systems.com\/wp-content\/uploads\/2025\/11\/6936_006-1-1536x1024.jpg 1536w, https:\/\/www.smartswiss-systems.com\/wp-content\/uploads\/2025\/11\/6936_006-1-600x400.jpg 600w, https:\/\/www.smartswiss-systems.com\/wp-content\/uploads\/2025\/11\/6936_006-1.jpg 1800w\" sizes=\"(max-width: 800px) 100vw, 800px\" \/>\t\t\t\t\t\t\t\t\t\t\t\t\t\t\t<\/div>\n\t\t\t\t<\/div>\n\t\t\t\t<\/div>\n\t\t<div class=\"elementor-element elementor-element-59d578a e-con-full product-main-page e-flex e-con e-child\" data-id=\"59d578a\" data-element_type=\"container\" data-e-type=\"container\" data-settings=\"{&quot;background_background&quot;:&quot;classic&quot;}\">\n\t\t<div class=\"elementor-element elementor-element-aa304a4 e-con-full e-flex e-con e-child\" data-id=\"aa304a4\" data-element_type=\"container\" data-e-type=\"container\">\n\t\t\t\t<div class=\"elementor-element elementor-element-a5ee7f7 elementor-widget elementor-widget-image\" data-id=\"a5ee7f7\" data-element_type=\"widget\" data-e-type=\"widget\" data-widget_type=\"image.default\">\n\t\t\t\t\t\t\t\t\t\t\t\t\t\t\t<img loading=\"lazy\" decoding=\"async\" width=\"583\" height=\"571\" src=\"https:\/\/www.smartswiss-systems.com\/wp-content\/uploads\/2025\/09\/polycom1.jpg\" class=\"attachment-large size-large wp-image-3838\" alt=\"\" srcset=\"https:\/\/www.smartswiss-systems.com\/wp-content\/uploads\/2025\/09\/polycom1.jpg 583w, https:\/\/www.smartswiss-systems.com\/wp-content\/uploads\/2025\/09\/polycom1-300x294.jpg 300w\" sizes=\"(max-width: 583px) 100vw, 583px\" \/>\t\t\t\t\t\t\t\t\t\t\t\t\t\t\t<\/div>\n\t\t\t\t<\/div>\n\t\t<div class=\"elementor-element elementor-element-1d03b71 e-con-full e-flex e-con e-child\" data-id=\"1d03b71\" data-element_type=\"container\" data-e-type=\"container\">\n\t\t\t\t<div class=\"elementor-element elementor-element-b2f000e elementor-widget elementor-widget-heading\" data-id=\"b2f000e\" data-element_type=\"widget\" data-e-type=\"widget\" data-widget_type=\"heading.default\">\n\t\t\t\t\t<span class=\"elementor-heading-title elementor-size-default\">Solutions pour motos<\/span>\t\t\t\t<\/div>\n\t\t\t\t<div class=\"elementor-element elementor-element-2b1d7c1 elementor-widget__width-inherit elementor-widget-divider--view-line elementor-widget elementor-widget-divider\" data-id=\"2b1d7c1\" data-element_type=\"widget\" data-e-type=\"widget\" data-widget_type=\"divider.default\">\n\t\t\t\t\t\t\t<div class=\"elementor-divider\">\n\t\t\t<span class=\"elementor-divider-separator\">\n\t\t\t\t\t\t<\/span>\n\t\t<\/div>\n\t\t\t\t\t\t<\/div>\n\t\t\t\t<div class=\"elementor-element elementor-element-7239e8a elementor-widget elementor-widget-text-editor\" data-id=\"7239e8a\" data-element_type=\"widget\" data-e-type=\"widget\" data-widget_type=\"text-editor.default\">\n\t\t\t\t\t\t\t\t\t<p>Solution moto TPH900 \u2013 pleine capacit\u00e9 op\u00e9rationnelle, toujours mobile et fiable sur tous les trajets.<\/p>\t\t\t\t\t\t\t\t<\/div>\n\t\t\t\t<div class=\"elementor-element elementor-element-3bdbf32 elementor-align-left elementor-widget__width-auto default-button elementor-widget elementor-widget-button\" data-id=\"3bdbf32\" data-element_type=\"widget\" data-e-type=\"widget\" data-widget_type=\"button.default\">\n\t\t\t\t\t\t\t\t\t\t<a class=\"elementor-button elementor-button-link elementor-size-sm\" href=\"https:\/\/www.smartswiss-systems.com\/produkt-kategorie\/polycom\/motorradloesungen\/\">\n\t\t\t\t\t\t<span class=\"elementor-button-content-wrapper\">\n\t\t\t\t\t\t<span class=\"elementor-button-icon\">\n\t\t\t\t<svg xmlns=\"http:\/\/www.w3.org\/2000\/svg\" id=\"Icons\" viewBox=\"0 0 512 512\"><path d=\"M323.88,172.12c8.84,0,16,7.16,16,16v113.14c0,4.42-1.79,8.42-4.68,11.31s-6.9,4.68-11.31,4.68c-8.84,0-16-7.16-16-16v-74.51l-108.45,108.45c-6.25,6.25-16.37,6.25-22.63,0-6.25-6.25-6.25-16.38,0-22.63l108.45-108.45h-74.51c-8.84,0-16-7.16-16-16,0-8.84,7.16-16,16-16h113.14Z\"><\/path><\/svg>\t\t\t<\/span>\n\t\t\t\t\t\t\t\t\t<span class=\"elementor-button-text\">vers les produits<\/span>\n\t\t\t\t\t<\/span>\n\t\t\t\t\t<\/a>\n\t\t\t\t\t\t\t\t<\/div>\n\t\t\t\t<\/div>\n\t\t\t\t<\/div>\n\t\t<div class=\"elementor-element elementor-element-af4ab2b e-con-full product-main-page e-flex e-con e-child\" data-id=\"af4ab2b\" data-element_type=\"container\" data-e-type=\"container\" data-settings=\"{&quot;background_background&quot;:&quot;classic&quot;}\">\n\t\t<div class=\"elementor-element elementor-element-7a75ea3 e-con-full e-flex e-con e-child\" data-id=\"7a75ea3\" data-element_type=\"container\" data-e-type=\"container\">\n\t\t\t\t<div class=\"elementor-element elementor-element-690feac elementor-widget elementor-widget-heading\" data-id=\"690feac\" data-element_type=\"widget\" data-e-type=\"widget\" data-widget_type=\"heading.default\">\n\t\t\t\t\t<span class=\"elementor-heading-title elementor-size-default\">Syst\u00e8mes de protection auditive<\/span>\t\t\t\t<\/div>\n\t\t\t\t<div class=\"elementor-element elementor-element-0f983b9 elementor-widget__width-inherit elementor-widget-divider--view-line elementor-widget elementor-widget-divider\" data-id=\"0f983b9\" data-element_type=\"widget\" data-e-type=\"widget\" data-widget_type=\"divider.default\">\n\t\t\t\t\t\t\t<div class=\"elementor-divider\">\n\t\t\t<span class=\"elementor-divider-separator\">\n\t\t\t\t\t\t<\/span>\n\t\t<\/div>\n\t\t\t\t\t\t<\/div>\n\t\t\t\t<div class=\"elementor-element elementor-element-4019a14 elementor-widget elementor-widget-text-editor\" data-id=\"4019a14\" data-element_type=\"widget\" data-e-type=\"widget\" data-widget_type=\"text-editor.default\">\n\t\t\t\t\t\t\t\t\t<p>D\u00e9velopp\u00e9 pour les forces d&rsquo;intervention&nbsp;: une protection auditive qui prot\u00e8ge et connecte<\/p>\t\t\t\t\t\t\t\t<\/div>\n\t\t\t\t<div class=\"elementor-element elementor-element-e39b130 elementor-align-left elementor-widget__width-auto default-button elementor-widget elementor-widget-button\" data-id=\"e39b130\" data-element_type=\"widget\" data-e-type=\"widget\" data-widget_type=\"button.default\">\n\t\t\t\t\t\t\t\t\t\t<a class=\"elementor-button elementor-button-link elementor-size-sm\" href=\"https:\/\/www.smartswiss-systems.com\/produkt-kategorie\/polycom\/gehoerschutzsysteme\/\">\n\t\t\t\t\t\t<span class=\"elementor-button-content-wrapper\">\n\t\t\t\t\t\t<span class=\"elementor-button-icon\">\n\t\t\t\t<svg xmlns=\"http:\/\/www.w3.org\/2000\/svg\" id=\"Icons\" viewBox=\"0 0 512 512\"><path d=\"M323.88,172.12c8.84,0,16,7.16,16,16v113.14c0,4.42-1.79,8.42-4.68,11.31s-6.9,4.68-11.31,4.68c-8.84,0-16-7.16-16-16v-74.51l-108.45,108.45c-6.25,6.25-16.37,6.25-22.63,0-6.25-6.25-6.25-16.38,0-22.63l108.45-108.45h-74.51c-8.84,0-16-7.16-16-16,0-8.84,7.16-16,16-16h113.14Z\"><\/path><\/svg>\t\t\t<\/span>\n\t\t\t\t\t\t\t\t\t<span class=\"elementor-button-text\">vers les produits<\/span>\n\t\t\t\t\t<\/span>\n\t\t\t\t\t<\/a>\n\t\t\t\t\t\t\t\t<\/div>\n\t\t\t\t<\/div>\n\t\t<div class=\"elementor-element elementor-element-03803b0 e-con-full e-flex e-con e-child\" data-id=\"03803b0\" data-element_type=\"container\" data-e-type=\"container\">\n\t\t\t\t<div class=\"elementor-element elementor-element-a530675 elementor-widget elementor-widget-image\" data-id=\"a530675\" data-element_type=\"widget\" data-e-type=\"widget\" data-widget_type=\"image.default\">\n\t\t\t\t\t\t\t\t\t\t\t\t\t\t\t<img loading=\"lazy\" decoding=\"async\" width=\"478\" height=\"558\" src=\"https:\/\/www.smartswiss-systems.com\/wp-content\/uploads\/2025\/09\/polycom4.jpg\" class=\"attachment-large size-large wp-image-3841\" alt=\"\" srcset=\"https:\/\/www.smartswiss-systems.com\/wp-content\/uploads\/2025\/09\/polycom4.jpg 478w, https:\/\/www.smartswiss-systems.com\/wp-content\/uploads\/2025\/09\/polycom4-257x300.jpg 257w\" sizes=\"(max-width: 478px) 100vw, 478px\" \/>\t\t\t\t\t\t\t\t\t\t\t\t\t\t\t<\/div>\n\t\t\t\t<\/div>\n\t\t\t\t<\/div>\n\t\t\t\t\t<\/div>\n\t\t\t\t<\/div>\n\t\t\t\t<\/div>\n\t\t","protected":false},"excerpt":{"rendered":"<p>POLYCOM R\u00e9seau radio de s\u00e9curit\u00e9 suisse Accessoires radio adapt\u00e9s \u00e0 la radio portative POLYCOM TPH900 En tant que fournisseur fiable pour les autorit\u00e9s et organisations charg\u00e9es des missions de s\u00e9curit\u00e9, nous proposons des accessoires sp\u00e9cialis\u00e9s pour la radio portative Polycom TPH900. Notre gamme comprend des monophones robustes, des kits oreillette discrets pour les op\u00e9rations secr\u00e8tes, [&hellip;]<\/p>\n","protected":false},"author":1,"featured_media":0,"parent":3324,"menu_order":0,"comment_status":"closed","ping_status":"closed","template":"","meta":{"footnotes":""},"class_list":["post-3836","page","type-page","status-publish","hentry"],"_links":{"self":[{"href":"https:\/\/www.smartswiss-systems.com\/fr\/wp-json\/wp\/v2\/pages\/3836","targetHints":{"allow":["GET"]}}],"collection":[{"href":"https:\/\/www.smartswiss-systems.com\/fr\/wp-json\/wp\/v2\/pages"}],"about":[{"href":"https:\/\/www.smartswiss-systems.com\/fr\/wp-json\/wp\/v2\/types\/page"}],"author":[{"embeddable":true,"href":"https:\/\/www.smartswiss-systems.com\/fr\/wp-json\/wp\/v2\/users\/1"}],"replies":[{"embeddable":true,"href":"https:\/\/www.smartswiss-systems.com\/fr\/wp-json\/wp\/v2\/comments?post=3836"}],"version-history":[{"count":2,"href":"https:\/\/www.smartswiss-systems.com\/fr\/wp-json\/wp\/v2\/pages\/3836\/revisions"}],"predecessor-version":[{"id":5383,"href":"https:\/\/www.smartswiss-systems.com\/fr\/wp-json\/wp\/v2\/pages\/3836\/revisions\/5383"}],"up":[{"embeddable":true,"href":"https:\/\/www.smartswiss-systems.com\/fr\/wp-json\/wp\/v2\/pages\/3324"}],"wp:attachment":[{"href":"https:\/\/www.smartswiss-systems.com\/fr\/wp-json\/wp\/v2\/media?parent=3836"}],"curies":[{"name":"wp","href":"https:\/\/api.w.org\/{rel}","templated":true}]}}