{"id":3796,"date":"2025-10-30T13:03:26","date_gmt":"2025-10-30T12:03:26","guid":{"rendered":"https:\/\/www.smartswiss-systems.com\/mentions-legales\/"},"modified":"2025-12-03T09:47:16","modified_gmt":"2025-12-03T08:47:16","slug":"mentions-legales","status":"publish","type":"page","link":"https:\/\/www.smartswiss-systems.com\/fr\/mentions-legales\/","title":{"rendered":"Mentions l\u00e9gales"},"content":{"rendered":"\t\t<div data-elementor-type=\"wp-page\" data-elementor-id=\"3796\" class=\"elementor elementor-3796 elementor-2143\" data-elementor-post-type=\"page\">\n\t\t\t\t<div class=\"elementor-element elementor-element-f15ee20 e-flex e-con-boxed e-con e-parent\" data-id=\"f15ee20\" data-element_type=\"container\" data-e-type=\"container\" data-settings=\"{&quot;background_background&quot;:&quot;classic&quot;}\">\n\t\t\t\t\t<div class=\"e-con-inner\">\n\t\t\t\t<div class=\"elementor-element elementor-element-c568997 elementor-widget elementor-widget-heading\" data-id=\"c568997\" data-element_type=\"widget\" data-e-type=\"widget\" data-widget_type=\"heading.default\">\n\t\t\t\t\t<h2 class=\"elementor-heading-title elementor-size-default\">Mentions l\u00e9gales<\/h2>\t\t\t\t<\/div>\n\t\t\t\t<div class=\"elementor-element elementor-element-d6b6ca8 elementor-widget__width-inherit elementor-widget-divider--view-line elementor-widget elementor-widget-divider\" data-id=\"d6b6ca8\" data-element_type=\"widget\" data-e-type=\"widget\" data-widget_type=\"divider.default\">\n\t\t\t\t\t\t\t<div class=\"elementor-divider\">\n\t\t\t<span class=\"elementor-divider-separator\">\n\t\t\t\t\t\t<\/span>\n\t\t<\/div>\n\t\t\t\t\t\t<\/div>\n\t\t\t\t<div class=\"elementor-element elementor-element-ddd6e3e elementor-widget elementor-widget-text-editor\" data-id=\"ddd6e3e\" data-element_type=\"widget\" data-e-type=\"widget\" data-widget_type=\"text-editor.default\">\n\t\t\t\t\t\t\t\t\t<p>SmartSwiss Systems<\/p>\t\t\t\t\t\t\t\t<\/div>\n\t\t\t\t\t<\/div>\n\t\t\t\t<\/div>\n\t\t<div class=\"elementor-element elementor-element-83e901a e-flex e-con-boxed e-con e-parent\" data-id=\"83e901a\" data-element_type=\"container\" data-e-type=\"container\" data-settings=\"{&quot;background_background&quot;:&quot;classic&quot;}\">\n\t\t\t\t\t<div class=\"e-con-inner\">\n\t\t\t\t<div class=\"elementor-element elementor-element-44397b9 elementor-widget elementor-widget-heading\" data-id=\"44397b9\" data-element_type=\"widget\" data-e-type=\"widget\" data-widget_type=\"heading.default\">\n\t\t\t\t\t<span class=\"elementor-heading-title elementor-size-default\">SmartSwiss Systems SA<\/span>\t\t\t\t<\/div>\n\t\t\t\t<div class=\"elementor-element elementor-element-75a82ed elementor-widget__width-inherit elementor-widget-divider--view-line elementor-widget elementor-widget-divider\" data-id=\"75a82ed\" data-element_type=\"widget\" data-e-type=\"widget\" data-widget_type=\"divider.default\">\n\t\t\t\t\t\t\t<div class=\"elementor-divider\">\n\t\t\t<span class=\"elementor-divider-separator\">\n\t\t\t\t\t\t<\/span>\n\t\t<\/div>\n\t\t\t\t\t\t<\/div>\n\t\t\t\t<div class=\"elementor-element elementor-element-778e591 elementor-widget elementor-widget-text-editor\" data-id=\"778e591\" data-element_type=\"widget\" data-e-type=\"widget\" data-widget_type=\"text-editor.default\">\n\t\t\t\t\t\t\t\t\t<p>Routes de Denges, 28F<br>1027 Lonay (Suisse)<\/p><p>T\u00e9l\u00e9phone : +41 21 801 83 42<\/p><p>E-mail : <a href=\"mailto:info@smartswiss%20systems.com\">info@smartswiss systems.com<\/a><\/p><p>Web : <a href=\"https:\/\/www.smartswiss-systems.com\">www.smartswiss-systems.com<\/a><\/p><p><strong>Personnes autoris\u00e9es \u00e0 repr\u00e9senter la soci\u00e9t\u00e9<\/strong><\/p><p>Christian Scholkopf, CEO<\/p><p><strong>Num\u00e9ro d&rsquo;identification de l&rsquo;entreprise (IDE) :<\/strong> CH-236.651.911<\/p><p><strong>Inscription au registre du commerce :<\/strong> Canton de Vaud<\/p><p><strong>N\u00b0 TVA :<\/strong> CH-236.651.911<\/p><p><strong>Exclusion de responsabilit\u00e9<\/strong><\/p><p>SmartSwiss Systems SA ne garantit pas l&rsquo;exactitude, l&rsquo;exhaustivit\u00e9 et l&rsquo;actualit\u00e9 des contenus mis \u00e0 disposition. Toute responsabilit\u00e9 de SmartSwiss Systems SA pour les dommages r\u00e9sultant de l&rsquo;utilisation du site web est exclue, sauf en cas de faute intentionnelle ou de n\u00e9gligence grave av\u00e9r\u00e9e. <\/p><p><strong>Droits d&rsquo;auteur<\/strong><\/p><p>Tous les contenus, images et graphiques de ce site web sont prot\u00e9g\u00e9s par le droit d&rsquo;auteur. L&rsquo;utilisation sans l&rsquo;accord expr\u00e8s de SmartSwiss Systems SA est interdite. <\/p><p> <\/p>\t\t\t\t\t\t\t\t<\/div>\n\t\t\t\t\t<\/div>\n\t\t\t\t<\/div>\n\t\t\t\t<\/div>\n\t\t","protected":false},"excerpt":{"rendered":"<p>Mentions l\u00e9gales SmartSwiss Systems SmartSwiss Systems SA Routes de Denges, 28F1027 Lonay (Suisse) T\u00e9l\u00e9phone : +41 21 801 83 42 E-mail : info@smartswiss systems.com Web : www.smartswiss-systems.com Personnes autoris\u00e9es \u00e0 repr\u00e9senter la soci\u00e9t\u00e9 Christian Scholkopf, CEO Num\u00e9ro d&rsquo;identification de l&rsquo;entreprise (IDE) : CH-236.651.911 Inscription au registre du commerce : Canton de Vaud N\u00b0 TVA : [&hellip;]<\/p>\n","protected":false},"author":1,"featured_media":0,"parent":0,"menu_order":0,"comment_status":"closed","ping_status":"closed","template":"","meta":{"footnotes":""},"class_list":["post-3796","page","type-page","status-publish","hentry"],"_links":{"self":[{"href":"https:\/\/www.smartswiss-systems.com\/fr\/wp-json\/wp\/v2\/pages\/3796","targetHints":{"allow":["GET"]}}],"collection":[{"href":"https:\/\/www.smartswiss-systems.com\/fr\/wp-json\/wp\/v2\/pages"}],"about":[{"href":"https:\/\/www.smartswiss-systems.com\/fr\/wp-json\/wp\/v2\/types\/page"}],"author":[{"embeddable":true,"href":"https:\/\/www.smartswiss-systems.com\/fr\/wp-json\/wp\/v2\/users\/1"}],"replies":[{"embeddable":true,"href":"https:\/\/www.smartswiss-systems.com\/fr\/wp-json\/wp\/v2\/comments?post=3796"}],"version-history":[{"count":1,"href":"https:\/\/www.smartswiss-systems.com\/fr\/wp-json\/wp\/v2\/pages\/3796\/revisions"}],"predecessor-version":[{"id":3803,"href":"https:\/\/www.smartswiss-systems.com\/fr\/wp-json\/wp\/v2\/pages\/3796\/revisions\/3803"}],"wp:attachment":[{"href":"https:\/\/www.smartswiss-systems.com\/fr\/wp-json\/wp\/v2\/media?parent=3796"}],"curies":[{"name":"wp","href":"https:\/\/api.w.org\/{rel}","templated":true}]}}