{"id":3504,"date":"2025-09-08T14:12:04","date_gmt":"2025-09-08T12:12:04","guid":{"rendered":"https:\/\/www.smartswiss-systems.com\/service\/"},"modified":"2026-02-05T11:42:20","modified_gmt":"2026-02-05T10:42:20","slug":"service","status":"publish","type":"page","link":"https:\/\/www.smartswiss-systems.com\/fr\/service\/","title":{"rendered":"Service"},"content":{"rendered":"\t\t<div data-elementor-type=\"wp-page\" data-elementor-id=\"3504\" class=\"elementor elementor-3504 elementor-74\" data-elementor-post-type=\"page\">\n\t\t\t\t<div class=\"elementor-element elementor-element-fe0feec e-flex e-con-boxed e-con e-parent\" data-id=\"fe0feec\" data-element_type=\"container\" data-e-type=\"container\" data-settings=\"{&quot;background_background&quot;:&quot;classic&quot;}\">\n\t\t\t\t\t<div class=\"e-con-inner\">\n\t\t\t\t<div class=\"elementor-element elementor-element-be9ab13 elementor-widget elementor-widget-heading\" data-id=\"be9ab13\" data-element_type=\"widget\" data-e-type=\"widget\" data-widget_type=\"heading.default\">\n\t\t\t\t\t<h2 class=\"elementor-heading-title elementor-size-default\">SmartSwiss Systems<\/h2>\t\t\t\t<\/div>\n\t\t\t\t<div class=\"elementor-element elementor-element-5a7f675 elementor-widget__width-inherit elementor-widget-divider--view-line elementor-widget elementor-widget-divider\" data-id=\"5a7f675\" data-element_type=\"widget\" data-e-type=\"widget\" data-widget_type=\"divider.default\">\n\t\t\t\t\t\t\t<div class=\"elementor-divider\">\n\t\t\t<span class=\"elementor-divider-separator\">\n\t\t\t\t\t\t<\/span>\n\t\t<\/div>\n\t\t\t\t\t\t<\/div>\n\t\t\t\t<div class=\"elementor-element elementor-element-3d0b119 elementor-widget elementor-widget-text-editor\" data-id=\"3d0b119\" data-element_type=\"widget\" data-e-type=\"widget\" data-widget_type=\"text-editor.default\">\n\t\t\t\t\t\t\t\t\t<p>Toujours l\u00e0 pour vous<\/p>\t\t\t\t\t\t\t\t<\/div>\n\t\t\t\t\t<\/div>\n\t\t\t\t<\/div>\n\t\t<div class=\"elementor-element elementor-element-6ae7123 e-con-full e-flex e-con e-parent\" data-id=\"6ae7123\" data-element_type=\"container\" data-e-type=\"container\">\n\t\t<div class=\"elementor-element elementor-element-0524de9 e-con-full left-padding e-flex e-con e-child\" data-id=\"0524de9\" data-element_type=\"container\" data-e-type=\"container\">\n\t\t\t\t<div class=\"elementor-element elementor-element-90ff1eb multicolor-title light elementor-widget elementor-widget-heading\" data-id=\"90ff1eb\" data-element_type=\"widget\" data-e-type=\"widget\" data-widget_type=\"heading.default\">\n\t\t\t\t\t<h2 class=\"elementor-heading-title elementor-size-default\"><em>Expert en <\/em>communication critique<\/h2>\t\t\t\t<\/div>\n\t\t\t\t<div class=\"elementor-element elementor-element-5b5d4a2 elementor-widget__width-inherit elementor-widget-divider--view-line elementor-widget elementor-widget-divider\" data-id=\"5b5d4a2\" data-element_type=\"widget\" data-e-type=\"widget\" data-widget_type=\"divider.default\">\n\t\t\t\t\t\t\t<div class=\"elementor-divider\">\n\t\t\t<span class=\"elementor-divider-separator\">\n\t\t\t\t\t\t<\/span>\n\t\t<\/div>\n\t\t\t\t\t\t<\/div>\n\t\t\t\t<div class=\"elementor-element elementor-element-23e3718 elementor-widget elementor-widget-text-editor\" data-id=\"23e3718\" data-element_type=\"widget\" data-e-type=\"widget\" data-widget_type=\"text-editor.default\">\n\t\t\t\t\t\t\t\t\t<p><strong>SmartSwiss Systems SA<\/strong> r\u00e9alise, dans le cadre de ses projets, des analyses d\u00e9taill\u00e9es des exigences en mati\u00e8re de communication s\u00e9curis\u00e9e et prend en charge tous les services pour la mise en \u0153uvre contr\u00f4l\u00e9e d&rsquo;une solution de communication globale.<\/p><p>L&rsquo;int\u00e9gration de technologies innovantes n\u00e9cessite une m\u00e9thodologie adapt\u00e9e, une connaissance approfondie des m\u00e9thodes de transmission modernes ainsi qu&rsquo;un \u00e9change d&rsquo;exp\u00e9riences avec les principaux partenaires du march\u00e9.<\/p>\t\t\t\t\t\t\t\t<\/div>\n\t\t\t\t<\/div>\n\t\t<div class=\"elementor-element elementor-element-de051c8 e-con-full e-flex e-con e-child\" data-id=\"de051c8\" data-element_type=\"container\" data-e-type=\"container\">\n\t\t\t\t<div class=\"elementor-element elementor-element-780989a solution-carousel elementor-pagination-type-bullets elementor-pagination-position-outside elementor-widget elementor-widget-n-carousel\" data-id=\"780989a\" data-element_type=\"widget\" data-e-type=\"widget\" data-settings=\"{&quot;carousel_items&quot;:[{&quot;slide_title&quot;:&quot;Slide #1&quot;,&quot;_id&quot;:&quot;ade7bcc&quot;}],&quot;slides_to_show&quot;:&quot;2&quot;,&quot;slides_to_scroll&quot;:&quot;1&quot;,&quot;offset_sides&quot;:&quot;right&quot;,&quot;offset_width&quot;:{&quot;unit&quot;:&quot;px&quot;,&quot;size&quot;:250,&quot;sizes&quot;:[]},&quot;image_spacing_custom&quot;:{&quot;unit&quot;:&quot;px&quot;,&quot;size&quot;:20,&quot;sizes&quot;:[]},&quot;offset_width_tablet&quot;:{&quot;unit&quot;:&quot;px&quot;,&quot;size&quot;:0,&quot;sizes&quot;:[]},&quot;offset_width_mobile&quot;:{&quot;unit&quot;:&quot;px&quot;,&quot;size&quot;:0,&quot;sizes&quot;:[]},&quot;slides_to_show_tablet&quot;:&quot;2&quot;,&quot;slides_to_show_mobile&quot;:&quot;1&quot;,&quot;autoplay&quot;:&quot;yes&quot;,&quot;autoplay_speed&quot;:5000,&quot;pause_on_hover&quot;:&quot;yes&quot;,&quot;pause_on_interaction&quot;:&quot;yes&quot;,&quot;infinite&quot;:&quot;yes&quot;,&quot;speed&quot;:500,&quot;pagination&quot;:&quot;bullets&quot;,&quot;image_spacing_custom_tablet&quot;:{&quot;unit&quot;:&quot;px&quot;,&quot;size&quot;:&quot;&quot;,&quot;sizes&quot;:[]},&quot;image_spacing_custom_mobile&quot;:{&quot;unit&quot;:&quot;px&quot;,&quot;size&quot;:&quot;&quot;,&quot;sizes&quot;:[]}}\" data-widget_type=\"nested-carousel.default\">\n\t\t\t\t\t\t\t<div class=\"e-n-carousel swiper\" role=\"region\" aria-roledescription=\"carousel\" aria-label=\"Carousel\" dir=\"ltr\">\n\t\t\t<div class=\"swiper-wrapper\" aria-live=\"off\">\n\t\t\t\t\t\t\t\t\t\t<div class=\"swiper-slide\" data-slide=\"1\" role=\"group\" aria-roledescription=\"slide\" aria-label=\"1 sur 1\">\n\t\t\t\t\t\t\t<div class=\"elementor-element elementor-element-54ad984 e-flex e-con-boxed e-con e-child\" data-id=\"54ad984\" data-element_type=\"container\" data-e-type=\"container\">\n\t\t\t\t\t<div class=\"e-con-inner\">\n\t\t\t\t<div class=\"elementor-element elementor-element-2dbcda4 elementor-widget elementor-widget-image\" data-id=\"2dbcda4\" data-element_type=\"widget\" data-e-type=\"widget\" data-widget_type=\"image.default\">\n\t\t\t\t\t\t\t\t\t\t\t\t\t\t\t<img fetchpriority=\"high\" decoding=\"async\" width=\"756\" height=\"301\" src=\"https:\/\/www.smartswiss-systems.com\/wp-content\/uploads\/2025\/10\/service1.jpg\" class=\"attachment-large size-large wp-image-3505\" alt=\"\" srcset=\"https:\/\/www.smartswiss-systems.com\/wp-content\/uploads\/2025\/10\/service1.jpg 756w, https:\/\/www.smartswiss-systems.com\/wp-content\/uploads\/2025\/10\/service1-300x119.jpg 300w, https:\/\/www.smartswiss-systems.com\/wp-content\/uploads\/2025\/10\/service1-600x239.jpg 600w\" sizes=\"(max-width: 756px) 100vw, 756px\" \/>\t\t\t\t\t\t\t\t\t\t\t\t\t\t\t<\/div>\n\t\t\t\t\t<\/div>\n\t\t\t\t<\/div>\n\t\t\t\t\t\t\t\t<\/div>\n\t\t\t\t\t\t\t\t<\/div>\n\t\t<\/div>\n\t\t\t\t\t\t<\/div>\n\t\t\t\t<\/div>\n\t\t\t\t<\/div>\n\t\t<div class=\"elementor-element elementor-element-f14c5b5 e-flex e-con-boxed e-con e-parent\" data-id=\"f14c5b5\" data-element_type=\"container\" data-e-type=\"container\" data-settings=\"{&quot;background_background&quot;:&quot;classic&quot;}\">\n\t\t\t\t\t<div class=\"e-con-inner\">\n\t\t\t\t<div class=\"elementor-element elementor-element-8475c2a elementor-widget__width-inherit multicolor-title light elementor-widget elementor-widget-heading\" data-id=\"8475c2a\" data-element_type=\"widget\" data-e-type=\"widget\" data-widget_type=\"heading.default\">\n\t\t\t\t\t<h1 class=\"elementor-heading-title elementor-size-default\"><i>Analyses de couverture r\u00e9seau<\/i><br>APCO25 \u00b7 DMR \u00b7 TETRA \u00b7 Polycom<\/h1>\t\t\t\t<\/div>\n\t\t\t\t<div class=\"elementor-element elementor-element-380179d elementor-widget__width-inherit double-divider right elementor-widget-divider--view-line elementor-widget elementor-widget-divider\" data-id=\"380179d\" data-element_type=\"widget\" data-e-type=\"widget\" data-widget_type=\"divider.default\">\n\t\t\t\t\t\t\t<div class=\"elementor-divider\">\n\t\t\t<span class=\"elementor-divider-separator\">\n\t\t\t\t\t\t<\/span>\n\t\t<\/div>\n\t\t\t\t\t\t<\/div>\n\t\t\t\t\t<\/div>\n\t\t\t\t<\/div>\n\t\t<div class=\"elementor-element elementor-element-7bf9769 product-wrapper full e-flex e-con-boxed e-con e-parent\" data-id=\"7bf9769\" data-element_type=\"container\" data-e-type=\"container\" data-settings=\"{&quot;background_background&quot;:&quot;classic&quot;}\">\n\t\t\t\t\t<div class=\"e-con-inner\">\n\t\t<div class=\"elementor-element elementor-element-aa1d041 e-con-full product-main-page e-flex e-con e-child\" data-id=\"aa1d041\" data-element_type=\"container\" data-e-type=\"container\" data-settings=\"{&quot;background_background&quot;:&quot;classic&quot;}\">\n\t\t<div class=\"elementor-element elementor-element-7f04f71 e-con-full e-flex e-con e-child\" data-id=\"7f04f71\" data-element_type=\"container\" data-e-type=\"container\">\n\t\t\t\t<div class=\"elementor-element elementor-element-c5c3910 elementor-widget elementor-widget-image\" data-id=\"c5c3910\" data-element_type=\"widget\" data-e-type=\"widget\" data-widget_type=\"image.default\">\n\t\t\t\t\t\t\t\t\t\t\t\t\t\t\t<img decoding=\"async\" width=\"800\" height=\"500\" src=\"https:\/\/www.smartswiss-systems.com\/wp-content\/uploads\/2025\/10\/service2.jpg\" class=\"attachment-large size-large wp-image-3506\" alt=\"\" srcset=\"https:\/\/www.smartswiss-systems.com\/wp-content\/uploads\/2025\/10\/service2.jpg 844w, https:\/\/www.smartswiss-systems.com\/wp-content\/uploads\/2025\/10\/service2-300x187.jpg 300w, https:\/\/www.smartswiss-systems.com\/wp-content\/uploads\/2025\/10\/service2-768x480.jpg 768w, https:\/\/www.smartswiss-systems.com\/wp-content\/uploads\/2025\/10\/service2-600x375.jpg 600w\" sizes=\"(max-width: 800px) 100vw, 800px\" \/>\t\t\t\t\t\t\t\t\t\t\t\t\t\t\t<\/div>\n\t\t<div class=\"elementor-element elementor-element-ab17d0c e-con-full e-flex e-con e-child\" data-id=\"ab17d0c\" data-element_type=\"container\" data-e-type=\"container\" data-settings=\"{&quot;background_background&quot;:&quot;classic&quot;}\">\n\t\t\t\t<div class=\"elementor-element elementor-element-2eb31e8 elementor-widget elementor-widget-text-editor\" data-id=\"2eb31e8\" data-element_type=\"widget\" data-e-type=\"widget\" data-widget_type=\"text-editor.default\">\n\t\t\t\t\t\t\t\t\t<p>Les syst\u00e8mes de communication critiques ne sont fiables que si les ondes radio se propagent uniform\u00e9ment, si les puissances d&rsquo;\u00e9mission sont \u00e9quilibr\u00e9es, si le niveau de bruit est aussi faible que possible et si une intensit\u00e9 de champ suffisante est garantie en permanence.<\/p><p>Gr\u00e2ce \u00e0 son expertise et \u00e0 des mesures de terrain pr\u00e9cises, SmartSwiss Systems est en mesure de pr\u00e9dire avec une grande fiabilit\u00e9 aussi bien les zones de couverture fonctionnelles que les zones potentiellement probl\u00e9matiques.<\/p><p>Les analyses permettent en outre de d\u00e9terminer des emplacements optimaux sur des positions strat\u00e9giquement \u00e9lev\u00e9es et d&rsquo;optimiser le nombre de sites radio n\u00e9cessaires sur une zone plus \u00e9tendue.<\/p>\t\t\t\t\t\t\t\t<\/div>\n\t\t\t\t<\/div>\n\t\t\t\t<\/div>\n\t\t<div class=\"elementor-element elementor-element-49f9253 e-con-full e-flex e-con e-child\" data-id=\"49f9253\" data-element_type=\"container\" data-e-type=\"container\">\n\t\t\t\t<div class=\"elementor-element elementor-element-6239945 elementor-widget elementor-widget-heading\" data-id=\"6239945\" data-element_type=\"widget\" data-e-type=\"widget\" data-widget_type=\"heading.default\">\n\t\t\t\t\t<span class=\"elementor-heading-title elementor-size-default\">Points forts en un coup d'\u0153il :<\/span>\t\t\t\t<\/div>\n\t\t\t\t<div class=\"elementor-element elementor-element-c3a2bb3 elementor-widget__width-inherit elementor-widget-divider--view-line elementor-widget elementor-widget-divider\" data-id=\"c3a2bb3\" data-element_type=\"widget\" data-e-type=\"widget\" data-widget_type=\"divider.default\">\n\t\t\t\t\t\t\t<div class=\"elementor-divider\">\n\t\t\t<span class=\"elementor-divider-separator\">\n\t\t\t\t\t\t<\/span>\n\t\t<\/div>\n\t\t\t\t\t\t<\/div>\n\t\t\t\t<div class=\"elementor-element elementor-element-b1e8c5d blue-bullet elementor-widget elementor-widget-text-editor\" data-id=\"b1e8c5d\" data-element_type=\"widget\" data-e-type=\"widget\" data-widget_type=\"text-editor.default\">\n\t\t\t\t\t\t\t\t\t<ul><li><p>Outils de planification professionnels et adapt\u00e9s pour l&rsquo;ext\u00e9rieur et l&rsquo;int\u00e9rieur (radio en champ libre ou en tunnel\/b\u00e2timent)<\/p><\/li><li><p>Instruments de mesure pour l&rsquo;acquisition de champs \u00e9lectromagn\u00e9tiques<\/p><\/li><li><p>Analyses des perturbations et des produits d&rsquo;intermodulation<\/p><\/li><li><p>Choix de la fr\u00e9quence et assistance pour la prise de contact avec l&rsquo;OFCOM<\/p><\/li><li><p>S\u00e9lection de technologies de couplage appropri\u00e9es en fonction de la position de la fr\u00e9quence et des exigences techniques<\/p><\/li><\/ul>\t\t\t\t\t\t\t\t<\/div>\n\t\t\t\t<div class=\"elementor-element elementor-element-2052fae elementor-widget elementor-widget-image\" data-id=\"2052fae\" data-element_type=\"widget\" data-e-type=\"widget\" data-widget_type=\"image.default\">\n\t\t\t\t\t\t\t\t\t\t\t\t\t\t\t<img decoding=\"async\" width=\"788\" height=\"324\" src=\"https:\/\/www.smartswiss-systems.com\/wp-content\/uploads\/2025\/10\/service3.jpg\" class=\"attachment-large size-large wp-image-3507\" alt=\"\" srcset=\"https:\/\/www.smartswiss-systems.com\/wp-content\/uploads\/2025\/10\/service3.jpg 788w, https:\/\/www.smartswiss-systems.com\/wp-content\/uploads\/2025\/10\/service3-300x123.jpg 300w, https:\/\/www.smartswiss-systems.com\/wp-content\/uploads\/2025\/10\/service3-768x316.jpg 768w, https:\/\/www.smartswiss-systems.com\/wp-content\/uploads\/2025\/10\/service3-600x247.jpg 600w\" sizes=\"(max-width: 788px) 100vw, 788px\" \/>\t\t\t\t\t\t\t\t\t\t\t\t\t\t\t<\/div>\n\t\t\t\t<div class=\"elementor-element elementor-element-93487c0 elementor-align-left elementor-widget__width-auto default-button elementor-widget elementor-widget-button\" data-id=\"93487c0\" data-element_type=\"widget\" data-e-type=\"widget\" data-widget_type=\"button.default\">\n\t\t\t\t\t\t\t\t\t\t<a class=\"elementor-button elementor-button-link elementor-size-sm\" href=\"https:\/\/www.smartswiss-systems.com\/fr\/contact\/\">\n\t\t\t\t\t\t<span class=\"elementor-button-content-wrapper\">\n\t\t\t\t\t\t<span class=\"elementor-button-icon\">\n\t\t\t\t<svg xmlns=\"http:\/\/www.w3.org\/2000\/svg\" id=\"Icons\" viewBox=\"0 0 512 512\"><path d=\"M323.88,172.12c8.84,0,16,7.16,16,16v113.14c0,4.42-1.79,8.42-4.68,11.31s-6.9,4.68-11.31,4.68c-8.84,0-16-7.16-16-16v-74.51l-108.45,108.45c-6.25,6.25-16.37,6.25-22.63,0-6.25-6.25-6.25-16.38,0-22.63l108.45-108.45h-74.51c-8.84,0-16-7.16-16-16,0-8.84,7.16-16,16-16h113.14Z\"><\/path><\/svg>\t\t\t<\/span>\n\t\t\t\t\t\t\t\t\t<span class=\"elementor-button-text\">Contact<\/span>\n\t\t\t\t\t<\/span>\n\t\t\t\t\t<\/a>\n\t\t\t\t\t\t\t\t<\/div>\n\t\t\t\t<\/div>\n\t\t\t\t<\/div>\n\t\t\t\t\t<\/div>\n\t\t\t\t<\/div>\n\t\t<div class=\"elementor-element elementor-element-3073b96 e-flex e-con-boxed e-con e-parent\" data-id=\"3073b96\" data-element_type=\"container\" data-e-type=\"container\" data-settings=\"{&quot;background_background&quot;:&quot;classic&quot;}\">\n\t\t\t\t\t<div class=\"e-con-inner\">\n\t\t\t\t<div class=\"elementor-element elementor-element-ddc5206 elementor-widget__width-inherit multicolor-title light elementor-widget elementor-widget-heading\" data-id=\"ddc5206\" data-element_type=\"widget\" data-e-type=\"widget\" data-widget_type=\"heading.default\">\n\t\t\t\t\t<h1 class=\"elementor-heading-title elementor-size-default\"><i>Gestion de projet pour<\/i><br>les r\u00e9seaux de communication critiques<\/h1>\t\t\t\t<\/div>\n\t\t\t\t<div class=\"elementor-element elementor-element-9d2ee47 elementor-widget__width-inherit double-divider right elementor-widget-divider--view-line elementor-widget elementor-widget-divider\" data-id=\"9d2ee47\" data-element_type=\"widget\" data-e-type=\"widget\" data-widget_type=\"divider.default\">\n\t\t\t\t\t\t\t<div class=\"elementor-divider\">\n\t\t\t<span class=\"elementor-divider-separator\">\n\t\t\t\t\t\t<\/span>\n\t\t<\/div>\n\t\t\t\t\t\t<\/div>\n\t\t\t\t\t<\/div>\n\t\t\t\t<\/div>\n\t\t<div class=\"elementor-element elementor-element-334b2dd product-wrapper full e-flex e-con-boxed e-con e-parent\" data-id=\"334b2dd\" data-element_type=\"container\" data-e-type=\"container\" data-settings=\"{&quot;background_background&quot;:&quot;classic&quot;}\">\n\t\t\t\t\t<div class=\"e-con-inner\">\n\t\t<div class=\"elementor-element elementor-element-c00fabd e-con-full product-main-page e-flex e-con e-child\" data-id=\"c00fabd\" data-element_type=\"container\" data-e-type=\"container\" data-settings=\"{&quot;background_background&quot;:&quot;classic&quot;}\">\n\t\t<div class=\"elementor-element elementor-element-9e74098 e-con-full e-flex e-con e-child\" data-id=\"9e74098\" data-element_type=\"container\" data-e-type=\"container\">\n\t\t\t\t<div class=\"elementor-element elementor-element-c90e637 elementor-widget elementor-widget-image\" data-id=\"c90e637\" data-element_type=\"widget\" data-e-type=\"widget\" data-widget_type=\"image.default\">\n\t\t\t\t\t\t\t\t\t\t\t\t\t\t\t<img loading=\"lazy\" decoding=\"async\" width=\"800\" height=\"521\" src=\"https:\/\/www.smartswiss-systems.com\/wp-content\/uploads\/2025\/10\/service4-1024x667.jpg\" class=\"attachment-large size-large wp-image-3508\" alt=\"\" srcset=\"https:\/\/www.smartswiss-systems.com\/wp-content\/uploads\/2025\/10\/service4-1024x667.jpg 1024w, https:\/\/www.smartswiss-systems.com\/wp-content\/uploads\/2025\/10\/service4-300x195.jpg 300w, https:\/\/www.smartswiss-systems.com\/wp-content\/uploads\/2025\/10\/service4-768x500.jpg 768w, https:\/\/www.smartswiss-systems.com\/wp-content\/uploads\/2025\/10\/service4-1536x1000.jpg 1536w, https:\/\/www.smartswiss-systems.com\/wp-content\/uploads\/2025\/10\/service4-600x391.jpg 600w, https:\/\/www.smartswiss-systems.com\/wp-content\/uploads\/2025\/10\/service4.jpg 1920w\" sizes=\"(max-width: 800px) 100vw, 800px\" \/>\t\t\t\t\t\t\t\t\t\t\t\t\t\t\t<\/div>\n\t\t<div class=\"elementor-element elementor-element-f673795 e-con-full e-flex e-con e-child\" data-id=\"f673795\" data-element_type=\"container\" data-e-type=\"container\" data-settings=\"{&quot;background_background&quot;:&quot;classic&quot;}\">\n\t\t\t\t<div class=\"elementor-element elementor-element-e72689f elementor-widget elementor-widget-text-editor\" data-id=\"e72689f\" data-element_type=\"widget\" data-e-type=\"widget\" data-widget_type=\"text-editor.default\">\n\t\t\t\t\t\t\t\t\t<p>La r\u00e9alisation r\u00e9ussie de projets dans le domaine de la communication critique n\u00e9cessite une approche syst\u00e9matique bas\u00e9e sur des sous-syst\u00e8mes clairement d\u00e9finis. Cela permet de garantir que tous les objectifs du projet sont respect\u00e9s et que les exigences d\u00e9finies sont enti\u00e8rement satisfaites. <\/p><p><strong>Une m\u00e9thodologie \u00e9prouv\u00e9e est la base d&rsquo;un succ\u00e8s durable du projet.<\/strong><\/p>\t\t\t\t\t\t\t\t<\/div>\n\t\t\t\t<\/div>\n\t\t\t\t<\/div>\n\t\t<div class=\"elementor-element elementor-element-9fe44be e-con-full e-flex e-con e-child\" data-id=\"9fe44be\" data-element_type=\"container\" data-e-type=\"container\">\n\t\t\t\t<div class=\"elementor-element elementor-element-bd5b302 elementor-widget elementor-widget-heading\" data-id=\"bd5b302\" data-element_type=\"widget\" data-e-type=\"widget\" data-widget_type=\"heading.default\">\n\t\t\t\t\t<span class=\"elementor-heading-title elementor-size-default\">Points forts dans la gestion de projet<\/span>\t\t\t\t<\/div>\n\t\t\t\t<div class=\"elementor-element elementor-element-13e0e41 elementor-widget__width-inherit elementor-widget-divider--view-line elementor-widget elementor-widget-divider\" data-id=\"13e0e41\" data-element_type=\"widget\" data-e-type=\"widget\" data-widget_type=\"divider.default\">\n\t\t\t\t\t\t\t<div class=\"elementor-divider\">\n\t\t\t<span class=\"elementor-divider-separator\">\n\t\t\t\t\t\t<\/span>\n\t\t<\/div>\n\t\t\t\t\t\t<\/div>\n\t\t\t\t<div class=\"elementor-element elementor-element-0154095 blue-bullet elementor-widget elementor-widget-text-editor\" data-id=\"0154095\" data-element_type=\"widget\" data-e-type=\"widget\" data-widget_type=\"text-editor.default\">\n\t\t\t\t\t\t\t\t\t<ul><li><p>M\u00e9thodologie de gestion de projet pour les grands projets<\/p><\/li><li>Organisation et coordination d&rsquo;\u00e9quipes et de partenaires<\/li><li>Introduction d&rsquo;une gestion structur\u00e9e des documents<\/li><li>Mise en \u0153uvre d&rsquo;outils de reporting<\/li><li>Planification de projet et suivi financier<\/li><li>Int\u00e9gration, qualification et validation des solutions<\/li><li>Gestion de la configuration et administration des objets de livraison<\/li><li>Concepts de maintenance pour les interventions pr\u00e9ventives et correctives<\/li><\/ul>\t\t\t\t\t\t\t\t<\/div>\n\t\t\t\t<div class=\"elementor-element elementor-element-dd3b3d5 elementor-widget elementor-widget-image\" data-id=\"dd3b3d5\" data-element_type=\"widget\" data-e-type=\"widget\" data-widget_type=\"image.default\">\n\t\t\t\t\t\t\t\t\t\t\t\t\t\t\t<img decoding=\"async\" width=\"788\" height=\"324\" src=\"https:\/\/www.smartswiss-systems.com\/wp-content\/uploads\/2025\/10\/service3.jpg\" class=\"attachment-large size-large wp-image-3507\" alt=\"\" srcset=\"https:\/\/www.smartswiss-systems.com\/wp-content\/uploads\/2025\/10\/service3.jpg 788w, https:\/\/www.smartswiss-systems.com\/wp-content\/uploads\/2025\/10\/service3-300x123.jpg 300w, https:\/\/www.smartswiss-systems.com\/wp-content\/uploads\/2025\/10\/service3-768x316.jpg 768w, https:\/\/www.smartswiss-systems.com\/wp-content\/uploads\/2025\/10\/service3-600x247.jpg 600w\" sizes=\"(max-width: 788px) 100vw, 788px\" \/>\t\t\t\t\t\t\t\t\t\t\t\t\t\t\t<\/div>\n\t\t\t\t<div class=\"elementor-element elementor-element-778fe7a elementor-align-left elementor-widget__width-auto default-button elementor-widget elementor-widget-button\" data-id=\"778fe7a\" data-element_type=\"widget\" data-e-type=\"widget\" data-widget_type=\"button.default\">\n\t\t\t\t\t\t\t\t\t\t<a class=\"elementor-button elementor-button-link elementor-size-sm\" href=\"https:\/\/www.smartswiss-systems.com\/fr\/contact\/\">\n\t\t\t\t\t\t<span class=\"elementor-button-content-wrapper\">\n\t\t\t\t\t\t<span class=\"elementor-button-icon\">\n\t\t\t\t<svg xmlns=\"http:\/\/www.w3.org\/2000\/svg\" id=\"Icons\" viewBox=\"0 0 512 512\"><path d=\"M323.88,172.12c8.84,0,16,7.16,16,16v113.14c0,4.42-1.79,8.42-4.68,11.31s-6.9,4.68-11.31,4.68c-8.84,0-16-7.16-16-16v-74.51l-108.45,108.45c-6.25,6.25-16.37,6.25-22.63,0-6.25-6.25-6.25-16.38,0-22.63l108.45-108.45h-74.51c-8.84,0-16-7.16-16-16,0-8.84,7.16-16,16-16h113.14Z\"><\/path><\/svg>\t\t\t<\/span>\n\t\t\t\t\t\t\t\t\t<span class=\"elementor-button-text\">Contact<\/span>\n\t\t\t\t\t<\/span>\n\t\t\t\t\t<\/a>\n\t\t\t\t\t\t\t\t<\/div>\n\t\t\t\t<\/div>\n\t\t\t\t<\/div>\n\t\t\t\t\t<\/div>\n\t\t\t\t<\/div>\n\t\t\t\t<\/div>\n\t\t","protected":false},"excerpt":{"rendered":"<p>SmartSwiss Systems Toujours l\u00e0 pour vous Expert en communication critique SmartSwiss Systems SA r\u00e9alise, dans le cadre de ses projets, des analyses d\u00e9taill\u00e9es des exigences en mati\u00e8re de communication s\u00e9curis\u00e9e et prend en charge tous les services pour la mise en \u0153uvre contr\u00f4l\u00e9e d&rsquo;une solution de communication globale. L&rsquo;int\u00e9gration de technologies innovantes n\u00e9cessite une m\u00e9thodologie [&hellip;]<\/p>\n","protected":false},"author":1,"featured_media":0,"parent":0,"menu_order":0,"comment_status":"closed","ping_status":"closed","template":"","meta":{"footnotes":""},"class_list":["post-3504","page","type-page","status-publish","hentry"],"_links":{"self":[{"href":"https:\/\/www.smartswiss-systems.com\/fr\/wp-json\/wp\/v2\/pages\/3504","targetHints":{"allow":["GET"]}}],"collection":[{"href":"https:\/\/www.smartswiss-systems.com\/fr\/wp-json\/wp\/v2\/pages"}],"about":[{"href":"https:\/\/www.smartswiss-systems.com\/fr\/wp-json\/wp\/v2\/types\/page"}],"author":[{"embeddable":true,"href":"https:\/\/www.smartswiss-systems.com\/fr\/wp-json\/wp\/v2\/users\/1"}],"replies":[{"embeddable":true,"href":"https:\/\/www.smartswiss-systems.com\/fr\/wp-json\/wp\/v2\/comments?post=3504"}],"version-history":[{"count":2,"href":"https:\/\/www.smartswiss-systems.com\/fr\/wp-json\/wp\/v2\/pages\/3504\/revisions"}],"predecessor-version":[{"id":5760,"href":"https:\/\/www.smartswiss-systems.com\/fr\/wp-json\/wp\/v2\/pages\/3504\/revisions\/5760"}],"wp:attachment":[{"href":"https:\/\/www.smartswiss-systems.com\/fr\/wp-json\/wp\/v2\/media?parent=3504"}],"curies":[{"name":"wp","href":"https:\/\/api.w.org\/{rel}","templated":true}]}}