{"id":3385,"date":"2025-09-08T14:11:56","date_gmt":"2025-09-08T12:11:56","guid":{"rendered":"https:\/\/www.smartswiss-systems.com\/a-propos-de-nous\/"},"modified":"2025-12-03T09:45:53","modified_gmt":"2025-12-03T08:45:53","slug":"a-propos-de-nous","status":"publish","type":"page","link":"https:\/\/www.smartswiss-systems.com\/fr\/a-propos-de-nous\/","title":{"rendered":"\u00c0 propos de nous"},"content":{"rendered":"\t\t<div data-elementor-type=\"wp-post\" data-elementor-id=\"3385\" class=\"elementor elementor-3385 elementor-8\" data-elementor-post-type=\"page\">\n\t\t\t\t<div class=\"elementor-element elementor-element-450e625 e-flex e-con-boxed e-con e-parent\" data-id=\"450e625\" data-element_type=\"container\" data-e-type=\"container\" data-settings=\"{&quot;background_background&quot;:&quot;classic&quot;}\">\n\t\t\t\t\t<div class=\"e-con-inner\">\n\t\t\t\t<div class=\"elementor-element elementor-element-1ecbbda elementor-widget elementor-widget-heading\" data-id=\"1ecbbda\" data-element_type=\"widget\" data-e-type=\"widget\" data-widget_type=\"heading.default\">\n\t\t\t\t\t<h2 class=\"elementor-heading-title elementor-size-default\">SmartSwiss Systems SA<\/h2>\t\t\t\t<\/div>\n\t\t\t\t<div class=\"elementor-element elementor-element-d0f7891 elementor-widget__width-inherit elementor-widget-divider--view-line elementor-widget elementor-widget-divider\" data-id=\"d0f7891\" data-element_type=\"widget\" data-e-type=\"widget\" data-widget_type=\"divider.default\">\n\t\t\t\t\t\t\t<div class=\"elementor-divider\">\n\t\t\t<span class=\"elementor-divider-separator\">\n\t\t\t\t\t\t<\/span>\n\t\t<\/div>\n\t\t\t\t\t\t<\/div>\n\t\t\t\t<div class=\"elementor-element elementor-element-c70c181 elementor-widget elementor-widget-text-editor\" data-id=\"c70c181\" data-element_type=\"widget\" data-e-type=\"widget\" data-widget_type=\"text-editor.default\">\n\t\t\t\t\t\t\t\t\t<p style=\"text-align: center;\">Solutions de communication pour les missions de s\u00e9curit\u00e9 critiques<\/p>\t\t\t\t\t\t\t\t<\/div>\n\t\t\t\t\t<\/div>\n\t\t\t\t<\/div>\n\t\t<div class=\"elementor-element elementor-element-b461dc6 e-con-full e-flex e-con e-parent\" data-id=\"b461dc6\" data-element_type=\"container\" data-e-type=\"container\">\n\t\t<div class=\"elementor-element elementor-element-e120158 e-con-full left-padding e-flex e-con e-child\" data-id=\"e120158\" data-element_type=\"container\" data-e-type=\"container\">\n\t\t\t\t<div class=\"elementor-element elementor-element-f4f5811 multicolor-title light elementor-widget elementor-widget-heading\" data-id=\"f4f5811\" data-element_type=\"widget\" data-e-type=\"widget\" data-widget_type=\"heading.default\">\n\t\t\t\t\t<h2 class=\"elementor-heading-title elementor-size-default\">\u00c0 propos de nous<\/h2>\t\t\t\t<\/div>\n\t\t\t\t<div class=\"elementor-element elementor-element-58e1564 elementor-widget__width-inherit elementor-widget-divider--view-line elementor-widget elementor-widget-divider\" data-id=\"58e1564\" data-element_type=\"widget\" data-e-type=\"widget\" data-widget_type=\"divider.default\">\n\t\t\t\t\t\t\t<div class=\"elementor-divider\">\n\t\t\t<span class=\"elementor-divider-separator\">\n\t\t\t\t\t\t<\/span>\n\t\t<\/div>\n\t\t\t\t\t\t<\/div>\n\t\t\t\t<div class=\"elementor-element elementor-element-e992228 elementor-widget elementor-widget-text-editor\" data-id=\"e992228\" data-element_type=\"widget\" data-e-type=\"widget\" data-widget_type=\"text-editor.default\">\n\t\t\t\t\t\t\t\t\t<p>SmartSwiss Systems SA a \u00e9t\u00e9 fond\u00e9e en 2022 \u00e0 Lonay (VD) et se concentre sur l&rsquo;int\u00e9gration, l&rsquo;accompagnement et la fourniture de technologies pour les communications de s\u00e9curit\u00e9 critiques.<\/p><p>Nous soutenons les autorit\u00e9s et organisations charg\u00e9es des missions de s\u00e9curit\u00e9 (AOMS), les forces d&rsquo;intervention et l&rsquo;arm\u00e9e en mettant \u00e0 disposition des syst\u00e8mes de communication modernes en Suisse.<\/p><p>Nous travaillons en \u00e9troite collaboration avec des partenaires technologiques internationaux de premier plan et proposons des solutions qui r\u00e9sistent aux conditions les plus exigeantes. Qu&rsquo;il s&rsquo;agisse de solutions d&rsquo;accessoires compatibles Polycom ou d&rsquo;int\u00e9grations de syst\u00e8mes compl\u00e8tes, nous fournissons des syst\u00e8mes fiables et \u00e9prouv\u00e9s qui sont toujours op\u00e9rationnels, m\u00eame dans des conditions d&rsquo;intervention difficiles.<\/p>\t\t\t\t\t\t\t\t<\/div>\n\t\t\t\t<\/div>\n\t\t<div class=\"elementor-element elementor-element-afe3ebe e-con-full e-flex e-con e-child\" data-id=\"afe3ebe\" data-element_type=\"container\" data-e-type=\"container\">\n\t\t\t\t<div class=\"elementor-element elementor-element-0ae4cb9 solution-carousel elementor-pagination-type-bullets elementor-pagination-position-outside elementor-widget elementor-widget-n-carousel\" data-id=\"0ae4cb9\" data-element_type=\"widget\" data-e-type=\"widget\" data-settings=\"{&quot;carousel_items&quot;:[{&quot;slide_title&quot;:&quot;Slide #1&quot;,&quot;_id&quot;:&quot;ade7bcc&quot;}],&quot;slides_to_show&quot;:&quot;2&quot;,&quot;slides_to_scroll&quot;:&quot;1&quot;,&quot;offset_sides&quot;:&quot;right&quot;,&quot;offset_width&quot;:{&quot;unit&quot;:&quot;px&quot;,&quot;size&quot;:250,&quot;sizes&quot;:[]},&quot;image_spacing_custom&quot;:{&quot;unit&quot;:&quot;px&quot;,&quot;size&quot;:20,&quot;sizes&quot;:[]},&quot;offset_width_tablet&quot;:{&quot;unit&quot;:&quot;px&quot;,&quot;size&quot;:0,&quot;sizes&quot;:[]},&quot;offset_width_mobile&quot;:{&quot;unit&quot;:&quot;px&quot;,&quot;size&quot;:0,&quot;sizes&quot;:[]},&quot;slides_to_show_tablet&quot;:&quot;2&quot;,&quot;slides_to_show_mobile&quot;:&quot;1&quot;,&quot;autoplay&quot;:&quot;yes&quot;,&quot;autoplay_speed&quot;:5000,&quot;pause_on_hover&quot;:&quot;yes&quot;,&quot;pause_on_interaction&quot;:&quot;yes&quot;,&quot;infinite&quot;:&quot;yes&quot;,&quot;speed&quot;:500,&quot;pagination&quot;:&quot;bullets&quot;,&quot;image_spacing_custom_tablet&quot;:{&quot;unit&quot;:&quot;px&quot;,&quot;size&quot;:&quot;&quot;,&quot;sizes&quot;:[]},&quot;image_spacing_custom_mobile&quot;:{&quot;unit&quot;:&quot;px&quot;,&quot;size&quot;:&quot;&quot;,&quot;sizes&quot;:[]}}\" data-widget_type=\"nested-carousel.default\">\n\t\t\t\t\t\t\t<div class=\"e-n-carousel swiper\" role=\"region\" aria-roledescription=\"carousel\" aria-label=\"Carousel\" dir=\"ltr\">\n\t\t\t<div class=\"swiper-wrapper\" aria-live=\"off\">\n\t\t\t\t\t\t\t\t\t\t<div class=\"swiper-slide\" data-slide=\"1\" role=\"group\" aria-roledescription=\"slide\" aria-label=\"1 sur 1\">\n\t\t\t\t\t\t\t<div class=\"elementor-element elementor-element-4a1d30a e-flex e-con-boxed e-con e-child\" data-id=\"4a1d30a\" data-element_type=\"container\" data-e-type=\"container\">\n\t\t\t\t\t<div class=\"e-con-inner\">\n\t\t\t\t<div class=\"elementor-element elementor-element-03fdd29 elementor-widget-mobile__width-inherit elementor-widget elementor-widget-image\" data-id=\"03fdd29\" data-element_type=\"widget\" data-e-type=\"widget\" data-widget_type=\"image.default\">\n\t\t\t\t\t\t\t\t\t\t\t\t\t\t\t<img fetchpriority=\"high\" decoding=\"async\" width=\"800\" height=\"533\" src=\"https:\/\/www.smartswiss-systems.com\/wp-content\/uploads\/2025\/10\/smart_swiss_systems_014-1024x682.jpg\" class=\"attachment-large size-large wp-image-3389\" alt=\"\" srcset=\"https:\/\/www.smartswiss-systems.com\/wp-content\/uploads\/2025\/10\/smart_swiss_systems_014-1024x682.jpg 1024w, https:\/\/www.smartswiss-systems.com\/wp-content\/uploads\/2025\/10\/smart_swiss_systems_014-300x200.jpg 300w, https:\/\/www.smartswiss-systems.com\/wp-content\/uploads\/2025\/10\/smart_swiss_systems_014-768x512.jpg 768w, https:\/\/www.smartswiss-systems.com\/wp-content\/uploads\/2025\/10\/smart_swiss_systems_014-600x400.jpg 600w, https:\/\/www.smartswiss-systems.com\/wp-content\/uploads\/2025\/10\/smart_swiss_systems_014.jpg 1280w\" sizes=\"(max-width: 800px) 100vw, 800px\" \/>\t\t\t\t\t\t\t\t\t\t\t\t\t\t\t<\/div>\n\t\t\t\t\t<\/div>\n\t\t\t\t<\/div>\n\t\t\t\t\t\t\t\t<\/div>\n\t\t\t\t\t\t\t\t<\/div>\n\t\t<\/div>\n\t\t\t\t\t\t<\/div>\n\t\t\t\t<\/div>\n\t\t\t\t<\/div>\n\t\t<div class=\"elementor-element elementor-element-6a7ef90 e-flex e-con-boxed e-con e-parent\" data-id=\"6a7ef90\" data-element_type=\"container\" data-e-type=\"container\" data-settings=\"{&quot;background_background&quot;:&quot;classic&quot;}\">\n\t\t\t\t\t<div class=\"e-con-inner\">\n\t\t\t\t<div class=\"elementor-element elementor-element-7690b10 elementor-widget__width-inherit multicolor-title light uppercase elementor-widget elementor-widget-heading\" data-id=\"7690b10\" data-element_type=\"widget\" data-e-type=\"widget\" data-widget_type=\"heading.default\">\n\t\t\t\t\t<h3 class=\"elementor-heading-title elementor-size-default\"><i>Mission<\/i> et vision\n<\/h3>\t\t\t\t<\/div>\n\t\t\t\t<div class=\"elementor-element elementor-element-74cebf7 elementor-widget__width-inherit elementor-widget-divider--view-line elementor-widget elementor-widget-divider\" data-id=\"74cebf7\" data-element_type=\"widget\" data-e-type=\"widget\" data-widget_type=\"divider.default\">\n\t\t\t\t\t\t\t<div class=\"elementor-divider\">\n\t\t\t<span class=\"elementor-divider-separator\">\n\t\t\t\t\t\t<\/span>\n\t\t<\/div>\n\t\t\t\t\t\t<\/div>\n\t\t\t\t<div class=\"elementor-element elementor-element-7efaf95 elementor-widget elementor-widget-text-editor\" data-id=\"7efaf95\" data-element_type=\"widget\" data-e-type=\"widget\" data-widget_type=\"text-editor.default\">\n\t\t\t\t\t\t\t\t\t<p>Notre mission est de rendre accessibles aux forces d&rsquo;intervention suisses les technologies de communication les plus modernes des principaux fournisseurs mondiaux, de mani\u00e8re fiable, \u00e9volutive et pr\u00eate \u00e0 l&#8217;emploi, m\u00eame dans des conditions extr\u00eames. Nous compl\u00e9tons ces technologies par des solutions d&rsquo;accessoires audio appropri\u00e9es afin de garantir une int\u00e9gration et une facilit\u00e9 d&rsquo;utilisation optimales au niveau des forces d&rsquo;intervention.<\/p><p>Nous combinons notre longue exp\u00e9rience dans le domaine de la s\u00e9curit\u00e9 critique avec une connaissance approfondie des technologies internationales afin de fournir des syst\u00e8mes qui fonctionnent pr\u00e9cis\u00e9ment lorsqu&rsquo;ils sont le plus n\u00e9cessaires. SmartSwiss Systems SA s&rsquo;efforce d&rsquo;\u00eatre le premier choix en Suisse pour les communications critiques et de fournir des solutions technologiques qui r\u00e9pondent aux exigences les plus \u00e9lev\u00e9es et qui fonctionnent de mani\u00e8re fiable \u00e0 tout moment lors des interventions.<\/p><p>Notre vision dans le domaine des communications critiques est de proposer des technologies existantes et innovantes qui permettent une int\u00e9gration transparente avec les syst\u00e8mes futurs, tout en assurant une disponibilit\u00e9 continue et la pr\u00e9servation \u00e0 long terme de l&rsquo;infrastructure de communication.<\/p><p> <\/p>\t\t\t\t\t\t\t\t<\/div>\n\t\t\t\t\t<\/div>\n\t\t\t\t<\/div>\n\t\t<div class=\"elementor-element elementor-element-dcb89ff product-wrapper full e-flex e-con-boxed e-con e-parent\" data-id=\"dcb89ff\" data-element_type=\"container\" data-e-type=\"container\" data-settings=\"{&quot;background_background&quot;:&quot;classic&quot;}\">\n\t\t\t\t\t<div class=\"e-con-inner\">\n\t\t<div class=\"elementor-element elementor-element-29b8b71 e-con-full product-main-page e-flex e-con e-child\" data-id=\"29b8b71\" data-element_type=\"container\" data-e-type=\"container\" data-settings=\"{&quot;background_background&quot;:&quot;classic&quot;}\">\n\t\t<div class=\"elementor-element elementor-element-5160223 e-con-full e-flex e-con e-child\" data-id=\"5160223\" data-element_type=\"container\" data-e-type=\"container\">\n\t\t\t\t<div class=\"elementor-element elementor-element-b7066f7 elementor-widget elementor-widget-image\" data-id=\"b7066f7\" data-element_type=\"widget\" data-e-type=\"widget\" data-widget_type=\"image.default\">\n\t\t\t\t\t\t\t\t\t\t\t\t\t\t\t<img decoding=\"async\" width=\"800\" height=\"533\" src=\"https:\/\/www.smartswiss-systems.com\/wp-content\/uploads\/2025\/10\/smart_swiss_systems_019-1024x682.jpg\" class=\"attachment-large size-large wp-image-3394\" alt=\"\" srcset=\"https:\/\/www.smartswiss-systems.com\/wp-content\/uploads\/2025\/10\/smart_swiss_systems_019-1024x682.jpg 1024w, https:\/\/www.smartswiss-systems.com\/wp-content\/uploads\/2025\/10\/smart_swiss_systems_019-300x200.jpg 300w, https:\/\/www.smartswiss-systems.com\/wp-content\/uploads\/2025\/10\/smart_swiss_systems_019-768x512.jpg 768w, https:\/\/www.smartswiss-systems.com\/wp-content\/uploads\/2025\/10\/smart_swiss_systems_019-600x400.jpg 600w, https:\/\/www.smartswiss-systems.com\/wp-content\/uploads\/2025\/10\/smart_swiss_systems_019.jpg 1280w\" sizes=\"(max-width: 800px) 100vw, 800px\" \/>\t\t\t\t\t\t\t\t\t\t\t\t\t\t\t<\/div>\n\t\t<div class=\"elementor-element elementor-element-2ac9e55 e-con-full e-flex e-con e-child\" data-id=\"2ac9e55\" data-element_type=\"container\" data-e-type=\"container\" data-settings=\"{&quot;background_background&quot;:&quot;classic&quot;}\">\n\t\t\t\t<div class=\"elementor-element elementor-element-6d0e4a5 elementor-widget elementor-widget-heading\" data-id=\"6d0e4a5\" data-element_type=\"widget\" data-e-type=\"widget\" data-widget_type=\"heading.default\">\n\t\t\t\t\t<span class=\"elementor-heading-title elementor-size-default\">Notre \u00e9quipe\n<\/span>\t\t\t\t<\/div>\n\t\t\t\t<div class=\"elementor-element elementor-element-b8fce19 elementor-widget__width-inherit elementor-widget-divider--view-line elementor-widget elementor-widget-divider\" data-id=\"b8fce19\" data-element_type=\"widget\" data-e-type=\"widget\" data-widget_type=\"divider.default\">\n\t\t\t\t\t\t\t<div class=\"elementor-divider\">\n\t\t\t<span class=\"elementor-divider-separator\">\n\t\t\t\t\t\t<\/span>\n\t\t<\/div>\n\t\t\t\t\t\t<\/div>\n\t\t\t\t<div class=\"elementor-element elementor-element-1890b2f elementor-widget elementor-widget-text-editor\" data-id=\"1890b2f\" data-element_type=\"widget\" data-e-type=\"widget\" data-widget_type=\"text-editor.default\">\n\t\t\t\t\t\t\t\t\t<p>SmartSwiss Systems SA est compos\u00e9e d&rsquo;une petite \u00e9quipe hautement sp\u00e9cialis\u00e9e, poss\u00e9dant de nombreuses ann\u00e9es d&rsquo;exp\u00e9rience dans le domaine des communications critiques. Chaque d\u00e9cision, chaque int\u00e9gration de syst\u00e8me et chaque solution est g\u00e9r\u00e9e personnellement afin de garantir une fiabilit\u00e9, une praticabilit\u00e9 et une s\u00e9curit\u00e9 maximales.<\/p><p>De plus, SmartSwiss Systems SA s&rsquo;appuie sur des partenaires strat\u00e9giques reconnus et travaille en \u00e9troite collaboration avec leurs \u00e9quipes d&rsquo;experts. Gr\u00e2ce \u00e0 cette collaboration \u00e9troite et au contact direct avec nos clients, nous nous assurons que nos solutions sont parfaitement adapt\u00e9es aux exigences des autorit\u00e9s, des forces d&rsquo;intervention et de l&rsquo;arm\u00e9e.<\/p>\t\t\t\t\t\t\t\t<\/div>\n\t\t\t\t<\/div>\n\t\t\t\t<\/div>\n\t\t<div class=\"elementor-element elementor-element-09fb0b4 e-con-full e-flex e-con e-child\" data-id=\"09fb0b4\" data-element_type=\"container\" data-e-type=\"container\">\n\t\t\t\t<div class=\"elementor-element elementor-element-6f93973 elementor-widget elementor-widget-heading\" data-id=\"6f93973\" data-element_type=\"widget\" data-e-type=\"widget\" data-widget_type=\"heading.default\">\n\t\t\t\t\t<span class=\"elementor-heading-title elementor-size-default\">Valeurs<\/span>\t\t\t\t<\/div>\n\t\t\t\t<div class=\"elementor-element elementor-element-c0e2c82 elementor-widget__width-inherit elementor-widget-divider--view-line elementor-widget elementor-widget-divider\" data-id=\"c0e2c82\" data-element_type=\"widget\" data-e-type=\"widget\" data-widget_type=\"divider.default\">\n\t\t\t\t\t\t\t<div class=\"elementor-divider\">\n\t\t\t<span class=\"elementor-divider-separator\">\n\t\t\t\t\t\t<\/span>\n\t\t<\/div>\n\t\t\t\t\t\t<\/div>\n\t\t\t\t<div class=\"elementor-element elementor-element-b126377 elementor-widget elementor-widget-text-editor\" data-id=\"b126377\" data-element_type=\"widget\" data-e-type=\"widget\" data-widget_type=\"text-editor.default\">\n\t\t\t\t\t\t\t\t\t<p>Chez SmartSwiss Systems SA, la fiabilit\u00e9, le professionnalisme et l&rsquo;int\u00e9grit\u00e9 sont au c\u0153ur de nos actions. Nos clients sont responsables de t\u00e2ches de la plus haute importance en mati\u00e8re de s\u00e9curit\u00e9. C&rsquo;est pourquoi ils doivent pouvoir se fier \u00e0 100 % aux technologies utilis\u00e9es \u00e0 tout moment.<\/p><p>Nous s\u00e9lectionnons nos solutions avec soin, nous les testons de mani\u00e8re approfondie et nous nous assurons qu&rsquo;elles fonctionnent de mani\u00e8re fiable, m\u00eame dans des conditions extr\u00eames. Nous associons l&rsquo;innovation et la technologie ax\u00e9e sur la pratique \u00e0 un esprit de partenariat et \u00e0 la transparence afin de garantir \u00e0 nos clients la s\u00e9curit\u00e9 et la fiabilit\u00e9 dans chaque situation critique.<\/p>\t\t\t\t\t\t\t\t<\/div>\n\t\t\t\t<div class=\"elementor-element elementor-element-68d0847 elementor-widget elementor-widget-image\" data-id=\"68d0847\" data-element_type=\"widget\" data-e-type=\"widget\" data-widget_type=\"image.default\">\n\t\t\t\t\t\t\t\t\t\t\t\t\t\t\t<img decoding=\"async\" width=\"800\" height=\"466\" src=\"https:\/\/www.smartswiss-systems.com\/wp-content\/uploads\/2025\/10\/smart_swiss_systems_0110-1024x596.jpg\" class=\"attachment-large size-large wp-image-3395\" alt=\"\" srcset=\"https:\/\/www.smartswiss-systems.com\/wp-content\/uploads\/2025\/10\/smart_swiss_systems_0110-1024x596.jpg 1024w, https:\/\/www.smartswiss-systems.com\/wp-content\/uploads\/2025\/10\/smart_swiss_systems_0110-300x175.jpg 300w, https:\/\/www.smartswiss-systems.com\/wp-content\/uploads\/2025\/10\/smart_swiss_systems_0110-768x447.jpg 768w, https:\/\/www.smartswiss-systems.com\/wp-content\/uploads\/2025\/10\/smart_swiss_systems_0110-600x349.jpg 600w, https:\/\/www.smartswiss-systems.com\/wp-content\/uploads\/2025\/10\/smart_swiss_systems_0110.jpg 1280w\" sizes=\"(max-width: 800px) 100vw, 800px\" \/>\t\t\t\t\t\t\t\t\t\t\t\t\t\t\t<\/div>\n\t\t\t\t<\/div>\n\t\t\t\t<\/div>\n\t\t\t\t\t<\/div>\n\t\t\t\t<\/div>\n\t\t\t\t<\/div>\n\t\t","protected":false},"excerpt":{"rendered":"<p>SmartSwiss Systems SA Solutions de communication pour les missions de s\u00e9curit\u00e9 critiques \u00c0 propos de nous SmartSwiss Systems SA a \u00e9t\u00e9 fond\u00e9e en 2022 \u00e0 Lonay (VD) et se concentre sur l&rsquo;int\u00e9gration, l&rsquo;accompagnement et la fourniture de technologies pour les communications de s\u00e9curit\u00e9 critiques. Nous soutenons les autorit\u00e9s et organisations charg\u00e9es des missions de s\u00e9curit\u00e9 [&hellip;]<\/p>\n","protected":false},"author":1,"featured_media":0,"parent":0,"menu_order":0,"comment_status":"closed","ping_status":"closed","template":"","meta":{"footnotes":""},"class_list":["post-3385","page","type-page","status-publish","hentry"],"_links":{"self":[{"href":"https:\/\/www.smartswiss-systems.com\/fr\/wp-json\/wp\/v2\/pages\/3385","targetHints":{"allow":["GET"]}}],"collection":[{"href":"https:\/\/www.smartswiss-systems.com\/fr\/wp-json\/wp\/v2\/pages"}],"about":[{"href":"https:\/\/www.smartswiss-systems.com\/fr\/wp-json\/wp\/v2\/types\/page"}],"author":[{"embeddable":true,"href":"https:\/\/www.smartswiss-systems.com\/fr\/wp-json\/wp\/v2\/users\/1"}],"replies":[{"embeddable":true,"href":"https:\/\/www.smartswiss-systems.com\/fr\/wp-json\/wp\/v2\/comments?post=3385"}],"version-history":[{"count":1,"href":"https:\/\/www.smartswiss-systems.com\/fr\/wp-json\/wp\/v2\/pages\/3385\/revisions"}],"predecessor-version":[{"id":3398,"href":"https:\/\/www.smartswiss-systems.com\/fr\/wp-json\/wp\/v2\/pages\/3385\/revisions\/3398"}],"wp:attachment":[{"href":"https:\/\/www.smartswiss-systems.com\/fr\/wp-json\/wp\/v2\/media?parent=3385"}],"curies":[{"name":"wp","href":"https:\/\/api.w.org\/{rel}","templated":true}]}}